{"id":56242,"date":"2024-10-27T10:05:43","date_gmt":"2024-10-27T09:05:43","guid":{"rendered":"https:\/\/www.lespaillettesvertes.ch\/produit\/trio-anti-leck-edelstahl-gesunde-und-nachhaltige-mahlzeit\/"},"modified":"2025-12-01T08:54:57","modified_gmt":"2025-12-01T07:54:57","slug":"trio-anti-leck-edelstahl-gesunde-und-nachhaltige-mahlzeit","status":"publish","type":"product","link":"https:\/\/www.lespaillettesvertes.ch\/de\/produit\/trio-anti-leck-edelstahl-gesunde-und-nachhaltige-mahlzeit\/","title":{"rendered":"Trio Anti-Leck Edelstahl &#8211; Gesunde und nachhaltige Mahlzeit"},"content":{"rendered":"<h2 data-start=\"116\" data-end=\"176\">Trio Anti-Leck Inox &#8211; Praktische, luftdichte Beh\u00e4lter<\/h2>\n<h2 data-start=\"178\" data-end=\"248\">Ein Trio von auslaufsicheren Dosen aus Edelstahl f\u00fcr eine optimale Aufbewahrung<\/h2>\n<p data-start=\"250\" data-end=\"605\">Das <strong data-start=\"253\" data-end=\"277\">auslaufsichere Trio aus Edelstahl<\/strong> ist die ideale L\u00f6sung, um Ihre Mahlzeiten auslaufsicher zu transportieren. Dieses Set von luftdichten Dosen aus hochwertigem Edelstahl h\u00e4lt Ihre Lebensmittel frisch und verhindert gleichzeitig, dass sie in Ihre Taschen oder Lunchboxen gelangen. Jede Schachtel ist mit einem Silikondeckel versehen, der eine perfekte Abdichtung gew\u00e4hrleistet.<\/p>\n<h2 data-start=\"607\" data-end=\"652\">Warum sollten Sie sich f\u00fcr das Trio Anti-Leck Inox entscheiden?<\/h2>\n<ul data-start=\"654\" data-end=\"1283\">\n<li data-start=\"654\" data-end=\"839\"><strong data-start=\"656\" data-end=\"679\">Garantierte Wasserdichtigkeit<\/strong>: Dank des innovativen Verschlusssystems ist jede Dose 100% luftdicht, so dass Sie Saucen, Suppen oder Salate ohne Auslaufrisiko transportieren k\u00f6nnen.<\/li>\n<li data-start=\"840\" data-end=\"1018\">Langlebiges <strong data-start=\"842\" data-end=\"867\">Edelstahlmaterial<\/strong>: Hergestellt aus Edelstahl 304 ist dieses Trio robust, langlebig und rostbest\u00e4ndig. Sie m\u00fcssen die Beh\u00e4lter nicht nach einigen Monaten austauschen. <\/li>\n<li data-start=\"1019\" data-end=\"1154\"><strong data-start=\"1021\" data-end=\"1051\">Umweltfreundlich<\/strong>: Ersetzen Sie Einweg-Plastikboxen durch wiederverwendbare, umweltfreundliche und nachhaltige L\u00f6sungen.<\/li>\n<li data-start=\"1155\" data-end=\"1283\"><strong data-start=\"1157\" data-end=\"1192\">Einfach zu verwenden und zu reinigen<\/strong>: Die Boxen sind sp\u00fclmaschinenfest und nehmen weder Ger\u00fcche noch Flecken an.<\/li>\n<\/ul>\n<h2 data-start=\"1285\" data-end=\"1324\">Ein praktisches Trio f\u00fcr alle Ihre Mahlzeiten<\/h2>\n<p data-start=\"1326\" data-end=\"1605\">Das <strong data-start=\"1329\" data-end=\"1353\">auslaufsichere Trio aus Edelstahl<\/strong> ist ideal f\u00fcr die Mitnahme von Mahlzeiten in die Schule, ins B\u00fcro oder auf Reisen. Die verschiedenen Gr\u00f6\u00dfen passen sich Ihren Bed\u00fcrfnissen an: Transportieren Sie Ihre Suppe in der gro\u00dfen Box, Ihre Salate in der mittleren und Ihre So\u00dfen oder Gew\u00fcrze in der kleinen Box.<\/p>\n<p data-start=\"1607\" data-end=\"1928\">\ud83d\udd39 <strong data-start=\"1610\" data-end=\"1620\">Tipp<\/strong>: Um Ihr Set zu vervollst\u00e4ndigen, entdecken Sie unsere <strong data-start=\"1665\" data-end=\"1682\">Lunchbox aus Edelstahl<\/strong><a href=\"https:\/\/www.lespaillettesvertes.ch\/de\/produit\/clip-seal-lunchbox-luftdicht-dauerhafter-behaelter\/\" target=\"_new\" rel=\"noopener\" data-start=\"1684\" data-end=\"1753\">(siehe hier<\/a>) oder unser <strong data-start=\"1762\" data-end=\"1798\">wiederverwendbares Besteck<\/strong><a href=\"https:\/\/www.lespaillettesvertes.ch\/de\/produit\/wiederverwendbares-besteckset-bini\/\">(siehe hier)<\/a> f\u00fcr ein praktisches und abfallfreies Set.<\/p>\n<p>&nbsp;<\/p>\n","protected":false},"excerpt":{"rendered":"<ul>\n<li>Einfacher Schraubverschluss &#8211; wasser- und luftdichte Dichtung<\/li>\n<li>Hochwertiger rostfreier Stahl &#8211; bricht nicht und verf\u00e4llt nicht wie Plastik<\/li>\n<li>Abnehmbare Dichtung aus lebensmittelechtem Silikon f\u00fcr eine einfache Reinigung<\/li>\n<li>Stapeln und in den Schrank stecken<\/li>\n<\/ul>\n","protected":false},"featured_media":54198,"comment_status":"open","ping_status":"closed","template":"","meta":{"_acf_changed":false},"product_brand":[929],"product_cat":[5205,5206],"product_tag":[],"class_list":{"0":"post-56242","1":"product","2":"type-product","3":"status-publish","4":"has-post-thumbnail","6":"product_brand-elephant-box","7":"product_cat-outdoor","8":"product_cat-zubehor","9":"product_shipping_class-3d-objekte","10":"_wholesalex wsx-wholesalex-product","12":"first","13":"outofstock","14":"purchasable","15":"product-type-simple"},"acf":[],"jetpack_sharing_enabled":true,"_links":{"self":[{"href":"https:\/\/www.lespaillettesvertes.ch\/de\/wp-json\/wp\/v2\/product\/56242","targetHints":{"allow":["GET"]}}],"collection":[{"href":"https:\/\/www.lespaillettesvertes.ch\/de\/wp-json\/wp\/v2\/product"}],"about":[{"href":"https:\/\/www.lespaillettesvertes.ch\/de\/wp-json\/wp\/v2\/types\/product"}],"replies":[{"embeddable":true,"href":"https:\/\/www.lespaillettesvertes.ch\/de\/wp-json\/wp\/v2\/comments?post=56242"}],"wp:featuredmedia":[{"embeddable":true,"href":"https:\/\/www.lespaillettesvertes.ch\/de\/wp-json\/wp\/v2\/media\/54198"}],"wp:attachment":[{"href":"https:\/\/www.lespaillettesvertes.ch\/de\/wp-json\/wp\/v2\/media?parent=56242"}],"wp:term":[{"taxonomy":"product_brand","embeddable":true,"href":"https:\/\/www.lespaillettesvertes.ch\/de\/wp-json\/wp\/v2\/product_brand?post=56242"},{"taxonomy":"product_cat","embeddable":true,"href":"https:\/\/www.lespaillettesvertes.ch\/de\/wp-json\/wp\/v2\/product_cat?post=56242"},{"taxonomy":"product_tag","embeddable":true,"href":"https:\/\/www.lespaillettesvertes.ch\/de\/wp-json\/wp\/v2\/product_tag?post=56242"}],"curies":[{"name":"wp","href":"https:\/\/api.w.org\/{rel}","templated":true}]}}