{"id":56239,"date":"2024-10-27T19:26:02","date_gmt":"2024-10-27T18:26:02","guid":{"rendered":"https:\/\/www.lespaillettesvertes.ch\/produit\/kokosnuss-buerste-25-cm-oekologisch-reinigen\/"},"modified":"2024-10-27T19:26:02","modified_gmt":"2024-10-27T18:26:02","slug":"kokosnuss-buerste-25-cm-oekologisch-reinigen","status":"publish","type":"product","link":"https:\/\/www.lespaillettesvertes.ch\/de\/produit\/kokosnuss-buerste-25-cm-oekologisch-reinigen\/","title":{"rendered":"Kokosnuss-B\u00fcrste 25 cm &#8211; \u00d6kologisch Reinigen"},"content":{"rendered":"<h2>Kokosnuss-B\u00fcrste f\u00fcr eine umweltfreundliche Reinigung<\/h2>\n<p>Die Kokosnuss-B\u00fcrste ist sehr haltbar und ideal zum Reinigen von Trinkflaschen, Flaschen, Babyflaschen und anderen Beh\u00e4ltern.<\/p>\n<p>&nbsp;<\/p>\n<p>Die abgerundete Kokosnuss-Spitze erm\u00f6glicht es, den Boden der T\u00f6pfe zu reinigen.<\/p>\n","protected":false},"excerpt":{"rendered":"<p><strong>Eine<\/strong> feine <strong>Flaschenb\u00fcrste<\/strong>, die zur <strong>Reinigung Ihrer Flaschen<\/strong> dient.<\/p>\n<ul>\n<li>L\u00e4nge des Stifts: 25 cm<\/li>\n<\/ul>\n","protected":false},"featured_media":54223,"comment_status":"open","ping_status":"closed","template":"","meta":{"_acf_changed":false},"product_brand":[],"product_cat":[5197,5198],"product_tag":[],"class_list":{"0":"post-56239","1":"product","2":"type-product","3":"status-publish","4":"has-post-thumbnail","6":"product_cat-haushaltszubehor","7":"product_cat-haushaltsprodukte","8":"product_shipping_class-gerichte","9":"_wholesalex wsx-wholesalex-product","11":"first","12":"outofstock","13":"purchasable","14":"product-type-simple"},"acf":[],"jetpack_sharing_enabled":true,"_links":{"self":[{"href":"https:\/\/www.lespaillettesvertes.ch\/de\/wp-json\/wp\/v2\/product\/56239","targetHints":{"allow":["GET"]}}],"collection":[{"href":"https:\/\/www.lespaillettesvertes.ch\/de\/wp-json\/wp\/v2\/product"}],"about":[{"href":"https:\/\/www.lespaillettesvertes.ch\/de\/wp-json\/wp\/v2\/types\/product"}],"replies":[{"embeddable":true,"href":"https:\/\/www.lespaillettesvertes.ch\/de\/wp-json\/wp\/v2\/comments?post=56239"}],"wp:featuredmedia":[{"embeddable":true,"href":"https:\/\/www.lespaillettesvertes.ch\/de\/wp-json\/wp\/v2\/media\/54223"}],"wp:attachment":[{"href":"https:\/\/www.lespaillettesvertes.ch\/de\/wp-json\/wp\/v2\/media?parent=56239"}],"wp:term":[{"taxonomy":"product_brand","embeddable":true,"href":"https:\/\/www.lespaillettesvertes.ch\/de\/wp-json\/wp\/v2\/product_brand?post=56239"},{"taxonomy":"product_cat","embeddable":true,"href":"https:\/\/www.lespaillettesvertes.ch\/de\/wp-json\/wp\/v2\/product_cat?post=56239"},{"taxonomy":"product_tag","embeddable":true,"href":"https:\/\/www.lespaillettesvertes.ch\/de\/wp-json\/wp\/v2\/product_tag?post=56239"}],"curies":[{"name":"wp","href":"https:\/\/api.w.org\/{rel}","templated":true}]}}