{"id":56234,"date":"2024-11-21T15:22:19","date_gmt":"2024-11-21T14:22:19","guid":{"rendered":"https:\/\/www.lespaillettesvertes.ch\/produit\/geschenkset-ruhe-lavendel\/"},"modified":"2026-01-08T10:02:31","modified_gmt":"2026-01-08T09:02:31","slug":"geschenkset-ruhe-lavendel","status":"publish","type":"product","link":"https:\/\/www.lespaillettesvertes.ch\/de\/produit\/geschenkset-ruhe-lavendel\/","title":{"rendered":"Geschenkset &#8211; Ruhe Lavendel"},"content":{"rendered":"<p><strong>Geschenkset &#8211; Ruhe Lavendel<\/strong><\/p>\n<p>G\u00f6nnen Sie sich einen Moment intensiver Entspannung mit unserem <strong>Lavendel-Set Tranquillit\u00e9 Lavande<\/strong>, ein komplettes Ritual mit beruhigenden Lavendelnoten f\u00fcr ein Gef\u00fchl des Wohlbefindens und der Gelassenheit. Dieses Set enth\u00e4lt nat\u00fcrliche Produkte, die Ihre Haut und Ihr Haar pflegen und geschmeidig machen: <\/p>\n<ul>\n<li><a href=\"https:\/\/www.lespaillettesvertes.ch\/de\/produit\/natuerliche-lavendelseife-sanfte-reinigung-peeling\/\"><strong>Lavendelseife<\/strong><\/a> Lavendelseife: Reinigt die Haut sanft und umh\u00fcllt sie mit einem sanften und beruhigenden Duft.<\/li>\n<li><a href=\"https:\/\/www.lespaillettesvertes.ch\/de\/produit\/natuerliches-festes-shampoo-lavendel-teebaum\/\"><strong>Lavendel-Shampoo<\/strong><\/a> Revitalisiert Ihr Haar und macht es weich und seidig, w\u00e4hrend Sie die entspannende Wirkung von Lavendel genie\u00dfen.<\/li>\n<li><a href=\"https:\/\/www.lespaillettesvertes.ch\/produit\/deodorant-naturel-fraicheur-et-equilibre\/\"><strong>Deodorant mit Lavendel<\/strong><\/a> : Bietet einen wirksamen Schutz und ein lang anhaltendes Frischegef\u00fchl und beruhigt die Haut.<\/li>\n<\/ul>\n<p>Ein perfektes Paket f\u00fcr einen Moment der Ruhe und des Wohlbefindens oder als beruhigendes Geschenk f\u00fcr Ihre Lieben. \ud83c\udf3f<\/p>\n","protected":false},"excerpt":{"rendered":"<p>\ud83d\udc49 <strong>Bereichern Sie Ihre Erfahrung!<\/strong> Vervollst\u00e4ndigen Sie Ihr Set mit umweltfreundlichen Accessoires wie einem Waschlappen aus Luffa oder einem Haarkamm aus Holz.<\/p>\n","protected":false},"featured_media":57426,"comment_status":"open","ping_status":"closed","template":"","meta":{"_acf_changed":false},"product_brand":[],"product_cat":[5229],"product_tag":[],"class_list":{"0":"post-56234","1":"product","2":"type-product","3":"status-publish","4":"has-post-thumbnail","6":"product_cat-geschenke","7":"product_shipping_class-3d-objekte","9":"first","10":"outofstock","11":"sale","12":"purchasable","13":"product-type-simple"},"acf":[],"jetpack_sharing_enabled":true,"_links":{"self":[{"href":"https:\/\/www.lespaillettesvertes.ch\/de\/wp-json\/wp\/v2\/product\/56234","targetHints":{"allow":["GET"]}}],"collection":[{"href":"https:\/\/www.lespaillettesvertes.ch\/de\/wp-json\/wp\/v2\/product"}],"about":[{"href":"https:\/\/www.lespaillettesvertes.ch\/de\/wp-json\/wp\/v2\/types\/product"}],"replies":[{"embeddable":true,"href":"https:\/\/www.lespaillettesvertes.ch\/de\/wp-json\/wp\/v2\/comments?post=56234"}],"wp:featuredmedia":[{"embeddable":true,"href":"https:\/\/www.lespaillettesvertes.ch\/de\/wp-json\/wp\/v2\/media\/57426"}],"wp:attachment":[{"href":"https:\/\/www.lespaillettesvertes.ch\/de\/wp-json\/wp\/v2\/media?parent=56234"}],"wp:term":[{"taxonomy":"product_brand","embeddable":true,"href":"https:\/\/www.lespaillettesvertes.ch\/de\/wp-json\/wp\/v2\/product_brand?post=56234"},{"taxonomy":"product_cat","embeddable":true,"href":"https:\/\/www.lespaillettesvertes.ch\/de\/wp-json\/wp\/v2\/product_cat?post=56234"},{"taxonomy":"product_tag","embeddable":true,"href":"https:\/\/www.lespaillettesvertes.ch\/de\/wp-json\/wp\/v2\/product_tag?post=56234"}],"curies":[{"name":"wp","href":"https:\/\/api.w.org\/{rel}","templated":true}]}}