{"id":56226,"date":"2024-11-21T15:32:10","date_gmt":"2024-11-21T14:32:10","guid":{"rendered":"https:\/\/www.lespaillettesvertes.ch\/produit\/geschenkset-entspannendes-ritual\/"},"modified":"2026-01-15T15:23:40","modified_gmt":"2026-01-15T14:23:40","slug":"geschenkset-entspannendes-ritual","status":"publish","type":"product","link":"https:\/\/www.lespaillettesvertes.ch\/de\/produit\/geschenkset-entspannendes-ritual\/","title":{"rendered":"Geschenkset &#8211; Entspannendes Ritual"},"content":{"rendered":"<p><strong>Entspannendes Ritual<\/strong><\/p>\n<p>Entfliehen Sie dem Alltag mit unserem Set <strong>Ritual Relaxant<\/strong>, eine Einladung zur Entspannung und zum Wohlbefinden. Diese komplette Pflege kombiniert nat\u00fcrliche Produkte mit beruhigenden und bezaubernden D\u00fcften: <\/p>\n<ul>\n<li><a href=\"https:\/\/www.lespaillettesvertes.ch\/de\/produit\/entspannendes-badesalz-natuerlicher-rosenduft\/\"><strong>Badesalz &#8222;Der Entspannende&#8220;.<\/strong><\/a> Die entspannenden Eigenschaften dieses Salzes machen Ihr Bad zu einem Ort der Ruhe.<\/li>\n<li><a href=\"https:\/\/www.lespaillettesvertes.ch\/de\/produit\/sandelholz-und-patchouli-seife-natuerlich-und-sanft\/\"><strong>Seife mit Sandelholz und Patchouli<\/strong><\/a> Diese zart duftende Seife verleiht Ihrer Haut eine unvergleichliche Weichheit.<\/li>\n<li><a href=\"https:\/\/www.lespaillettesvertes.ch\/de\/produit\/natuerliche-reinigungsmaske-spirulina-und-tonerde\/\"><strong>Spirulina-Maske<\/strong><\/a> Reinigt und revitalisiert die Haut f\u00fcr einen strahlenden und leuchtenden Teint.<\/li>\n<li><a href=\"https:\/\/www.lespaillettesvertes.ch\/de\/produit\/natuerliches-festes-shampoo-lavendel-teebaum\/\"><strong>Shampoo Lavendel &amp; Teebaum<\/strong><\/a> N\u00e4hrend und revitalisierend f\u00fcr Ihr Haar und beruhigend f\u00fcr die Kopfhaut.<\/li>\n<\/ul>\n<p>G\u00f6nnen Sie sich oder anderen dieses komplette Ritual f\u00fcr einen Moment intensiver Entspannung, ideal, um sich wieder mit sich selbst zu verbinden. \ud83c\udf3f<\/p>\n","protected":false},"excerpt":{"rendered":"<p>\ud83d\udc49 <strong>Lust auf ein einzigartiges Geschenkset?<\/strong> F\u00fcgen Sie umweltfreundliche Accessoires wie einen pflanzlichen Schwamm aus Luffa und eine magnetische Seifenschale hinzu, um Ihr Wellness-Erlebnis zu vervollst\u00e4ndigen.<\/p>\n","protected":false},"featured_media":57400,"comment_status":"open","ping_status":"closed","template":"","meta":{"_acf_changed":false},"product_brand":[],"product_cat":[5229],"product_tag":[],"class_list":{"0":"post-56226","1":"product","2":"type-product","3":"status-publish","4":"has-post-thumbnail","6":"product_cat-geschenke","7":"product_shipping_class-3d-objekte","9":"first","10":"instock","11":"sale","12":"purchasable","13":"product-type-simple"},"acf":[],"jetpack_sharing_enabled":true,"_links":{"self":[{"href":"https:\/\/www.lespaillettesvertes.ch\/de\/wp-json\/wp\/v2\/product\/56226","targetHints":{"allow":["GET"]}}],"collection":[{"href":"https:\/\/www.lespaillettesvertes.ch\/de\/wp-json\/wp\/v2\/product"}],"about":[{"href":"https:\/\/www.lespaillettesvertes.ch\/de\/wp-json\/wp\/v2\/types\/product"}],"replies":[{"embeddable":true,"href":"https:\/\/www.lespaillettesvertes.ch\/de\/wp-json\/wp\/v2\/comments?post=56226"}],"wp:featuredmedia":[{"embeddable":true,"href":"https:\/\/www.lespaillettesvertes.ch\/de\/wp-json\/wp\/v2\/media\/57400"}],"wp:attachment":[{"href":"https:\/\/www.lespaillettesvertes.ch\/de\/wp-json\/wp\/v2\/media?parent=56226"}],"wp:term":[{"taxonomy":"product_brand","embeddable":true,"href":"https:\/\/www.lespaillettesvertes.ch\/de\/wp-json\/wp\/v2\/product_brand?post=56226"},{"taxonomy":"product_cat","embeddable":true,"href":"https:\/\/www.lespaillettesvertes.ch\/de\/wp-json\/wp\/v2\/product_cat?post=56226"},{"taxonomy":"product_tag","embeddable":true,"href":"https:\/\/www.lespaillettesvertes.ch\/de\/wp-json\/wp\/v2\/product_tag?post=56226"}],"curies":[{"name":"wp","href":"https:\/\/api.w.org\/{rel}","templated":true}]}}