{"id":56216,"date":"2024-10-29T14:50:29","date_gmt":"2024-10-29T13:50:29","guid":{"rendered":"https:\/\/www.lespaillettesvertes.ch\/produit\/100-natuerliche-minzkohle-zahnpasta\/"},"modified":"2026-03-04T12:37:36","modified_gmt":"2026-03-04T11:37:36","slug":"100-natuerliche-minzkohle-zahnpasta","status":"publish","type":"product","link":"https:\/\/www.lespaillettesvertes.ch\/de\/produit\/100-natuerliche-minzkohle-zahnpasta\/","title":{"rendered":"100% nat\u00fcrliche Minzkohle-Zahnpasta"},"content":{"rendered":"<h2>Zahnpasta mit Aktivkohle und Gr\u00fcner Minze<\/h2>\n<p>&nbsp;<\/p>\n<p><strong>\u00c4ndern Sie Ihre Mundhygiene-Routine mit unserer 100% nat\u00fcrlichen Zahnpasta.<\/strong><\/p>\n<ul>\n<li><strong>Starke Inhaltsstoffe<\/strong>: Mit Tonerde, Aktivkohle und nat\u00fcrlichen Salzen bietet unsere Zahnpasta eine gr\u00fcndliche Reinigung.<\/li>\n<li><strong>Glanz und Frische<\/strong>: Aktivkohle sorgt f\u00fcr einen Bleicheffekt, w\u00e4hrend gr\u00fcne Minze ein lang anhaltendes Gef\u00fchl von Frische verleiht.<\/li>\n<li><strong>Zahnsteinschutz<\/strong>: Wirkt effektiv gegen die Bildung von Zahnstein und Plaque und hilft, die Z\u00e4hne gesund zu erhalten.<\/li>\n<\/ul>\n<p><strong>Warum sollten Sie unsere Zahnpasta w\u00e4hlen?<\/strong><br \/>\nEs wird in Handarbeit hergestellt und verwendet ausschlie\u00dflich vegane und biologische Zutaten ohne Konservierungsstoffe oder sch\u00e4dliche Chemikalien.<\/p>\n<p><strong>Gesunde Zusammensetzung<\/strong>:<\/p>\n<ul>\n<li>Frei von Laktose, Gluten, GVO, Glyzerin, Parabenen, Fluorid, Ammonium, synthetischen Farbstoffen und k\u00fcnstlichen Duftstoffen.<\/li>\n<\/ul>\n<p><strong>Zus\u00e4tzliche Vorteile<\/strong>:<br \/>\nUnsere antibakterielle und antiseptische Formel hilft, den pH-Wert Ihres Mundes auszugleichen und gleichzeitig den Zahnschmelz zu remineralisieren.<\/p>\n<p>Entdecken Sie auch unsere <a href=\"https:\/\/www.lespaillettesvertes.ch\/de\/produit\/natuerliche-zahnpasta-mit-meswak-kerala\/\">nat\u00fcrliche Zahnpasta mit Meswak<\/a> f\u00fcr eine gesunde und umweltfreundliche Mundhygiene.<\/p>\n<p><strong>G\u00f6nnen Sie Ihren Z\u00e4hnen die Pflege, die sie verdienen, mit unserer nat\u00fcrlichen Zahnpasta!<\/strong><\/p>\n","protected":false},"excerpt":{"rendered":"<p>Zahnpasta mit Aktivkohle und Gr\u00fcner Minze &nbsp; \u00c4ndern Sie Ihre Mundhygiene-Routine mit unserer 100% nat\u00fcrlichen Zahnpasta. Starke Inhaltsstoffe: Mit Tonerde, Aktivkohle und nat\u00fcrlichen Salzen bietet unsere Zahnpasta eine gr\u00fcndliche Reinigung. Glanz und Frische: Aktivkohle sorgt f\u00fcr einen Bleicheffekt, w\u00e4hrend gr\u00fcne Minze ein lang anhaltendes Gef\u00fchl von Frische verleiht. Zahnsteinschutz: Wirkt effektiv gegen die Bildung von [&hellip;]<\/p>\n","protected":false},"featured_media":57379,"comment_status":"open","ping_status":"closed","template":"","meta":{"_acf_changed":false},"product_brand":[5106],"product_cat":[5238,5237],"product_tag":[],"class_list":{"0":"post-56216","1":"product","2":"type-product","3":"status-publish","4":"has-post-thumbnail","6":"product_brand-harmony","7":"product_cat-kosmetika","8":"product_cat-kosmetische-produkte","9":"product_shipping_class-3d-objekte","11":"first","12":"instock","13":"purchasable","14":"product-type-simple"},"acf":[],"jetpack_sharing_enabled":true,"_links":{"self":[{"href":"https:\/\/www.lespaillettesvertes.ch\/de\/wp-json\/wp\/v2\/product\/56216","targetHints":{"allow":["GET"]}}],"collection":[{"href":"https:\/\/www.lespaillettesvertes.ch\/de\/wp-json\/wp\/v2\/product"}],"about":[{"href":"https:\/\/www.lespaillettesvertes.ch\/de\/wp-json\/wp\/v2\/types\/product"}],"replies":[{"embeddable":true,"href":"https:\/\/www.lespaillettesvertes.ch\/de\/wp-json\/wp\/v2\/comments?post=56216"}],"wp:featuredmedia":[{"embeddable":true,"href":"https:\/\/www.lespaillettesvertes.ch\/de\/wp-json\/wp\/v2\/media\/57379"}],"wp:attachment":[{"href":"https:\/\/www.lespaillettesvertes.ch\/de\/wp-json\/wp\/v2\/media?parent=56216"}],"wp:term":[{"taxonomy":"product_brand","embeddable":true,"href":"https:\/\/www.lespaillettesvertes.ch\/de\/wp-json\/wp\/v2\/product_brand?post=56216"},{"taxonomy":"product_cat","embeddable":true,"href":"https:\/\/www.lespaillettesvertes.ch\/de\/wp-json\/wp\/v2\/product_cat?post=56216"},{"taxonomy":"product_tag","embeddable":true,"href":"https:\/\/www.lespaillettesvertes.ch\/de\/wp-json\/wp\/v2\/product_tag?post=56216"}],"curies":[{"name":"wp","href":"https:\/\/api.w.org\/{rel}","templated":true}]}}