{"id":56212,"date":"2024-10-29T15:27:50","date_gmt":"2024-10-29T14:27:50","guid":{"rendered":"https:\/\/www.lespaillettesvertes.ch\/produit\/lippenbalsam-sanfte-vanille\/"},"modified":"2026-03-04T12:34:29","modified_gmt":"2026-03-04T11:34:29","slug":"lippenbalsam-sanfte-vanille","status":"publish","type":"product","link":"https:\/\/www.lespaillettesvertes.ch\/de\/produit\/lippenbalsam-sanfte-vanille\/","title":{"rendered":"Lippenbalsam &#8211; Sanfte Vanille"},"content":{"rendered":"<h3>Nat\u00fcrlicher Lippenbalsam mit Vanille<\/h3>\n<p>&nbsp;<\/p>\n<p><strong>G\u00f6nnen Sie Ihren Lippen eine exquisite und nat\u00fcrliche Pflege.<\/strong><\/p>\n<ul>\n<li><strong>100% nat\u00fcrliche Formulierung<\/strong>: Dieser Balsam ist handgefertigt und enth\u00e4lt nur sorgf\u00e4ltig ausgew\u00e4hlte biologische Inhaltsstoffe.<\/li>\n<li><strong>Sanftheit und Schutz<\/strong>: Die samtige Textur spendet intensive Feuchtigkeit und sch\u00fctzt Ihre Lippen vor sch\u00e4dlichen Umwelteinfl\u00fcssen.<\/li>\n<li>Feiner <strong>Duft<\/strong>: Lassen Sie sich von seinem zarten Vanilleduft verf\u00fchren, der auch im Alltag angenehm ist.<\/li>\n<\/ul>\n<h4>Vorteile :<\/h4>\n<ul>\n<li><strong>Pflege f\u00fcr trockene und spr\u00f6de Lippen<\/strong>: Mit Sheabutter und Jojobawachs n\u00e4hrt und repariert sie die empfindlichen Stellen.<\/li>\n<li><strong>Nat\u00fcrlicher Glanz<\/strong>: Verleiht einen Hauch von Glanz und spendet gleichzeitig Feuchtigkeit.<\/li>\n<li><strong>Langanhaltende Feuchtigkeit<\/strong>: Kokosbutter dringt tief in die Haut ein und sorgt f\u00fcr eine langanhaltende Pflege, die Ihre Lippen weich und gesund h\u00e4lt.<\/li>\n<\/ul>\n<p><strong>Verabschieden Sie sich von trockenen Lippen und bringen Sie ihren nat\u00fcrlichen Glanz mit unserem Vanille-Lippenbalsam zum Vorschein!<\/strong><\/p>\n","protected":false},"excerpt":{"rendered":"<p>Nat\u00fcrlicher Lippenbalsam mit Vanille &nbsp; G\u00f6nnen Sie Ihren Lippen eine exquisite und nat\u00fcrliche Pflege. 100% nat\u00fcrliche Formulierung: Dieser Balsam ist handgefertigt und enth\u00e4lt nur sorgf\u00e4ltig ausgew\u00e4hlte biologische Inhaltsstoffe. Sanftheit und Schutz: Die samtige Textur spendet intensive Feuchtigkeit und sch\u00fctzt Ihre Lippen vor sch\u00e4dlichen Umwelteinfl\u00fcssen. Feiner Duft: Lassen Sie sich von seinem zarten Vanilleduft verf\u00fchren, der [&hellip;]<\/p>\n","protected":false},"featured_media":55356,"comment_status":"open","ping_status":"closed","template":"","meta":{"_acf_changed":false},"product_brand":[5106],"product_cat":[5238,5237],"product_tag":[5242],"class_list":{"0":"post-56212","1":"product","2":"type-product","3":"status-publish","4":"has-post-thumbnail","6":"product_brand-harmony","7":"product_cat-kosmetika","8":"product_cat-kosmetische-produkte","9":"product_tag-lippenbalsam","10":"product_shipping_class-3d-objekte","12":"first","13":"outofstock","14":"purchasable","15":"product-type-simple"},"acf":[],"jetpack_sharing_enabled":true,"_links":{"self":[{"href":"https:\/\/www.lespaillettesvertes.ch\/de\/wp-json\/wp\/v2\/product\/56212","targetHints":{"allow":["GET"]}}],"collection":[{"href":"https:\/\/www.lespaillettesvertes.ch\/de\/wp-json\/wp\/v2\/product"}],"about":[{"href":"https:\/\/www.lespaillettesvertes.ch\/de\/wp-json\/wp\/v2\/types\/product"}],"replies":[{"embeddable":true,"href":"https:\/\/www.lespaillettesvertes.ch\/de\/wp-json\/wp\/v2\/comments?post=56212"}],"wp:featuredmedia":[{"embeddable":true,"href":"https:\/\/www.lespaillettesvertes.ch\/de\/wp-json\/wp\/v2\/media\/55356"}],"wp:attachment":[{"href":"https:\/\/www.lespaillettesvertes.ch\/de\/wp-json\/wp\/v2\/media?parent=56212"}],"wp:term":[{"taxonomy":"product_brand","embeddable":true,"href":"https:\/\/www.lespaillettesvertes.ch\/de\/wp-json\/wp\/v2\/product_brand?post=56212"},{"taxonomy":"product_cat","embeddable":true,"href":"https:\/\/www.lespaillettesvertes.ch\/de\/wp-json\/wp\/v2\/product_cat?post=56212"},{"taxonomy":"product_tag","embeddable":true,"href":"https:\/\/www.lespaillettesvertes.ch\/de\/wp-json\/wp\/v2\/product_tag?post=56212"}],"curies":[{"name":"wp","href":"https:\/\/api.w.org\/{rel}","templated":true}]}}