{"id":56209,"date":"2024-10-27T18:57:23","date_gmt":"2024-10-27T17:57:23","guid":{"rendered":"https:\/\/www.lespaillettesvertes.ch\/produit\/doppelzahnkamm-aus-holz-natuerliche-entwirrung\/"},"modified":"2026-03-04T12:33:49","modified_gmt":"2026-03-04T11:33:49","slug":"doppelzahnkamm-aus-holz-natuerliche-entwirrung","status":"publish","type":"product","link":"https:\/\/www.lespaillettesvertes.ch\/de\/produit\/doppelzahnkamm-aus-holz-natuerliche-entwirrung\/","title":{"rendered":"Doppelzahnkamm aus Holz &#8211; Nat\u00fcrliche Entwirrung"},"content":{"rendered":"<h2>Entdecken Sie den zweizinkigen Kamm aus Buchenholz<\/h2>\n<p>Die in Europa auf traditionelle Weise hergestellten, weit auseinander stehenden und fein gezahnten Z\u00e4hne erm\u00f6glichen ein sanftes Entwirren, w\u00e4hrend das mit Bienenwachs behandelte Holz f\u00fcr eine l\u00e4ngere Haltbarkeit sorgt. Ein vielseitiges Werkzeug f\u00fcr gesundes und gut frisiertes Haar. <\/p>\n","protected":false},"excerpt":{"rendered":"<p>Entdecken Sie den zweizinkigen Kamm aus Buchenholz Die in Europa auf traditionelle Weise hergestellten, weit auseinander stehenden und fein gezahnten Z\u00e4hne erm\u00f6glichen ein sanftes Entwirren, w\u00e4hrend das mit Bienenwachs behandelte Holz f\u00fcr eine l\u00e4ngere Haltbarkeit sorgt. Ein vielseitiges Werkzeug f\u00fcr gesundes und gut frisiertes Haar.<\/p>\n","protected":false},"featured_media":54146,"comment_status":"open","ping_status":"closed","template":"","meta":{"_acf_changed":false},"product_brand":[],"product_cat":[5201,5238],"product_tag":[],"class_list":{"0":"post-56209","1":"product","2":"type-product","3":"status-publish","4":"has-post-thumbnail","6":"product_cat-kosmetisches-zubehor","7":"product_cat-kosmetika","8":"product_shipping_class-3d-objekte","9":"_wholesalex wsx-wholesalex-product","11":"first","12":"instock","13":"purchasable","14":"product-type-simple"},"acf":[],"jetpack_sharing_enabled":true,"_links":{"self":[{"href":"https:\/\/www.lespaillettesvertes.ch\/de\/wp-json\/wp\/v2\/product\/56209","targetHints":{"allow":["GET"]}}],"collection":[{"href":"https:\/\/www.lespaillettesvertes.ch\/de\/wp-json\/wp\/v2\/product"}],"about":[{"href":"https:\/\/www.lespaillettesvertes.ch\/de\/wp-json\/wp\/v2\/types\/product"}],"replies":[{"embeddable":true,"href":"https:\/\/www.lespaillettesvertes.ch\/de\/wp-json\/wp\/v2\/comments?post=56209"}],"wp:featuredmedia":[{"embeddable":true,"href":"https:\/\/www.lespaillettesvertes.ch\/de\/wp-json\/wp\/v2\/media\/54146"}],"wp:attachment":[{"href":"https:\/\/www.lespaillettesvertes.ch\/de\/wp-json\/wp\/v2\/media?parent=56209"}],"wp:term":[{"taxonomy":"product_brand","embeddable":true,"href":"https:\/\/www.lespaillettesvertes.ch\/de\/wp-json\/wp\/v2\/product_brand?post=56209"},{"taxonomy":"product_cat","embeddable":true,"href":"https:\/\/www.lespaillettesvertes.ch\/de\/wp-json\/wp\/v2\/product_cat?post=56209"},{"taxonomy":"product_tag","embeddable":true,"href":"https:\/\/www.lespaillettesvertes.ch\/de\/wp-json\/wp\/v2\/product_tag?post=56209"}],"curies":[{"name":"wp","href":"https:\/\/api.w.org\/{rel}","templated":true}]}}