{"id":56205,"date":"2024-10-29T15:16:10","date_gmt":"2024-10-29T14:16:10","guid":{"rendered":"https:\/\/www.lespaillettesvertes.ch\/produit\/badesalz-lavendel\/"},"modified":"2026-03-04T12:37:38","modified_gmt":"2026-03-04T11:37:38","slug":"badesalz-lavendel","status":"publish","type":"product","link":"https:\/\/www.lespaillettesvertes.ch\/de\/produit\/badesalz-lavendel\/","title":{"rendered":"Badesalz &#8211; Lavendel"},"content":{"rendered":"<h2>Unsere Lavendel-Badesalze<\/h2>\n<p>&nbsp;<\/p>\n<h3><strong>Eigenschaften des Badesalzes Lavendel :<\/strong><\/h3>\n<ul>\n<li>100% nat\u00fcrliche und biologische Inhaltsstoffe<\/li>\n<li>Sanfter, beruhigender Lavendelduft<\/li>\n<li>Entlastet m\u00fcde Muskeln nach dem Sport<\/li>\n<li>Entgiftende und beruhigende Eigenschaften<\/li>\n<\/ul>\n<p>Unsere B\u00e4der werden handwerklich mit veganen Zutaten hergestellt und sind frei von Konservierungsstoffen, Laktose, Gluten, GVO, Parabenen und synthetischen Zusatzstoffen.<\/p>\n<p><strong>Vorteile :<\/strong><\/p>\n<p>Tauchen Sie ein in eine wohltuende Erfahrung im Einklang mit der Natur. Unser <a href=\"https:\/\/www.lespaillettesvertes.ch\/de\/produit\/entspannendes-badesalz-natuerlicher-rosenduft\/\">Badesalz<\/a>, das reich an Mineralien wie Magnesium ist, f\u00f6rdert die Durchblutung, beseitigt Giftstoffe und beruhigt den Geist. Ideal f\u00fcr :  <\/p>\n<ul>\n<li>Stress abbauen<\/li>\n<li>Schmerzlinderung<\/li>\n<li>Verbesserung des Schlafs<\/li>\n<li>Revitalisierung von K\u00f6rper und Geist<\/li>\n<\/ul>\n<p>&nbsp;<\/p>\n","protected":false},"excerpt":{"rendered":"<p>Unsere Lavendel-Badesalze &nbsp; Eigenschaften des Badesalzes Lavendel : 100% nat\u00fcrliche und biologische Inhaltsstoffe Sanfter, beruhigender Lavendelduft Entlastet m\u00fcde Muskeln nach dem Sport Entgiftende und beruhigende Eigenschaften Unsere B\u00e4der werden handwerklich mit veganen Zutaten hergestellt und sind frei von Konservierungsstoffen, Laktose, Gluten, GVO, Parabenen und synthetischen Zusatzstoffen. Vorteile : Tauchen Sie ein in eine wohltuende Erfahrung [&hellip;]<\/p>\n","protected":false},"featured_media":57752,"comment_status":"open","ping_status":"closed","template":"","meta":{"_acf_changed":false},"product_brand":[5106],"product_cat":[5236,5235],"product_tag":[],"class_list":{"0":"post-56205","1":"product","2":"type-product","3":"status-publish","4":"has-post-thumbnail","6":"product_brand-harmony","7":"product_cat-entspannung","8":"product_cat-wohlbefinden","9":"product_shipping_class-3d-objekte","11":"first","12":"instock","13":"purchasable","14":"product-type-simple"},"acf":[],"jetpack_sharing_enabled":true,"_links":{"self":[{"href":"https:\/\/www.lespaillettesvertes.ch\/de\/wp-json\/wp\/v2\/product\/56205","targetHints":{"allow":["GET"]}}],"collection":[{"href":"https:\/\/www.lespaillettesvertes.ch\/de\/wp-json\/wp\/v2\/product"}],"about":[{"href":"https:\/\/www.lespaillettesvertes.ch\/de\/wp-json\/wp\/v2\/types\/product"}],"replies":[{"embeddable":true,"href":"https:\/\/www.lespaillettesvertes.ch\/de\/wp-json\/wp\/v2\/comments?post=56205"}],"wp:featuredmedia":[{"embeddable":true,"href":"https:\/\/www.lespaillettesvertes.ch\/de\/wp-json\/wp\/v2\/media\/57752"}],"wp:attachment":[{"href":"https:\/\/www.lespaillettesvertes.ch\/de\/wp-json\/wp\/v2\/media?parent=56205"}],"wp:term":[{"taxonomy":"product_brand","embeddable":true,"href":"https:\/\/www.lespaillettesvertes.ch\/de\/wp-json\/wp\/v2\/product_brand?post=56205"},{"taxonomy":"product_cat","embeddable":true,"href":"https:\/\/www.lespaillettesvertes.ch\/de\/wp-json\/wp\/v2\/product_cat?post=56205"},{"taxonomy":"product_tag","embeddable":true,"href":"https:\/\/www.lespaillettesvertes.ch\/de\/wp-json\/wp\/v2\/product_tag?post=56205"}],"curies":[{"name":"wp","href":"https:\/\/api.w.org\/{rel}","templated":true}]}}