{"id":56134,"date":"2024-10-29T16:15:03","date_gmt":"2024-10-29T15:15:03","guid":{"rendered":"https:\/\/www.lespaillettesvertes.ch\/produit\/seife-mit-aktivkohle-natuerliche-reinigung-und-entgiftung\/"},"modified":"2025-12-04T15:15:25","modified_gmt":"2025-12-04T14:15:25","slug":"seife-mit-aktivkohle-natuerliche-reinigung-und-entgiftung","status":"publish","type":"product","link":"https:\/\/www.lespaillettesvertes.ch\/de\/produit\/seife-mit-aktivkohle-natuerliche-reinigung-und-entgiftung\/","title":{"rendered":"Seife mit Aktivkohle &#8211; Nat\u00fcrliche Reinigung und Entgiftung"},"content":{"rendered":"<h2 class=\"\" data-start=\"878\" data-end=\"947\"><strong data-start=\"881\" data-end=\"945\">\ud83c\udf3f Nat\u00fcrliche Seife mit Aktivkohle: Eine entgiftende Reinigung<\/strong><\/h2>\n<p class=\"\" data-start=\"949\" data-end=\"1174\">Die <strong data-start=\"952\" data-end=\"978\">Aktivkohle-Seife<\/strong> ist ein wahrer Verb\u00fcndeter f\u00fcr eine reine und strahlende Haut. Sie wird aus nat\u00fcrlichen Inhaltsstoffen hergestellt und wirkt tiefgreifend, um die Haut zu reinigen, Toxine zu entfernen und \u00fcbersch\u00fcssigen Talg zu regulieren. <\/p>\n<p class=\"\" data-start=\"1176\" data-end=\"1495\">Die milde Formel respektiert das Gleichgewicht der Haut und ist ideal f\u00fcr Haut, die zu Unreinheiten, Mitessern und verstopften Poren neigt. Entdecken Sie auch unser <a target=\"_new\" rel=\"noopener\" data-start=\"1350\" data-end=\"1447\">Sortiment an nat\u00fcrlichen Seifen<\/a> f\u00fcr die t\u00e4gliche Pflege Ihrer Haut. <\/p>\n<h3 class=\"\" data-start=\"1497\" data-end=\"1548\"><strong data-start=\"1501\" data-end=\"1546\">\u2728 Die Vorteile von Seife mit Aktivkohle<\/strong><\/h3>\n<p class=\"\" data-start=\"1550\" data-end=\"1927\">\u2714 <strong data-start=\"1552\" data-end=\"1579\">Tiefenreinigung<\/strong>: Nimmt \u00fcbersch\u00fcssigen Talg und Unreinheiten auf.<br data-start=\"1624\" data-end=\"1627\">\u2714 <strong data-start=\"1629\" data-end=\"1652\">Entgiftende Wirkung<\/strong>: Entfernt Giftstoffe und umweltbelastende R\u00fcckst\u00e4nde.<br data-start=\"1700\" data-end=\"1703\">\u2714 <strong data-start=\"1705\" data-end=\"1729\">Nat\u00fcrliche und sanfte Pflege<\/strong>: Formuliert ohne Parabene, Sulfate und aggressive Chemikalien.<br data-start=\"1807\" data-end=\"1810\">\u2714 <strong data-start=\"1812\" data-end=\"1851\">Geeignet f\u00fcr Mischhaut bis fettige Haut<\/strong>: Ideal zur Bek\u00e4mpfung von Unreinheiten und zur Verfeinerung des Hautbildes.<\/p>\n<p class=\"\" data-start=\"1929\" data-end=\"2070\">Wenn Sie mehr \u00fcber die Vorteile von Aktivkohle f\u00fcr die Haut erfahren m\u00f6chten, lesen Sie bitte unseren <a href=\"https:\/\/www.example.com\/\" target=\"_new\" rel=\"noopener\" data-start=\"2027\" data-end=\"2067\">speziellen Artikel<\/a>.<\/p>\n<hr class=\"\" data-start=\"2072\" data-end=\"2075\">\n<h2 class=\"\" data-start=\"2077\" data-end=\"2133\"><strong data-start=\"2080\" data-end=\"2131\">\ud83d\udda4 Warum sollten Sie sich f\u00fcr eine Seife mit Aktivkohle entscheiden?<\/strong><\/h2>\n<p class=\"\" data-start=\"2135\" data-end=\"2311\">Aktivkohle ist f\u00fcr ihre <strong data-start=\"2173\" data-end=\"2214\">reinigenden und absorbierenden Eigenschaften<\/strong> bekannt. Sie wirkt wie ein Magnet auf Unreinheiten und Toxine und hinterl\u00e4sst eine saubere und frische Haut. <\/p>\n<p class=\"\" data-start=\"2313\" data-end=\"2463\">\ud83c\udf3f 1 <strong data-start=\"2316\" data-end=\"2358\">00% nat\u00fcrlich und hautfreundlich<\/strong><br data-start=\"2358\" data-end=\"2361\">\ud83c\udf0d <strong data-start=\"2364\" data-end=\"2408\">Handwerkliche und umweltbewusste Herstellung<\/strong><br data-start=\"2408\" data-end=\"2411\">\ud83d\udc30 <strong data-start=\"2414\" data-end=\"2461\">Nicht an Tieren getestet und vegan-friendly<\/strong><\/p>\n<p class=\"\" data-start=\"2465\" data-end=\"2659\">Nutzen Sie die Vorteile einer <a href=\"https:\/\/www.lespaillettesvertes.ch\/de\/produit\/natuerliche-lavendelseife-sanfte-reinigung-peeling\/\">Kohleseife<\/a> als Teil einer kompletten Pflegeroutine mit unserer Auswahl an <a target=\"_new\" rel=\"noopener\" data-start=\"2558\" data-end=\"2656\">Naturkosmetik<\/a>.<\/p>\n<hr class=\"\" data-start=\"2661\" data-end=\"2664\">\n<h2 class=\"\" data-start=\"3037\" data-end=\"3099\"><strong data-start=\"3040\" data-end=\"3097\">\ud83c\udf31 Nat\u00fcrliche Zusammensetzung und Vorteile der Inhaltsstoffe<\/strong><\/h2>\n<ul data-start=\"3101\" data-end=\"3342\">\n<li class=\"\" data-start=\"3101\" data-end=\"3196\">\n<p class=\"\" data-start=\"3103\" data-end=\"3196\"><strong data-start=\"3103\" data-end=\"3120\">Aktivkohle<\/strong>: Reinigend und entgiftend, absorbiert Unreinheiten und \u00fcbersch\u00fcssigen Talg.<\/p>\n<\/li>\n<li class=\"\" data-start=\"3197\" data-end=\"3288\">\n<p class=\"\" data-start=\"3199\" data-end=\"3288\"><strong data-start=\"3199\" data-end=\"3233\">N\u00e4hrende pflanzliche \u00d6le<\/strong>: Versorgt die Haut nach der Reinigung mit Feuchtigkeit und sch\u00fctzt sie.<\/p>\n<\/li>\n<li class=\"\" data-start=\"3289\" data-end=\"3342\">\n<p class=\"\" data-start=\"3291\" data-end=\"3342\"><strong data-start=\"3291\" data-end=\"3311\">Karit\u00e9butter<\/strong>: Beruhigt die Haut und macht sie geschmeidig.<\/p>\n<\/li>\n<\/ul>\n<hr class=\"\" data-start=\"3344\" data-end=\"3347\">\n<p class=\"\" data-start=\"3462\" data-end=\"3520\">\n","protected":false},"excerpt":{"rendered":"<p>Die <strong data-start=\"584\" data-end=\"610\">Aktivkohleseife<\/strong> ist eine 100% nat\u00fcrliche, reinigende Pflege, die die Haut gr\u00fcndlich reinigt und gleichzeitig Unreinheiten und \u00fcbersch\u00fcssigen Talg entfernt. Dank der absorbierenden Eigenschaften der Aktivkohle ist diese Seife ideal f\u00fcr Mischhaut bis fettige und zu Unreinheiten neigende Haut. <\/p>\n","protected":false},"featured_media":54672,"comment_status":"open","ping_status":"closed","template":"","meta":{"_acf_changed":false},"product_brand":[5106],"product_cat":[5237,5238],"product_tag":[],"class_list":{"0":"post-56134","1":"product","2":"type-product","3":"status-publish","4":"has-post-thumbnail","6":"product_brand-harmony","7":"product_cat-kosmetische-produkte","8":"product_cat-kosmetika","9":"product_shipping_class-3d-objekte","10":"_wholesalex wsx-wholesalex-product","12":"first","13":"instock","14":"purchasable","15":"product-type-simple"},"acf":[],"jetpack_sharing_enabled":true,"_links":{"self":[{"href":"https:\/\/www.lespaillettesvertes.ch\/de\/wp-json\/wp\/v2\/product\/56134","targetHints":{"allow":["GET"]}}],"collection":[{"href":"https:\/\/www.lespaillettesvertes.ch\/de\/wp-json\/wp\/v2\/product"}],"about":[{"href":"https:\/\/www.lespaillettesvertes.ch\/de\/wp-json\/wp\/v2\/types\/product"}],"replies":[{"embeddable":true,"href":"https:\/\/www.lespaillettesvertes.ch\/de\/wp-json\/wp\/v2\/comments?post=56134"}],"wp:featuredmedia":[{"embeddable":true,"href":"https:\/\/www.lespaillettesvertes.ch\/de\/wp-json\/wp\/v2\/media\/54672"}],"wp:attachment":[{"href":"https:\/\/www.lespaillettesvertes.ch\/de\/wp-json\/wp\/v2\/media?parent=56134"}],"wp:term":[{"taxonomy":"product_brand","embeddable":true,"href":"https:\/\/www.lespaillettesvertes.ch\/de\/wp-json\/wp\/v2\/product_brand?post=56134"},{"taxonomy":"product_cat","embeddable":true,"href":"https:\/\/www.lespaillettesvertes.ch\/de\/wp-json\/wp\/v2\/product_cat?post=56134"},{"taxonomy":"product_tag","embeddable":true,"href":"https:\/\/www.lespaillettesvertes.ch\/de\/wp-json\/wp\/v2\/product_tag?post=56134"}],"curies":[{"name":"wp","href":"https:\/\/api.w.org\/{rel}","templated":true}]}}