{"id":56131,"date":"2024-10-29T15:12:33","date_gmt":"2024-10-29T14:12:33","guid":{"rendered":"https:\/\/www.lespaillettesvertes.ch\/produit\/natuerliches-koerperpeeling-himalaya-epsom-aprikose\/"},"modified":"2026-03-24T08:37:14","modified_gmt":"2026-03-24T07:37:14","slug":"natuerliches-koerperpeeling-himalaya-epsom-aprikose","status":"publish","type":"product","link":"https:\/\/www.lespaillettesvertes.ch\/de\/produit\/natuerliches-koerperpeeling-himalaya-epsom-aprikose\/","title":{"rendered":"Nat\u00fcrliches K\u00f6rperpeeling &#8211; Himalaya Epsom Aprikose"},"content":{"rendered":"<h2>Nat\u00fcrliches Peeling 100% handgemacht<\/h2>\n<p>&nbsp;<\/p>\n<p><strong>G\u00f6nnen Sie Ihrer Haut ein sanftes Peeling mit unserem handgefertigten Peeling.<\/strong><\/p>\n<p><strong>Vorteile :<\/strong><\/p>\n<ul>\n<li style=\"list-style-type: none\">\n<ul>\n<li>Entfernt abgestorbene Hautzellen f\u00fcr eine strahlende Haut<\/li>\n<li>Reinigt gr\u00fcndlich und sanft<\/li>\n<li>Hinterl\u00e4sst die Haut au\u00dfergew\u00f6hnlich weich und hydratisiert<\/li>\n<\/ul>\n<\/li>\n<\/ul>\n<p><strong>Eigenschaften:<\/strong><br \/>\nNur mit nat\u00fcrlichen, veganen und biologischen Zutaten hergestellt. Ohne Konservierungsstoffe, Laktose, Gluten, GVO, Parabene, Sulfate oder synthetische Farbstoffe.<\/p>\n<p>Entdecken Sie auch unsere milde <a href=\"https:\/\/www.lespaillettesvertes.ch\/de\/produit\/natuerliche-lavendelseife-sanfte-reinigung-peeling\/\">Peelingseife<\/a> f\u00fcr Ihre Sch\u00f6nheitsroutine!<\/p>\n<p>&nbsp;<\/p>\n","protected":false},"excerpt":{"rendered":"<p>Nat\u00fcrliches Peeling 100% handgemacht &nbsp; G\u00f6nnen Sie Ihrer Haut ein sanftes Peeling mit unserem handgefertigten Peeling. Vorteile : Entfernt abgestorbene Hautzellen f\u00fcr eine strahlende Haut Reinigt gr\u00fcndlich und sanft Hinterl\u00e4sst die Haut au\u00dfergew\u00f6hnlich weich und hydratisiert Eigenschaften: Nur mit nat\u00fcrlichen, veganen und biologischen Zutaten hergestellt. Ohne Konservierungsstoffe, Laktose, Gluten, GVO, Parabene, Sulfate oder synthetische Farbstoffe. [&hellip;]<\/p>\n","protected":false},"featured_media":57769,"comment_status":"open","ping_status":"closed","template":"","meta":{"_acf_changed":false},"product_brand":[],"product_cat":[5236,5235],"product_tag":[],"class_list":{"0":"post-56131","1":"product","2":"type-product","3":"status-publish","4":"has-post-thumbnail","6":"product_cat-entspannung","7":"product_cat-wohlbefinden","8":"product_shipping_class-3d-objekte","9":"_wholesalex wsx-wholesalex-product","11":"first","12":"instock","13":"purchasable","14":"product-type-simple"},"acf":[],"jetpack_sharing_enabled":true,"_links":{"self":[{"href":"https:\/\/www.lespaillettesvertes.ch\/de\/wp-json\/wp\/v2\/product\/56131","targetHints":{"allow":["GET"]}}],"collection":[{"href":"https:\/\/www.lespaillettesvertes.ch\/de\/wp-json\/wp\/v2\/product"}],"about":[{"href":"https:\/\/www.lespaillettesvertes.ch\/de\/wp-json\/wp\/v2\/types\/product"}],"replies":[{"embeddable":true,"href":"https:\/\/www.lespaillettesvertes.ch\/de\/wp-json\/wp\/v2\/comments?post=56131"}],"wp:featuredmedia":[{"embeddable":true,"href":"https:\/\/www.lespaillettesvertes.ch\/de\/wp-json\/wp\/v2\/media\/57769"}],"wp:attachment":[{"href":"https:\/\/www.lespaillettesvertes.ch\/de\/wp-json\/wp\/v2\/media?parent=56131"}],"wp:term":[{"taxonomy":"product_brand","embeddable":true,"href":"https:\/\/www.lespaillettesvertes.ch\/de\/wp-json\/wp\/v2\/product_brand?post=56131"},{"taxonomy":"product_cat","embeddable":true,"href":"https:\/\/www.lespaillettesvertes.ch\/de\/wp-json\/wp\/v2\/product_cat?post=56131"},{"taxonomy":"product_tag","embeddable":true,"href":"https:\/\/www.lespaillettesvertes.ch\/de\/wp-json\/wp\/v2\/product_tag?post=56131"}],"curies":[{"name":"wp","href":"https:\/\/api.w.org\/{rel}","templated":true}]}}