{"id":56129,"date":"2024-10-29T14:57:59","date_gmt":"2024-10-29T13:57:59","guid":{"rendered":"https:\/\/www.lespaillettesvertes.ch\/produit\/natuerliche-reinigungsmaske-spirulina-und-tonerde\/"},"modified":"2026-03-04T12:33:39","modified_gmt":"2026-03-04T11:33:39","slug":"natuerliche-reinigungsmaske-spirulina-und-tonerde","status":"publish","type":"product","link":"https:\/\/www.lespaillettesvertes.ch\/de\/produit\/natuerliche-reinigungsmaske-spirulina-und-tonerde\/","title":{"rendered":"Nat\u00fcrliche Reinigungsmaske &#8211; Spirulina und Tonerde"},"content":{"rendered":"<h2>Reinigende Maske mit Spirulina und Tonerde 100% nat\u00fcrlich<\/h2>\n<p>&nbsp;<\/p>\n<p><strong>Beleben Sie Ihre Haut mit unserer handgefertigten Maske auf der Basis von Spirulina und hochwertiger Tonerde.<\/strong><\/p>\n<ul>\n<li><strong>Hauptinhaltsstoffe:<\/strong> Spirulina, gr\u00fcne und wei\u00dfe Tonerde.<\/li>\n<li><strong>Hauttyp:<\/strong> Perfekt f\u00fcr Mischhaut bis fettige Haut.<\/li>\n<\/ul>\n<p><strong>Vorteile :<\/strong><\/p>\n<ul>\n<li><strong>Reinigt und entgiftet<\/strong>: Entfernt Unreinheiten und kl\u00e4rt die Haut.<\/li>\n<li><strong>Remineralisierend<\/strong>: Versorgt mit essentiellen Mineralien und Spurenelementen f\u00fcr einen strahlenden Teint.<\/li>\n<li><strong>Sanft und n\u00e4hrend<\/strong>: Macht die Epidermis weich und n\u00e4hrt sie gleichzeitig tiefgreifend.<\/li>\n<\/ul>\n<p><strong>Eigenschaften:<\/strong><br \/>\nNur mit nat\u00fcrlichen Zutaten wie Spirulina und Tonerde hergestellt, ohne jegliche Konservierungsstoffe, Laktose, Gluten, GVO, Parabene, Sulfate oder synthetische Farbstoffe.<\/p>\n<p><strong>Eigenschaften von Spirulina :<\/strong><\/p>\n<ul>\n<li>Erfrischend<\/li>\n<li>Antiseptikum<\/li>\n<li>Stimulierend<\/li>\n<\/ul>\n<p>Ver\u00e4ndern Sie auch Ihre Pflegeroutine mit unserer 100% nat\u00fcrlichen <a href=\"https:\/\/www.lespaillettesvertes.ch\/de\/produit\/reinigende-maske-mit-aktivkohle-entgiftend-regulierend\/\">Aktivkohlemaske<\/a>, die entgiftend und regenerierend wirkt und f\u00fcr eine gesunde und strahlende Haut sorgt!<\/p>\n","protected":false},"excerpt":{"rendered":"<p>Reinigende Maske mit Spirulina und Tonerde 100% nat\u00fcrlich &nbsp; Beleben Sie Ihre Haut mit unserer handgefertigten Maske auf der Basis von Spirulina und hochwertiger Tonerde. Hauptinhaltsstoffe: Spirulina, gr\u00fcne und wei\u00dfe Tonerde. Hauttyp: Perfekt f\u00fcr Mischhaut bis fettige Haut. Vorteile : Reinigt und entgiftet: Entfernt Unreinheiten und kl\u00e4rt die Haut. Remineralisierend: Versorgt mit essentiellen Mineralien und [&hellip;]<\/p>\n","protected":false},"featured_media":55478,"comment_status":"open","ping_status":"closed","template":"","meta":{"_acf_changed":false},"product_brand":[5106],"product_cat":[5236,5235],"product_tag":[],"class_list":{"0":"post-56129","1":"product","2":"type-product","3":"status-publish","4":"has-post-thumbnail","6":"product_brand-harmony","7":"product_cat-entspannung","8":"product_cat-wohlbefinden","9":"product_shipping_class-3d-objekte","11":"first","12":"instock","13":"purchasable","14":"product-type-simple"},"acf":[],"jetpack_sharing_enabled":true,"_links":{"self":[{"href":"https:\/\/www.lespaillettesvertes.ch\/de\/wp-json\/wp\/v2\/product\/56129","targetHints":{"allow":["GET"]}}],"collection":[{"href":"https:\/\/www.lespaillettesvertes.ch\/de\/wp-json\/wp\/v2\/product"}],"about":[{"href":"https:\/\/www.lespaillettesvertes.ch\/de\/wp-json\/wp\/v2\/types\/product"}],"replies":[{"embeddable":true,"href":"https:\/\/www.lespaillettesvertes.ch\/de\/wp-json\/wp\/v2\/comments?post=56129"}],"wp:featuredmedia":[{"embeddable":true,"href":"https:\/\/www.lespaillettesvertes.ch\/de\/wp-json\/wp\/v2\/media\/55478"}],"wp:attachment":[{"href":"https:\/\/www.lespaillettesvertes.ch\/de\/wp-json\/wp\/v2\/media?parent=56129"}],"wp:term":[{"taxonomy":"product_brand","embeddable":true,"href":"https:\/\/www.lespaillettesvertes.ch\/de\/wp-json\/wp\/v2\/product_brand?post=56129"},{"taxonomy":"product_cat","embeddable":true,"href":"https:\/\/www.lespaillettesvertes.ch\/de\/wp-json\/wp\/v2\/product_cat?post=56129"},{"taxonomy":"product_tag","embeddable":true,"href":"https:\/\/www.lespaillettesvertes.ch\/de\/wp-json\/wp\/v2\/product_tag?post=56129"}],"curies":[{"name":"wp","href":"https:\/\/api.w.org\/{rel}","templated":true}]}}