{"id":56114,"date":"2024-11-21T15:24:34","date_gmt":"2024-11-21T14:24:34","guid":{"rendered":"https:\/\/www.lespaillettesvertes.ch\/produit\/geschenkbox-essential-masculin\/"},"modified":"2026-01-15T15:43:40","modified_gmt":"2026-01-15T14:43:40","slug":"geschenkbox-essential-masculin","status":"publish","type":"product","link":"https:\/\/www.lespaillettesvertes.ch\/de\/produit\/geschenkbox-essential-masculin\/","title":{"rendered":"Geschenkbox &#8211; Essential Masculin"},"content":{"rendered":"<p><strong>Perfektes Geschenkset f\u00fcr M\u00e4nner<\/strong><\/p>\n<p>Verschenken Sie eine umfassende Pflege mit unserem <strong>Geschenkset f\u00fcr M\u00e4nner<\/strong>, das speziell f\u00fcr die Bed\u00fcrfnisse der Haut und des Bartes des modernen Mannes entwickelt wurde. Dieses Set enth\u00e4lt hochwertige Naturprodukte f\u00fcr ein unvergleichliches Pflegeritual f\u00fcr den Mann: <\/p>\n<ul>\n<li><a href=\"https:\/\/www.lespaillettesvertes.ch\/de\/produit\/natuerliche-rasierseife-beruhigender-schaum\/\"><strong>Rasierseife mit Orangengeschmack<\/strong><\/a> : Sorgt f\u00fcr eine sanfte und angenehme Rasur und hinterl\u00e4sst eine glatte und beruhigte Haut.<\/li>\n<li><a href=\"https:\/\/www.lespaillettesvertes.ch\/de\/produit\/natuerlicher-bartbalsam\/\"><strong>Bartbalsam<\/strong><\/a> : Spendet tiefgehende Feuchtigkeit und parf\u00fcmiert den Bart zart f\u00fcr ein angenehmes und frisches Gef\u00fchl den ganzen Tag lang.<\/li>\n<li><a href=\"https:\/\/www.lespaillettesvertes.ch\/de\/produit\/natuerliches-deodorant-parfuemfrei\/\"><strong>Neutrales Deodorant<\/strong><\/a> : Sorgt f\u00fcr einen wirksamen Schutz und lang anhaltende Frische, ohne Spuren zu hinterlassen.<\/li>\n<\/ul>\n<p>Ein perfektes Geschenkset f\u00fcr elegante M\u00e4nner, die Wert auf ihr Wohlbefinden und ihr Aussehen legen. Ein ideales Geschenk f\u00fcr jeden Anlass. \ud83c\udf3f<\/p>\n<div>\n<p>&nbsp;<\/p>\n<\/div>\n","protected":false},"excerpt":{"rendered":"<p>\ud83d\udc49 F <strong>\u00fcgen Sie praktisches Zubeh\u00f6r hinzu!<\/strong> Personalisieren Sie diese Box mit Seifenschalen, einem umweltfreundlichen Papiertuch oder anderen Dingen.<\/p>\n","protected":false},"featured_media":57413,"comment_status":"open","ping_status":"closed","template":"","meta":{"_acf_changed":false},"product_brand":[],"product_cat":[5229],"product_tag":[],"class_list":{"0":"post-56114","1":"product","2":"type-product","3":"status-publish","4":"has-post-thumbnail","6":"product_cat-geschenke","7":"product_shipping_class-3d-objekte","9":"first","10":"instock","11":"sale","12":"purchasable","13":"product-type-simple"},"acf":[],"jetpack_sharing_enabled":true,"_links":{"self":[{"href":"https:\/\/www.lespaillettesvertes.ch\/de\/wp-json\/wp\/v2\/product\/56114","targetHints":{"allow":["GET"]}}],"collection":[{"href":"https:\/\/www.lespaillettesvertes.ch\/de\/wp-json\/wp\/v2\/product"}],"about":[{"href":"https:\/\/www.lespaillettesvertes.ch\/de\/wp-json\/wp\/v2\/types\/product"}],"replies":[{"embeddable":true,"href":"https:\/\/www.lespaillettesvertes.ch\/de\/wp-json\/wp\/v2\/comments?post=56114"}],"wp:featuredmedia":[{"embeddable":true,"href":"https:\/\/www.lespaillettesvertes.ch\/de\/wp-json\/wp\/v2\/media\/57413"}],"wp:attachment":[{"href":"https:\/\/www.lespaillettesvertes.ch\/de\/wp-json\/wp\/v2\/media?parent=56114"}],"wp:term":[{"taxonomy":"product_brand","embeddable":true,"href":"https:\/\/www.lespaillettesvertes.ch\/de\/wp-json\/wp\/v2\/product_brand?post=56114"},{"taxonomy":"product_cat","embeddable":true,"href":"https:\/\/www.lespaillettesvertes.ch\/de\/wp-json\/wp\/v2\/product_cat?post=56114"},{"taxonomy":"product_tag","embeddable":true,"href":"https:\/\/www.lespaillettesvertes.ch\/de\/wp-json\/wp\/v2\/product_tag?post=56114"}],"curies":[{"name":"wp","href":"https:\/\/api.w.org\/{rel}","templated":true}]}}