{"id":56107,"date":"2025-08-17T17:02:50","date_gmt":"2025-08-17T15:02:50","guid":{"rendered":"https:\/\/www.lespaillettesvertes.ch\/produit\/nachfuellpackung-spuelbuerste-messing-fiber\/"},"modified":"2026-03-10T12:13:26","modified_gmt":"2026-03-10T11:13:26","slug":"nachfuellpackung-spuelbuerste-messing-fiber","status":"publish","type":"product","link":"https:\/\/www.lespaillettesvertes.ch\/de\/produit\/nachfuellpackung-spuelbuerste-messing-fiber\/","title":{"rendered":"Duo Nachf\u00fcllpack Sp\u00fclb\u00fcrste Messing &amp; Fiber"},"content":{"rendered":"<p data-start=\"123\" data-end=\"304\">Duo Nachf\u00fcllpackung, kompatibel mit der Sp\u00fclb\u00fcrste aus Messing und Fiber, ideal zum Schrubben von Topfb\u00f6den und anderen hartn\u00e4ckigen Oberfl\u00e4chen.<br data-start=\"272\" data-end=\"275\">Ma\u00dfe: Durchmesser 4 cm.<\/p>\n","protected":false},"excerpt":{"rendered":"<p>Duo Nachf\u00fcllpackung, kompatibel mit der Sp\u00fclb\u00fcrste aus Messing und Fiber, ideal zum Schrubben von Topfb\u00f6den und anderen hartn\u00e4ckigen Oberfl\u00e4chen.Ma\u00dfe: Durchmesser 4 cm.<\/p>\n","protected":false},"featured_media":57519,"comment_status":"open","ping_status":"closed","template":"","meta":{"_acf_changed":false},"product_brand":[],"product_cat":[5198,5197,5225],"product_tag":[],"class_list":{"0":"post-56107","1":"product","2":"type-product","3":"status-publish","4":"has-post-thumbnail","6":"product_cat-haushaltsprodukte","7":"product_cat-haushaltszubehor","8":"product_cat-kuche","10":"first","11":"instock","12":"purchasable","13":"product-type-simple"},"acf":[],"jetpack_sharing_enabled":true,"_links":{"self":[{"href":"https:\/\/www.lespaillettesvertes.ch\/de\/wp-json\/wp\/v2\/product\/56107","targetHints":{"allow":["GET"]}}],"collection":[{"href":"https:\/\/www.lespaillettesvertes.ch\/de\/wp-json\/wp\/v2\/product"}],"about":[{"href":"https:\/\/www.lespaillettesvertes.ch\/de\/wp-json\/wp\/v2\/types\/product"}],"replies":[{"embeddable":true,"href":"https:\/\/www.lespaillettesvertes.ch\/de\/wp-json\/wp\/v2\/comments?post=56107"}],"wp:featuredmedia":[{"embeddable":true,"href":"https:\/\/www.lespaillettesvertes.ch\/de\/wp-json\/wp\/v2\/media\/57519"}],"wp:attachment":[{"href":"https:\/\/www.lespaillettesvertes.ch\/de\/wp-json\/wp\/v2\/media?parent=56107"}],"wp:term":[{"taxonomy":"product_brand","embeddable":true,"href":"https:\/\/www.lespaillettesvertes.ch\/de\/wp-json\/wp\/v2\/product_brand?post=56107"},{"taxonomy":"product_cat","embeddable":true,"href":"https:\/\/www.lespaillettesvertes.ch\/de\/wp-json\/wp\/v2\/product_cat?post=56107"},{"taxonomy":"product_tag","embeddable":true,"href":"https:\/\/www.lespaillettesvertes.ch\/de\/wp-json\/wp\/v2\/product_tag?post=56107"}],"curies":[{"name":"wp","href":"https:\/\/api.w.org\/{rel}","templated":true}]}}