{"id":56105,"date":"2025-08-17T17:00:29","date_gmt":"2025-08-17T15:00:29","guid":{"rendered":"https:\/\/www.lespaillettesvertes.ch\/produit\/topfbuerste-messing\/"},"modified":"2026-01-20T14:51:16","modified_gmt":"2026-01-20T13:51:16","slug":"topfbuerste-messing","status":"publish","type":"product","link":"https:\/\/www.lespaillettesvertes.ch\/de\/produit\/topfbuerste-messing\/","title":{"rendered":"Duo Topfb\u00fcrste Messing"},"content":{"rendered":"<p data-start=\"70\" data-end=\"112\"><strong data-start=\"70\" data-end=\"110\">Topfb\u00fcrste Messing<\/strong><\/p>\n<p data-start=\"114\" data-end=\"366\">Die Topfb\u00fcrste aus Messing ist ideal zum Schaben und Reinigen von Topfb\u00f6den, Grillrosten und anderen Oberfl\u00e4chen, ohne diese zu verkratzen. Der ergonomische Griff liegt gut in der Hand und ist bequem zu bedienen. <\/p>\n<p data-start=\"368\" data-end=\"595\">\n","protected":false},"excerpt":{"rendered":"<p>Topfb\u00fcrste Messing Die Topfb\u00fcrste aus Messing ist ideal zum Schaben und Reinigen von Topfb\u00f6den, Grillrosten und anderen Oberfl\u00e4chen, ohne diese zu verkratzen. Der ergonomische Griff liegt gut in der Hand und ist bequem zu bedienen.<\/p>\n","protected":false},"featured_media":57513,"comment_status":"open","ping_status":"closed","template":"","meta":{"_acf_changed":false},"product_brand":[],"product_cat":[5198,5197,5225],"product_tag":[],"class_list":{"0":"post-56105","1":"product","2":"type-product","3":"status-publish","4":"has-post-thumbnail","6":"product_cat-haushaltsprodukte","7":"product_cat-haushaltszubehor","8":"product_cat-kuche","9":"_wholesalex wsx-wholesalex-product","11":"first","12":"instock","13":"purchasable","14":"product-type-simple"},"acf":[],"jetpack_sharing_enabled":true,"_links":{"self":[{"href":"https:\/\/www.lespaillettesvertes.ch\/de\/wp-json\/wp\/v2\/product\/56105","targetHints":{"allow":["GET"]}}],"collection":[{"href":"https:\/\/www.lespaillettesvertes.ch\/de\/wp-json\/wp\/v2\/product"}],"about":[{"href":"https:\/\/www.lespaillettesvertes.ch\/de\/wp-json\/wp\/v2\/types\/product"}],"replies":[{"embeddable":true,"href":"https:\/\/www.lespaillettesvertes.ch\/de\/wp-json\/wp\/v2\/comments?post=56105"}],"wp:featuredmedia":[{"embeddable":true,"href":"https:\/\/www.lespaillettesvertes.ch\/de\/wp-json\/wp\/v2\/media\/57513"}],"wp:attachment":[{"href":"https:\/\/www.lespaillettesvertes.ch\/de\/wp-json\/wp\/v2\/media?parent=56105"}],"wp:term":[{"taxonomy":"product_brand","embeddable":true,"href":"https:\/\/www.lespaillettesvertes.ch\/de\/wp-json\/wp\/v2\/product_brand?post=56105"},{"taxonomy":"product_cat","embeddable":true,"href":"https:\/\/www.lespaillettesvertes.ch\/de\/wp-json\/wp\/v2\/product_cat?post=56105"},{"taxonomy":"product_tag","embeddable":true,"href":"https:\/\/www.lespaillettesvertes.ch\/de\/wp-json\/wp\/v2\/product_tag?post=56105"}],"curies":[{"name":"wp","href":"https:\/\/api.w.org\/{rel}","templated":true}]}}