{"id":56009,"date":"2023-11-30T19:06:55","date_gmt":"2023-11-30T18:06:55","guid":{"rendered":"https:\/\/www.lespaillettesvertes.ch\/produit\/waschbares-kuechenrollenquadrat-herbst-von-lisa-voisard\/"},"modified":"2026-01-01T09:57:17","modified_gmt":"2026-01-01T08:57:17","slug":"waschbares-kuechenrollenquadrat-herbst-von-lisa-voisard","status":"publish","type":"product","link":"https:\/\/www.lespaillettesvertes.ch\/de\/produit\/waschbares-kuechenrollenquadrat-herbst-von-lisa-voisard\/","title":{"rendered":"Waschbares K\u00fcchenrollenquadrat Herbst von Lisa Voisard"},"content":{"rendered":"<h3>&#8222;Le Carr\u00e9&#8220; von Les Paillettes Vertes<\/h3>\n<p><strong>&#8222;Le Carr\u00e9&#8220;<\/strong> ist ein sehr <strong>saugf\u00e4higes, weiches, wiederverwendbares und umweltfreundliches<\/strong> <strong>Frotteehandtuch<\/strong>.<\/p>\n<p>Zum <strong>Aufsaugen von Fl\u00fcssigkeiten<\/strong>, zum <strong>Reinigen<\/strong> der K\u00fcche oder des Badezimmers, zum <strong>Abwischen <\/strong>Ihres Tisches, zum Polieren<strong> von<\/strong>Fenstern, zum Waschen der H\u00e4nde Ihrer Kinder oder zum Abwischen von Hundepfoten ist &#8222;Le Carr\u00e9&#8220; <strong>sehr vielseitig<\/strong> einsetzbar. Es ist sehr saugf\u00e4hig, angenehm weich und fusselfrei. <\/p>\n<p>Bei Bedarf k\u00f6nnen Sie es einfach in der <strong>Waschmaschine<\/strong> oder im <strong>Geschirrsp\u00fcler<\/strong> (bis <strong>95\u00b0C<\/strong>!) reinigen. Um<strong> die Farbe zu erneuern<\/strong>, kann ein Bad in einer warmen L\u00f6sung von Natriumperkarbonat die<strong> Farbe<\/strong> wieder zum Leuchten bringen. <\/p>\n<p>Sie werden verstehen, dass &#8222;Le Carr\u00e9&#8220; <strong>immer und immer und immer wieder verwendet werden kann<\/strong>. Es wird <strong>monatelang halten <\/strong>und wenn es zu sehr abgenutzt ist, k\u00f6nnen Sie es einfach auf den <strong>Kompost<\/strong> werfen.<\/p>\n<p>Aus <strong>100% Naturfasern<\/strong> (70% Holzzellulose \/ 30% Baumwolle) hergestellt, ist &#8222;Le Carr\u00e9&#8220; <strong>biologisch abbaubar<\/strong> und sogar <strong>kompostierbar<\/strong>! Es <strong>zersetzt sich<\/strong> <strong>innerhalb von 24 Wochen in<\/strong> Ihrem Boden oder auf Ihrem Kompost.<\/p>\n<p>Ein <strong>nat\u00fcrliches &amp; kokonartiges Design, <\/strong>das<strong> das Herz f\u00fcr den Herbst erw\u00e4rmt<\/strong>!<\/p>\n<p>Das Design unseres neuen Wischtuchquadrats wurde von <strong>Lisa Voisard<\/strong>, einer Illustratorin, K\u00fcnstlerin und Grafikerin aus Lausanne, entworfen.<\/p>\n<p>Nur solange der Vorrat reicht.<\/p>\n<p>Bis zu <strong>300 Mal<\/strong> sp\u00fclmaschinen- und <strong>maschinenwaschbar<\/strong> <\/p>\n<p>70% Zellulose aus norwegischem FSC-Holz \/ 30% GOTS-Baumwolle.<\/p>\n<p>Wasserl\u00f6sliche Tinten<\/p>\n<p>Vollst\u00e4ndig <strong>kompostierbar<\/strong> innerhalb von 24 Wochen<\/p>\n<div>\n<div>\n<div>\n<p>Format: ca. 170 x 195 mm<\/p>\n<p><strong>Entworfen in Lausanne<\/strong>, hergestellt und gedruckt in <strong>Deutschland<\/strong><\/p>\n<\/div>\n<\/div>\n<\/div>\n<h3>\u00dcber die Marke<\/h3>\n<p>Les Paillettes Vertes bringen ihre eigenen umweltfreundlichen Produkte auf den Markt!<\/p>\n<p>Wir m\u00f6chten eine Reihe von<strong>nachhaltigen und effizienten Gegenst\u00e4nden<\/strong> anbieten, die<strong> gesunde Alternativen<\/strong> zu den Produkten der gro\u00dfen Handelsketten bieten und dem Verbraucher die M\u00f6glichkeit geben, t\u00e4glich etwas f\u00fcr den Planeten zu tun.<\/p>\n<p>Mit unserem Projekt &#8222;Le Carr\u00e9&#8220; m\u00f6chten wir <strong>K\u00fcnstler aus unserer Umgebung in<\/strong> den Vordergrund stellen, um f\u00fcr eine gewisse Zeit den Alltagsgegenstand &#8222;Le Carr\u00e9&#8220; zu schm\u00fccken und <strong>Farbe und Poesie in unsere H\u00e4user zu bringen<\/strong>&#8230;<\/p>\n<p><strong>\u00dcber Lisa&#8230;<\/strong><\/p>\n<p>Grafikdesignerin und Illustratorin aus Lausanne.<\/p>\n<p>Lisa entwirft<strong> B\u00fccher zur Naturbeobachtung<\/strong> (Ornithorama, Arborama und Insectorama aus dem Elvetik-Verlag, das ist sie&#8230;). Sie entwirft <g id=\"gid_1\">Illustrationen zur Dekoration des Hauses<\/g>, aber auch <g id=\"gid_2\">dekorative Objekte<\/g> wie Kissen oder<g id=\"gid_3\"> Accessoires<\/g> wie Taschen oder Socken. Sie verbindet gekonnt einen <strong>frischen und grafischen Illustrationsstil<\/strong> mit Objektdesign und der Welt der Textilien.  <\/p>\n<p>Seine Welt zieht Kinder <strong>und<\/strong> Erwachsene gleicherma\u00dfen an.<\/p>\n<p>Wir freuen uns sehr, Ihnen das Ergebnis dieser k\u00fcnstlerischen Zusammenarbeit pr\u00e4sentieren zu k\u00f6nnen.<\/p>\n<p>Um ihre Welt zu entdecken : <a href=\"https:\/\/www.lisavoisard.ch\/\" target=\"_blank\" rel=\"noopener\"><strong>https:\/\/www.lisavoisard.ch\/<\/strong><\/a><\/p>\n<h3>Der Rat der Gr\u00fcnen Pailletten<\/h3>\n<p><em>&#8222;Le Carr\u00e9&#8220; by Les Paillettes Vertes ist f\u00fcr uns eine reine und einfache <strong>Selbstverst\u00e4ndlichkeit<\/strong>.  <\/em><\/p>\n<p><em><strong>In der Schweiz<\/strong> werden tonnenweise<strong>Haushaltspapierrollen <\/strong>oder <strong>Papiert\u00fccher aus synthetischen Materialien<\/strong>, Mikrofaser, Viskose oder Polyester verwendet.  <\/em><\/p>\n<p><em>Die ersten sind f\u00fcr den einmaligen Gebrauch bestimmt und verursachen eine enorme Papierverschwendung. Die synthetischen Fasern verschwinden in den Abfl\u00fcssen, genau wie bei herk\u00f6mmlichen Schw\u00e4mmen. <\/em><\/p>\n<p><em>Bei guter Pflege und regelm\u00e4\u00dfigem Waschen<strong>wird &#8222;Le Carr\u00e9&#8220; monatelang halten<\/strong> und somit<strong>Papierverschwendung vermeiden<\/strong>. Die <strong>Naturfasern <\/strong>haben <strong>keine negativen Auswirkungen auf die Umwelt<\/strong>, im Gegenteil, sie <strong>n\u00e4hren Ihren Boden <\/strong>und helfen Ihnen, Ihren Salat anzubauen! <\/em><\/p>\n<p><em>Mit einer sch\u00f6nen Auswahl an Farben und Mustern ist &#8222;Le Carr\u00e9&#8220; ein echter Hingucker.<\/em><\/p>\n","protected":false},"excerpt":{"rendered":"<p><strong>Waschbare <\/strong> Papiert\u00fccher<\/p>\n<p>Limitierte Auflage, f\u00fcr uns illustriert von <strong>Lisa Voisard.<\/strong><\/p>\n<p>Farben: <strong>K\u00fcrbiswei\u00df, Eichengelb, Teekannengr\u00fcn<\/strong><\/p>\n<p><strong>3er-Set im Angebot<\/strong>!<\/p>\n","protected":false},"featured_media":54247,"comment_status":"open","ping_status":"closed","template":"","meta":{"_acf_changed":false},"product_brand":[3823],"product_cat":[5197,5198],"product_tag":[],"class_list":{"0":"post-56009","1":"product","2":"type-product","3":"status-publish","4":"has-post-thumbnail","6":"product_brand-les-paillettes-vertes","7":"product_cat-haushaltszubehor","8":"product_cat-haushaltsprodukte","9":"product_shipping_class-gerichte","10":"_wholesalex wsx-wholesalex-product","12":"first","13":"outofstock","14":"purchasable","15":"product-type-variable"},"acf":[],"jetpack_sharing_enabled":true,"_links":{"self":[{"href":"https:\/\/www.lespaillettesvertes.ch\/de\/wp-json\/wp\/v2\/product\/56009","targetHints":{"allow":["GET"]}}],"collection":[{"href":"https:\/\/www.lespaillettesvertes.ch\/de\/wp-json\/wp\/v2\/product"}],"about":[{"href":"https:\/\/www.lespaillettesvertes.ch\/de\/wp-json\/wp\/v2\/types\/product"}],"replies":[{"embeddable":true,"href":"https:\/\/www.lespaillettesvertes.ch\/de\/wp-json\/wp\/v2\/comments?post=56009"}],"wp:featuredmedia":[{"embeddable":true,"href":"https:\/\/www.lespaillettesvertes.ch\/de\/wp-json\/wp\/v2\/media\/54247"}],"wp:attachment":[{"href":"https:\/\/www.lespaillettesvertes.ch\/de\/wp-json\/wp\/v2\/media?parent=56009"}],"wp:term":[{"taxonomy":"product_brand","embeddable":true,"href":"https:\/\/www.lespaillettesvertes.ch\/de\/wp-json\/wp\/v2\/product_brand?post=56009"},{"taxonomy":"product_cat","embeddable":true,"href":"https:\/\/www.lespaillettesvertes.ch\/de\/wp-json\/wp\/v2\/product_cat?post=56009"},{"taxonomy":"product_tag","embeddable":true,"href":"https:\/\/www.lespaillettesvertes.ch\/de\/wp-json\/wp\/v2\/product_tag?post=56009"}],"curies":[{"name":"wp","href":"https:\/\/api.w.org\/{rel}","templated":true}]}}