{"id":56006,"date":"2023-11-30T19:07:07","date_gmt":"2023-11-30T18:07:07","guid":{"rendered":"https:\/\/www.lespaillettesvertes.ch\/produit\/pflanzlicher-aktivkohlestift\/"},"modified":"2023-11-30T19:07:07","modified_gmt":"2023-11-30T18:07:07","slug":"pflanzlicher-aktivkohlestift","status":"publish","type":"product","link":"https:\/\/www.lespaillettesvertes.ch\/de\/produit\/pflanzlicher-aktivkohlestift\/","title":{"rendered":"Pflanzlicher Aktivkohlestift"},"content":{"rendered":"<h3>Pflanzlicher Aktivkohlestift<\/h3>\n<div>\n<div>\n<div>\n<div>\n<p>Die 1. <strong>Aktivkohle <\/strong>100 % Made in France<\/p>\n<p>100 % nat\u00fcrliche pflanzliche Aktivkohle <strong>zum Filtern von Leitungswasser<\/strong>.<\/p>\n<p>Bis zu <strong>6 Monate gereinigtes Wasser<\/strong>.<\/p>\n<p>Holz aus nachhaltig bewirtschafteten W\u00e4ldern (PEFC &amp; FSC)<\/p>\n<p>Herkunft: Frankreich (Eiche und Buche)<\/p>\n<p>Gr\u00f6\u00dfe: ca. 2 x 11 cm<\/p>\n<p>Verpackt in Frankreich<\/p>\n<\/div>\n<\/div>\n<\/div>\n<\/div>\n<p><strong><u>Hinweise zur Verwendung :<\/u><\/strong><\/p>\n<div>\n<div>\n<p>Wie verwende ich den franz\u00f6sischen Aktivkohlestift?<\/p>\n<ul>\n<li>Kochen Sie den Stock f\u00fcr ca. 10 Minuten<\/li>\n<li>Lassen Sie es gut trocknen, bevor Sie es in Ihren Beh\u00e4lter legen.<\/li>\n<li>Stecken Sie den Stab in 1 Liter flie\u00dfendes Wasser.<\/li>\n<li>Warten Sie 4 bis 8 Stunden, damit die Aktivkohle optimal wirken kann.<\/li>\n<li>Verbrauchen!<\/li>\n<\/ul>\n<p><strong><u>Wartung :<\/u><\/strong><\/p>\n<p>Nach 1-3 Monaten Gebrauch (abh\u00e4ngig von der Wasserqualit\u00e4t in Ihrer Gemeinde) wiederholen Sie die Schritte 1-4. Nach 6 Monaten recyceln Sie den Aktivkohlestift in den Pflanzen oder im Kompost. <\/p>\n<p>DIE KOHLE SCHWIMMT.<\/p>\n<p>Es ist rau und kann brechen und zerbrechen, aber das hat keinen Einfluss auf seine Wirksamkeit!<\/p>\n<\/div>\n<\/div>\n<h3>\u00dcber die Marke<\/h3>\n<div>\n<p>LE CHARBON ACTIF FRAN\u00c7AIS ist eine Marke der Firma BIJIN.<\/p>\n<p>Alexandra Polya gr\u00fcndete gleichzeitig Bijin (Bio-Kosmetik aus \u00fcberlieferten japanischen Sch\u00f6nheitsritualen) und Takesumi (Bambuskohle) Ende 2018 nach einem langen Aufenthalt von 11 Jahren in Japan.<\/p>\n<p>Um <strong>seinen CO2-Fu\u00dfabdruck<\/strong> durch den Import japanischer Kohle zu <strong>begrenzen<\/strong>, entschied sich das Unternehmen 2020, eine Alternative &#8222;made in France&#8220; anzubieten und schloss sich mit dem letzten franz\u00f6sischen Karbonisierer zusammen, um ein handwerkliches und lokales Angebot anzubieten. Die franz\u00f6sische Aktivkohle wird zur franz\u00f6sischen L\u00f6sung f\u00fcr die t\u00e4gliche Wasserreinigung. <\/p>\n<p>Ihre Lieferanten sind Handwerker, die aus Generationen von Brennmeistern hervorgegangen sind und \u00fcber das \u00fcberlieferte Know-how f\u00fcr die Verkohlung von pflanzlicher Aktivkohle verf\u00fcgen. Alle Kohlen werden auf nat\u00fcrliche Weise verkohlt und sind garantiert frei von chemischen R\u00fcckst\u00e4nden. <\/p>\n<p>Ihr Ziel ist es, zur <strong>Reduzierung von Plastikm\u00fcll<\/strong> beizutragen, indem sie umweltfreundliche, wirtschaftliche und praktische L\u00f6sungen f\u00fcr die Wasserreinigung anbieten.<\/p>\n<div>\n<div>\n<div>\n<p><strong>Ihre Verpflichtungen<\/strong><\/p>\n<\/div>\n<div>\n<p>Sie sind bestrebt, <strong>umweltfreundliche, abfallfreie Produkte und L\u00f6sungen<\/strong> anzubieten, die die <strong>Natur und den Menschen respektieren<\/strong>.<\/p>\n<p>Sie wenden die <strong>5R-Regel<\/strong> an: ablehnen, reduzieren, wiederverwenden, recyceln, der Erde zur\u00fcckgeben und arbeiten daran, dass jeder sie auf seiner Ebene wieder anwenden kann.<\/p>\n<\/div>\n<\/div>\n<\/div>\n<\/div>\n<p>&nbsp;<\/p>\n","protected":false},"excerpt":{"rendered":"<div>\n<div>\n<div>\n<p>Franz\u00f6sische <strong>Aktivkohle<\/strong><\/p>\n<p>1 Filterstab &#8211; Aktivkohle aus Eiche und Buche<\/p>\n<p>Gr\u00f6\u00dfe: 2 x 11 cm<\/p>\n<p>&nbsp;<\/p>\n<\/div>\n<\/div>\n<\/div>\n","protected":false},"featured_media":54183,"comment_status":"open","ping_status":"closed","template":"","meta":{"_acf_changed":false},"product_brand":[],"product_cat":[5205,5214],"product_tag":[],"class_list":{"0":"post-56006","1":"product","2":"type-product","3":"status-publish","4":"has-post-thumbnail","6":"product_cat-outdoor","7":"product_cat-outdoor-produkte","8":"product_shipping_class-midilettres","9":"_wholesalex wsx-wholesalex-product","11":"first","12":"instock","13":"purchasable","14":"product-type-simple"},"acf":[],"jetpack_sharing_enabled":true,"_links":{"self":[{"href":"https:\/\/www.lespaillettesvertes.ch\/de\/wp-json\/wp\/v2\/product\/56006","targetHints":{"allow":["GET"]}}],"collection":[{"href":"https:\/\/www.lespaillettesvertes.ch\/de\/wp-json\/wp\/v2\/product"}],"about":[{"href":"https:\/\/www.lespaillettesvertes.ch\/de\/wp-json\/wp\/v2\/types\/product"}],"replies":[{"embeddable":true,"href":"https:\/\/www.lespaillettesvertes.ch\/de\/wp-json\/wp\/v2\/comments?post=56006"}],"wp:featuredmedia":[{"embeddable":true,"href":"https:\/\/www.lespaillettesvertes.ch\/de\/wp-json\/wp\/v2\/media\/54183"}],"wp:attachment":[{"href":"https:\/\/www.lespaillettesvertes.ch\/de\/wp-json\/wp\/v2\/media?parent=56006"}],"wp:term":[{"taxonomy":"product_brand","embeddable":true,"href":"https:\/\/www.lespaillettesvertes.ch\/de\/wp-json\/wp\/v2\/product_brand?post=56006"},{"taxonomy":"product_cat","embeddable":true,"href":"https:\/\/www.lespaillettesvertes.ch\/de\/wp-json\/wp\/v2\/product_cat?post=56006"},{"taxonomy":"product_tag","embeddable":true,"href":"https:\/\/www.lespaillettesvertes.ch\/de\/wp-json\/wp\/v2\/product_tag?post=56006"}],"curies":[{"name":"wp","href":"https:\/\/api.w.org\/{rel}","templated":true}]}}