{"id":55997,"date":"2024-09-23T15:17:42","date_gmt":"2024-09-23T13:17:42","guid":{"rendered":"https:\/\/www.lespaillettesvertes.ch\/produit\/waya-knabberzahnpasta-natuerliche-schweizer-frische\/"},"modified":"2024-09-23T15:17:42","modified_gmt":"2024-09-23T13:17:42","slug":"waya-knabberzahnpasta-natuerliche-schweizer-frische","status":"publish","type":"product","link":"https:\/\/www.lespaillettesvertes.ch\/de\/produit\/waya-knabberzahnpasta-natuerliche-schweizer-frische\/","title":{"rendered":"Waya Knabberzahnpasta &#8211; Nat\u00fcrliche Schweizer Frische"},"content":{"rendered":"<h3>Schweizer Zahnpasta zum Kauen Waya<\/h3>\n<div>\n<p>Die beste Zahnpasta f\u00fcr Ihre Gesundheit und den Planeten!<\/p>\n<\/div>\n<div>\n<p><strong>WAYA<\/strong> ist eine <strong>nat\u00fcrliche Zahnpasta<\/strong>, die <strong>genauso gut und wirksam wie eine herk\u00f6mmliche Zahnpasta<\/strong> ist. Dar\u00fcber hinaus ist die <strong>Verpackung aus plastikfreiem Karton<\/strong>, der zusammen mit Papier recycelt wird. <\/p>\n<\/div>\n<p>Sie brauchen nur<strong>eine Tablette pro B\u00fcrste <\/strong>:  <\/p>\n<ul>\n<li>Bei\u00dfen Sie in den sauren Apfel<\/li>\n<li>Putzen Sie Ihre Z\u00e4hne mit Ihrer normalen Zahnb\u00fcrste.<\/li>\n<li>Sp\u00fclen Sie Ihren Mund aus<\/li>\n<li>L\u00e4cheln \ud83d\ude42<\/li>\n<\/ul>\n<p><strong>Gesch\u00e4tzte Aufbrauchsdauer<\/strong>: <strong>1 Monat<\/strong> bei zweimaligem Z\u00e4hneputzen pro Tag. Sie k\u00f6nnen sogar die H\u00e4lfte der Tablette kauen, um die Wirkung zu verl\u00e4ngern. <\/p>\n<p>Diese Zahnpasta ersetzt Ihre Tube, aber nicht Ihre B\u00fcrste. <strong>Das Putzen bleibt <\/strong>f\u00fcr eine gesunde Mundhygiene <strong>unerl\u00e4sslich <\/strong>.<\/p>\n<p><strong>100% nat\u00fcrliche &amp; biologische <\/strong> Zahnpasta  <\/p>\n<ul>\n<li>Lang anhaltender <strong>Geschmack und Frische <\/strong><\/li>\n<li><strong>Sch\u00fctzt<\/strong> vor Karies<\/li>\n<li><strong>Bequem <\/strong>zu benutzen und zu transportieren!<\/li>\n<li>Angenehmer, leichter <strong>Schaum <\/strong><\/li>\n<li><strong>1 Beutel = 2 Mal t\u00e4gliches Z\u00e4hneputzen<\/strong> f\u00fcr ca. 1 Monat<\/li>\n<li><strong>Zero<\/strong> Waste \u2192 100% recycelbarer Papierbeutel<\/li>\n<li>Von Zahn\u00e4rzten <strong>best\u00e4tigt <\/strong><\/li>\n<li><strong>Hergestellt in der Schweiz<\/strong><\/li>\n<\/ul>\n<p><strong>Zutaten:<\/strong><\/p>\n<div>\n<div>\n<ul>\n<li>Kalziumkarbonat: Die ausgew\u00e4hlte Sorte reinigt Ihre Z\u00e4hne sanft, um Ihnen ein nat\u00fcrlich wei\u00dfes L\u00e4cheln zur\u00fcckzugeben, ohne den Zahnschmelz zu besch\u00e4digen.<\/li>\n<li>Xylitol: Reduziert das Auftreten von Karies und bek\u00e4mpft Mundgeruch, indem es die Mundflora wieder ins Gleichgewicht bringt.<\/li>\n<li>Erythritol: wehrt Bakterien ab, bek\u00e4mpft Karies, reduziert Zahnbelag. F\u00f6rdert auch die Remineralisierung der Z\u00e4hne. <\/li>\n<li>Natriumbicarbonat: Reduziert Verf\u00e4rbungen auf den Z\u00e4hnen und l\u00e4sst sie wei\u00dfer erscheinen. Bek\u00e4mpft Aphten, indem es den pH-Wert im Mund wieder ins Gleichgewicht bringt. <\/li>\n<li>Menthol: Gibt einen frischen Atem und ein lang anhaltendes Gef\u00fchl sauberer Z\u00e4hne.<\/li>\n<li>Pfefferminze: Antibakteriell, reinigt den Mund, verleiht einen guten Atem und beugt Zahnschmerzen vor.<\/li>\n<li>Natriumlauroylglutamat: verleiht der Zahnpasta einen angenehmen Schaum.<\/li>\n<li>Xanthan gum: Gibt eine gute Textur im Mund.<\/li>\n<li>Echinacea: st\u00e4rkt das Immunsystem aufgrund seiner entz\u00fcndungshemmenden, antimikrobiellen und beruhigenden Eigenschaften.<\/li>\n<li>Zitronens\u00e4ure: reguliert den pH-Wert im Mund.<\/li>\n<li>Magnesium stearate: Anti-Agglomerat, erleichtert das Zusammendr\u00fccken der Tabletten.<\/li>\n<\/ul>\n<div>\n<div>\n<div>\n<div>\n<div>\n<p><strong>MIT ODER OHNE FLUORID: <\/strong>Sie k\u00f6nnen die fluoridierte Version f\u00fcr maximalen Schutz vor Karies oder eine Version ohne Natriumfluorid w\u00e4hlen.<\/p>\n<\/div>\n<\/div>\n<\/div>\n<\/div>\n<\/div>\n<\/div>\n<\/div>\n<p><strong>INCI Zutaten: <\/strong><em>Calcium Carbonate, Erythritol, Xylitol, Sodium Lauroyl Glutamate, Sodium Bicarbonate, Xanthan Gum, L-Menthol, Maltodextrin, Mentha Piperita Leaf Extract, Echinacea Purpurea Root Extract, Citric Acid, Magnesium Stearate, Sodium Fluoride (1450 ppm)*.<\/em><\/p>\n<p><em>* nicht in der Version OHNE FLUORIDE<\/em><\/p>\n<p><strong>Geeignet f\u00fcr schwangere und stillende Frauen. F\u00fcr Kinder ab 7 Jahren. Nicht schlucken. Nicht in Anwesenheit eines Erwachsenen verabreichen.     <\/strong><\/p>\n<p><strong>Aufbewahrung:  <\/strong><\/p>\n<p>An einem k\u00fchlen, trockenen und lichtgesch\u00fctzten Ort aufbewahren.<\/p>\n<h3>\u00dcber die Marke<\/h3>\n<p><strong>WAYA <\/strong>ist eine junge Schweizer Marke, die uns mit ihrem kompromisslosen Ansatz \u00fcberzeugt hat: <\/p>\n<p>Die WAYA Zahnpasta wurde im <strong>Wallis<\/strong> entwickelt, in <strong>Neuch\u00e2tel<\/strong> hergestellt und in einer Werkstatt f\u00fcr sozioprofessionelle Wiedereingliederung verpackt. Sie ist ein <strong>gesundes Produkt<\/strong>, das von Fachleuten der Mundgesundheit <strong>best\u00e4tigt<\/strong> wurde, und eine <strong>umweltfreundliche, recycelbare Verpackung<\/strong>.<\/p>\n<h3>Der Rat der Gr\u00fcnen Pailletten<\/h3>\n<p><em>&#8222;Warum eine Zahnpasta zum Kauen?<\/em><\/p>\n<p><em>Weil in einem Jahr 12 Plastikr\u00f6hren weniger weggeworfen werden!<\/em><\/p>\n<p><em>Da diese Tabletten trocken sind und kein Wasser enthalten, ben\u00f6tigen sie keine Plastikverpackung! Eine geniale L\u00f6sung, um die Millionen von Zahnpastatuben zu vermeiden, die jedes Jahr weggeworfen werden. <\/em><\/p>\n<p><em>Diese Gr\u00f6\u00dfe ist auch praktisch f\u00fcr unterwegs, beim Camping oder zur Reduzierung von Fl\u00fcssigkeiten bei Flugreisen.  <\/em><\/p>\n<p><em>Wir haben es getestet und f\u00fcr gut befunden: Der leichte Schaum ist sehr angenehm, das Ergebnis des Putzens sind saubere Z\u00e4hne und der Minzgeschmack ist erfrischend und nicht zu stark, sondern genau richtig!<\/em><\/p>\n<p><em>F\u00fcr eine optimale Aufbewahrung k\u00f6nnen Sie Ihre Tabletten in ein Glas oder eine kleine Dose mit mindestens 50 ml Inhalt geben, wie <a href=\"https:\/\/www.lespaillettesvertes.ch\/product-page\/pot-en-verre-blanc-et-couvercle-alu\" target=\"_blank\" rel=\"noopener\">dieses kleine Glas<\/a>:-)&#8220;.<\/em><\/p>\n","protected":false},"excerpt":{"rendered":"<p><strong>Schweizer Zahnpasta zum Kauen<\/strong><\/p>\n<p>Enth\u00e4lt: <strong>62 Pastillen<\/strong><\/p>\n<p>1 Tablette = 1 B\u00fcrste.<\/p>\n<p>3 Optionen zur Auswahl:<\/p>\n<ul>\n<li><strong>Starke Minze mit Fluorid<\/strong><\/li>\n<li><strong>S\u00fc\u00dfe Minze ohne Fluorid<\/strong><\/li>\n<li><strong>S\u00fc\u00dfe Minze mit Fluorid<\/strong><\/li>\n<\/ul>\n","protected":false},"featured_media":54177,"comment_status":"open","ping_status":"closed","template":"","meta":{"_acf_changed":false},"product_brand":[335],"product_cat":[5205,5214],"product_tag":[],"class_list":{"0":"post-55997","1":"product","2":"type-product","3":"status-publish","4":"has-post-thumbnail","6":"product_brand-waya","7":"product_cat-outdoor","8":"product_cat-outdoor-produkte","9":"product_shipping_class-gerichte","10":"_wholesalex wsx-wholesalex-product","12":"first","13":"outofstock","14":"purchasable","15":"product-type-variable"},"acf":[],"jetpack_sharing_enabled":true,"_links":{"self":[{"href":"https:\/\/www.lespaillettesvertes.ch\/de\/wp-json\/wp\/v2\/product\/55997","targetHints":{"allow":["GET"]}}],"collection":[{"href":"https:\/\/www.lespaillettesvertes.ch\/de\/wp-json\/wp\/v2\/product"}],"about":[{"href":"https:\/\/www.lespaillettesvertes.ch\/de\/wp-json\/wp\/v2\/types\/product"}],"replies":[{"embeddable":true,"href":"https:\/\/www.lespaillettesvertes.ch\/de\/wp-json\/wp\/v2\/comments?post=55997"}],"wp:featuredmedia":[{"embeddable":true,"href":"https:\/\/www.lespaillettesvertes.ch\/de\/wp-json\/wp\/v2\/media\/54177"}],"wp:attachment":[{"href":"https:\/\/www.lespaillettesvertes.ch\/de\/wp-json\/wp\/v2\/media?parent=55997"}],"wp:term":[{"taxonomy":"product_brand","embeddable":true,"href":"https:\/\/www.lespaillettesvertes.ch\/de\/wp-json\/wp\/v2\/product_brand?post=55997"},{"taxonomy":"product_cat","embeddable":true,"href":"https:\/\/www.lespaillettesvertes.ch\/de\/wp-json\/wp\/v2\/product_cat?post=55997"},{"taxonomy":"product_tag","embeddable":true,"href":"https:\/\/www.lespaillettesvertes.ch\/de\/wp-json\/wp\/v2\/product_tag?post=55997"}],"curies":[{"name":"wp","href":"https:\/\/api.w.org\/{rel}","templated":true}]}}