{"id":55992,"date":"2024-09-23T15:30:45","date_gmt":"2024-09-23T13:30:45","guid":{"rendered":"https:\/\/www.lespaillettesvertes.ch\/produit\/treemug-togo-350ml-tasse-thermische-isolierung\/"},"modified":"2026-03-04T12:41:05","modified_gmt":"2026-03-04T11:41:05","slug":"treemug-togo-350ml-tasse-thermische-isolierung","status":"publish","type":"product","link":"https:\/\/www.lespaillettesvertes.ch\/de\/produit\/treemug-togo-350ml-tasse-thermische-isolierung\/","title":{"rendered":"TreeMug ToGo 350ml Tasse &#8211; Thermische Isolierung"},"content":{"rendered":"<h3>Tasse \/ TreeMug ToGo 350ml<\/h3>\n<p>Mit dem <strong>ToGo TreeMug<\/strong> k\u00f6nnen Sie auf Einwegbecher verzichten und Ihren eigenen Kaffee oder Tee einfach von zu Hause mitbringen.<\/p>\n<p>Dank der<strong> doppelten Wand <\/strong>(wie bei den <a href=\"https:\/\/www.lespaillettesvertes.ch\/product-page\/gourde-isotherme-treebottle\" target=\"_blank\" rel=\"noopener\">TreeBottles<\/a> von Nikin)<strong> bleibt der Inhalt bis zu 6 Stunden hei\u00df oder bis zu 12 Stunden kalt<\/strong> &#8211; so kann man seinen eigenen Kaffee unterwegs oder sp\u00e4ter genie\u00dfen. Der Deckel enth\u00e4lt eine Trink\u00f6ffnung und kann abgenommen werden. <\/p>\n<ul>\n<li>H\u00e4lt den Inhalt <strong>bis zu 6 Stunden lang warm<\/strong> oder <strong>bis zu 12 Stunden lang kalt<\/strong><\/li>\n<li>Doppelwandige Tasse: 100% Edelstahl<\/li>\n<li>Deckel: 100% Polypropylen<\/li>\n<li>Inhalt: <strong>350ml<\/strong><\/li>\n<li><strong>BPA-frei<\/strong> (sch\u00e4dliche Industriechemikalie Bisphenol A)<\/li>\n<li>Beim Kauf eines TreeMug To Go wird <strong>ein Baum<\/strong> <strong>gepflanzt<\/strong>.<\/li>\n<li><strong>Handw\u00e4sche<\/strong><\/li>\n<li>In der Schweiz entworfen<\/li>\n<li>Fair hergestellt in China<\/li>\n<\/ul>\n<h3>\u00dcber die Marke<\/h3>\n<p>Nikin ist eine junge und dynamische Marke aus dem Aargau, die von vier Freunden gegr\u00fcndet wurde, denen es am Herzen liegt, \u00f6kologische und faire Alternativen anzubieten, um das Bewusstsein zu wecken.<\/p>\n<p><strong>F\u00fcr jedes verkaufte NIKIN-Produkt wird ein Baum gepflanzt<\/strong>. Es ist nicht ein einziger Baum, der die Welt \u00fcber Nacht ver\u00e4ndern wird, aber es ist ein Anfang. <\/p>\n<h3>Der Rat der Gr\u00fcnen Pailletten<\/h3>\n<p><em>&#8222;F\u00fcr viele ist der Kaffee am Morgen unerl\u00e4sslich, um in Gang zu kommen. Wie w\u00e4re es, wenn man die Einwegbecher zum Mitnehmen vergisst oder seinen Tee oder Kaffee von zu Hause mitbringt? <\/em><\/p>\n<p><em>Das ist gut f\u00fcr Sie, Ihre Gesundheit, Ihren Geldbeutel und den Planeten.<\/em><em>&#8222;<\/em><\/p>\n","protected":false},"excerpt":{"rendered":"<p><strong>ToGo Tasse \/ Mug<\/strong><\/p>\n<p>Dank der doppelten Wand bleibt der Inhalt bis zu 6 Stunden lang warm oder bis zu 12 Stunden lang kalt<\/p>\n<p><strong>Inhalt<\/strong>: 350ml<\/p>\n<p>&nbsp;<\/p>\n<p>&nbsp;<\/p>\n","protected":false},"featured_media":54168,"comment_status":"open","ping_status":"closed","template":"","meta":{"_acf_changed":false},"product_brand":[1508],"product_cat":[5205,5206],"product_tag":[],"class_list":{"0":"post-55992","1":"product","2":"type-product","3":"status-publish","4":"has-post-thumbnail","6":"product_brand-nikin","7":"product_cat-outdoor","8":"product_cat-zubehor","9":"product_shipping_class-3d-objekte","10":"_wholesalex wsx-wholesalex-product","12":"first","13":"instock","14":"purchasable","15":"product-type-simple"},"acf":[],"jetpack_sharing_enabled":true,"_links":{"self":[{"href":"https:\/\/www.lespaillettesvertes.ch\/de\/wp-json\/wp\/v2\/product\/55992","targetHints":{"allow":["GET"]}}],"collection":[{"href":"https:\/\/www.lespaillettesvertes.ch\/de\/wp-json\/wp\/v2\/product"}],"about":[{"href":"https:\/\/www.lespaillettesvertes.ch\/de\/wp-json\/wp\/v2\/types\/product"}],"replies":[{"embeddable":true,"href":"https:\/\/www.lespaillettesvertes.ch\/de\/wp-json\/wp\/v2\/comments?post=55992"}],"wp:featuredmedia":[{"embeddable":true,"href":"https:\/\/www.lespaillettesvertes.ch\/de\/wp-json\/wp\/v2\/media\/54168"}],"wp:attachment":[{"href":"https:\/\/www.lespaillettesvertes.ch\/de\/wp-json\/wp\/v2\/media?parent=55992"}],"wp:term":[{"taxonomy":"product_brand","embeddable":true,"href":"https:\/\/www.lespaillettesvertes.ch\/de\/wp-json\/wp\/v2\/product_brand?post=55992"},{"taxonomy":"product_cat","embeddable":true,"href":"https:\/\/www.lespaillettesvertes.ch\/de\/wp-json\/wp\/v2\/product_cat?post=55992"},{"taxonomy":"product_tag","embeddable":true,"href":"https:\/\/www.lespaillettesvertes.ch\/de\/wp-json\/wp\/v2\/product_tag?post=55992"}],"curies":[{"name":"wp","href":"https:\/\/api.w.org\/{rel}","templated":true}]}}