{"id":55961,"date":"2023-02-22T15:01:29","date_gmt":"2023-02-22T14:01:29","guid":{"rendered":"https:\/\/www.lespaillettesvertes.ch\/datenschutzrichtlinie\/"},"modified":"2025-10-30T13:29:53","modified_gmt":"2025-10-30T12:29:53","slug":"datenschutzrichtlinie","status":"publish","type":"page","link":"https:\/\/www.lespaillettesvertes.ch\/de\/datenschutzrichtlinie\/","title":{"rendered":"Datenschutzrichtlinie"},"content":{"rendered":"\t\t<div data-elementor-type=\"wp-page\" data-elementor-id=\"55961\" class=\"elementor elementor-55961 elementor-31253\" data-elementor-post-type=\"page\">\n\t\t\t\t<div class=\"elementor-element elementor-element-f0552fa e-con-full e-flex e-con e-parent\" data-id=\"f0552fa\" data-element_type=\"container\" data-e-type=\"container\">\n\t\t\t\t<div class=\"elementor-element elementor-element-cda6a5d elementor-widget elementor-widget-template\" data-id=\"cda6a5d\" data-element_type=\"widget\" data-e-type=\"widget\" data-widget_type=\"template.default\">\n\t\t\t\t<div class=\"elementor-widget-container\">\n\t\t\t\t\t\t\t<div class=\"elementor-template\">\n\t\t\t\t\t<div data-elementor-type=\"section\" data-elementor-id=\"56054\" class=\"elementor elementor-56054 elementor-50968 elementor-50968\" data-elementor-post-type=\"elementor_library\">\n\t\t\t<div class=\"elementor-element elementor-element-9028920 e-con-full e-flex e-con e-parent\" data-id=\"9028920\" data-element_type=\"container\" data-e-type=\"container\" data-settings=\"{&quot;background_background&quot;:&quot;classic&quot;}\">\n\t\t\t\t<div class=\"elementor-element elementor-element-846aab7 elementor-widget elementor-widget-heading\" data-id=\"846aab7\" data-element_type=\"widget\" data-e-type=\"widget\" data-widget_type=\"heading.default\">\n\t\t\t\t<div class=\"elementor-widget-container\">\n\t\t\t\t\t<h1 class=\"elementor-heading-title elementor-size-default\">Datenschutzrichtlinie<\/h1>\t\t\t\t<\/div>\n\t\t\t\t<\/div>\n\t\t\t\t<\/div>\n\t\t\t\t<\/div>\n\t\t\t\t<\/div>\n\t\t\t\t\t\t<\/div>\n\t\t\t\t<\/div>\n\t\t\t\t<\/div>\n\t\t<div class=\"elementor-element elementor-element-ef5b4dc e-flex e-con-boxed e-con e-parent\" data-id=\"ef5b4dc\" data-element_type=\"container\" data-e-type=\"container\">\n\t\t\t\t\t<div class=\"e-con-inner\">\n\t\t<div class=\"elementor-element elementor-element-194af74 e-con-full e-flex e-con e-child\" data-id=\"194af74\" data-element_type=\"container\" data-e-type=\"container\">\n\t\t\t\t<div class=\"elementor-element elementor-element-e0e6a68 elementor-widget elementor-widget-heading\" data-id=\"e0e6a68\" data-element_type=\"widget\" data-e-type=\"widget\" data-widget_type=\"heading.default\">\n\t\t\t\t<div class=\"elementor-widget-container\">\n\t\t\t\t\t<h2 class=\"elementor-heading-title elementor-size-default\">1. OBJEKT<\/h2>\t\t\t\t<\/div>\n\t\t\t\t<\/div>\n\t\t\t\t<div class=\"elementor-element elementor-element-82d749d elementor-widget elementor-widget-text-editor\" data-id=\"82d749d\" data-element_type=\"widget\" data-e-type=\"widget\" data-widget_type=\"text-editor.default\">\n\t\t\t\t<div class=\"elementor-widget-container\">\n\t\t\t\t\t\t\t\t\t<p>Diese Datenschutzerkl\u00e4rung gilt f\u00fcr alle Kommunikationsmittel, die von Les Paillettes Vertes S\u00e0rl, nachstehend &#8222;der Herausgeber&#8220; genannt, ver\u00f6ffentlicht werden, insbesondere f\u00fcr die Website <span style=\"text-decoration: underline;\"><a href=\"http:\/\/www.lespaillettesvertes.ch\" target=\"_blank\" rel=\"noopener\">www.lespaillettesvertes.ch<\/a><\/span><\/p>\n<p class=\"font_8\">Sie soll allen nat\u00fcrlichen und juristischen Personen, nachstehend &#8222;Nutzer&#8220; genannt, die die vom Herausgeber angebotenen Plattformen und Dienste nutzen, die folgenden Punkte erl\u00e4utern:<\/p>\n<p class=\"font_8\">Die Identifizierung von pers\u00f6nlichen Daten;<br>Die Verwendung dieser Daten;<br>Die Rechte der Kunden in Bezug auf diese Daten;<br>Der Schutz dieser Daten;<br>Cookies.<\/p>\t\t\t\t\t\t\t\t<\/div>\n\t\t\t\t<\/div>\n\t\t\t\t<\/div>\n\t\t<div class=\"elementor-element elementor-element-e4054a1 e-con-full e-flex e-con e-child\" data-id=\"e4054a1\" data-element_type=\"container\" data-e-type=\"container\">\n\t\t\t\t<div class=\"elementor-element elementor-element-7814d71 elementor-widget elementor-widget-heading\" data-id=\"7814d71\" data-element_type=\"widget\" data-e-type=\"widget\" data-widget_type=\"heading.default\">\n\t\t\t\t<div class=\"elementor-widget-container\">\n\t\t\t\t\t<h2 class=\"elementor-heading-title elementor-size-default\">2. IDENTIFIZIERUNG DER PERS\u00d6NLICHEN DATEN<\/h2>\t\t\t\t<\/div>\n\t\t\t\t<\/div>\n\t\t\t\t<div class=\"elementor-element elementor-element-3caf75b elementor-widget elementor-widget-text-editor\" data-id=\"3caf75b\" data-element_type=\"widget\" data-e-type=\"widget\" data-widget_type=\"text-editor.default\">\n\t\t\t\t<div class=\"elementor-widget-container\">\n\t\t\t\t\t\t\t\t\tAlle Daten, die einen Nutzer identifizieren k\u00f6nnen, werden als pers\u00f6nliche Daten betrachtet. Dazu geh\u00f6ren Vor- und Nachname, Firma, Geschlecht, Alter, Postanschrift, Telefonnummer, E-Mail-Adresse und die gew\u00e4hlte Zahlungsmethode; je nach dem Dienst oder der Transaktion, die der Nutzer abonniert.\t\t\t\t\t\t\t\t<\/div>\n\t\t\t\t<\/div>\n\t\t\t\t<\/div>\n\t\t<div class=\"elementor-element elementor-element-9197015 e-con-full e-flex e-con e-child\" data-id=\"9197015\" data-element_type=\"container\" data-e-type=\"container\">\n\t\t\t\t<div class=\"elementor-element elementor-element-81c9524 elementor-widget elementor-widget-heading\" data-id=\"81c9524\" data-element_type=\"widget\" data-e-type=\"widget\" data-widget_type=\"heading.default\">\n\t\t\t\t<div class=\"elementor-widget-container\">\n\t\t\t\t\t<h2 class=\"elementor-heading-title elementor-size-default\">3. NUTZUNG DER DATEN<\/h2>\t\t\t\t<\/div>\n\t\t\t\t<\/div>\n\t\t\t\t<div class=\"elementor-element elementor-element-c07f2ed elementor-widget elementor-widget-text-editor\" data-id=\"c07f2ed\" data-element_type=\"widget\" data-e-type=\"widget\" data-widget_type=\"text-editor.default\">\n\t\t\t\t<div class=\"elementor-widget-container\">\n\t\t\t\t\t\t\t\t\tDer Herausgeber beh\u00e4lt sich das Recht vor, allgemeine Statistiken \u00fcber seine Nutzer zu pr\u00e4sentieren, aber in keinem Fall die pers\u00f6nlichen Daten der Nutzer.\n\nDer Herausgeber beh\u00e4lt sich das Recht vor, die Daten seiner Nutzer f\u00fcr Werbezwecke zu verwenden und den Nutzern \u00fcber verschiedene Kommunikationsmittel (soziale Netzwerke, Newsletter, Website, E-Mail usw.) kommerzielle Angebote zu senden.\n\n\t\t\t\t\t\t\t\t<\/div>\n\t\t\t\t<\/div>\n\t\t\t\t<\/div>\n\t\t<div class=\"elementor-element elementor-element-1a77183 e-con-full e-flex e-con e-child\" data-id=\"1a77183\" data-element_type=\"container\" data-e-type=\"container\">\n\t\t\t\t<div class=\"elementor-element elementor-element-749f169 elementor-widget elementor-widget-heading\" data-id=\"749f169\" data-element_type=\"widget\" data-e-type=\"widget\" data-widget_type=\"heading.default\">\n\t\t\t\t<div class=\"elementor-widget-container\">\n\t\t\t\t\t<h2 class=\"elementor-heading-title elementor-size-default\">4. RECHTE DER KUNDEN<\/h2>\t\t\t\t<\/div>\n\t\t\t\t<\/div>\n\t\t\t\t<div class=\"elementor-element elementor-element-bba5023 elementor-widget elementor-widget-text-editor\" data-id=\"bba5023\" data-element_type=\"widget\" data-e-type=\"widget\" data-widget_type=\"text-editor.default\">\n\t\t\t\t<div class=\"elementor-widget-container\">\n\t\t\t\t\t\t\t\t\tDer Nutzer hat das Recht, seine pers\u00f6nlichen Daten zu berichtigen und zu l\u00f6schen. Um diese Rechte auszu\u00fcben, nimmt der Nutzer per E-Mail oder direkt \u00fcber sein Kundenkonto auf der Website <a href=\"http:\/\/www.lespaillettesvertes.ch\" target=\"_blank\" rel=\"noreferrer noopener\">www.lespaillettesvertes.ch<\/a> Kontakt mit dem Herausgeber auf.\t\t\t\t\t\t\t\t<\/div>\n\t\t\t\t<\/div>\n\t\t\t\t<\/div>\n\t\t<div class=\"elementor-element elementor-element-d301865 e-con-full e-flex e-con e-child\" data-id=\"d301865\" data-element_type=\"container\" data-e-type=\"container\">\n\t\t\t\t<div class=\"elementor-element elementor-element-b73d862 elementor-widget elementor-widget-heading\" data-id=\"b73d862\" data-element_type=\"widget\" data-e-type=\"widget\" data-widget_type=\"heading.default\">\n\t\t\t\t<div class=\"elementor-widget-container\">\n\t\t\t\t\t<h2 class=\"elementor-heading-title elementor-size-default\">5. DATENSCHUTZ<\/h2>\t\t\t\t<\/div>\n\t\t\t\t<\/div>\n\t\t\t\t<div class=\"elementor-element elementor-element-874b5ae elementor-widget elementor-widget-text-editor\" data-id=\"874b5ae\" data-element_type=\"widget\" data-e-type=\"widget\" data-widget_type=\"text-editor.default\">\n\t\t\t\t<div class=\"elementor-widget-container\">\n\t\t\t\t\t\t\t\t\tDer Herausgeber erkennt die Vertraulichkeit der Informationen an, die der Nutzer ihm \u00fcbermittelt, und verpflichtet sich, diese nicht an Dritte weiterzugeben.\t\t\t\t\t\t\t\t<\/div>\n\t\t\t\t<\/div>\n\t\t\t\t<\/div>\n\t\t<div class=\"elementor-element elementor-element-dcc2cf1 e-con-full e-flex e-con e-child\" data-id=\"dcc2cf1\" data-element_type=\"container\" data-e-type=\"container\">\n\t\t\t\t<div class=\"elementor-element elementor-element-2eb6870 elementor-widget elementor-widget-heading\" data-id=\"2eb6870\" data-element_type=\"widget\" data-e-type=\"widget\" data-widget_type=\"heading.default\">\n\t\t\t\t<div class=\"elementor-widget-container\">\n\t\t\t\t\t<h2 class=\"elementor-heading-title elementor-size-default\">6. COOKIES<\/h2>\t\t\t\t<\/div>\n\t\t\t\t<\/div>\n\t\t\t\t<div class=\"elementor-element elementor-element-d521f7b elementor-widget elementor-widget-text-editor\" data-id=\"d521f7b\" data-element_type=\"widget\" data-e-type=\"widget\" data-widget_type=\"text-editor.default\">\n\t\t\t\t<div class=\"elementor-widget-container\">\n\t\t\t\t\t\t\t\t\t<p>Cookies sind kleine Dateien, die von Websites beim ersten Besuch eines Nutzers auf dessen Festplatte abgelegt werden. Sie fungieren als Identifikationskarte, um der Website mitzuteilen, wenn der Nutzer zu ihr zur\u00fcckkehrt. Beim Surfen auf der Website <span style=\"text-decoration: underline;\"><a href=\"http:\/\/www.lespaillettesvertes.ch\">www.lespaillettesvertes.ch<\/a><\/span>wird der Nutzer darauf hingewiesen, dass Cookies gespeichert werden k\u00f6nnen. Sie k\u00f6nnen die Annahme von Cookies jederzeit verweigern, indem Sie die Cookies l\u00f6schen, die eingerichtet wurden von <span style=\"text-decoration: underline;\"><a href=\"http:\/\/www.lespaillettesvertes.ch\">www.lespaillettesvertes.ch<\/a><\/span>. Gehen Sie dazu zu den Einstellungen Ihres Internet-Browsers und l\u00f6schen Sie den Cache, den Browserverlauf und die Cookies. <\/p>\t\t\t\t\t\t\t\t<\/div>\n\t\t\t\t<\/div>\n\t\t\t\t<\/div>\n\t\t<div class=\"elementor-element elementor-element-2a5c643 e-con-full e-flex e-con e-child\" data-id=\"2a5c643\" data-element_type=\"container\" data-e-type=\"container\">\n\t\t\t\t<div class=\"elementor-element elementor-element-113cdd5 elementor-widget elementor-widget-heading\" data-id=\"113cdd5\" data-element_type=\"widget\" data-e-type=\"widget\" data-widget_type=\"heading.default\">\n\t\t\t\t<div class=\"elementor-widget-container\">\n\t\t\t\t\t<h2 class=\"elementor-heading-title elementor-size-default\">7. ENTWICKLUNG DER DATENSCHUTZPOLITIK<\/h2>\t\t\t\t<\/div>\n\t\t\t\t<\/div>\n\t\t\t\t<div class=\"elementor-element elementor-element-ff10a82 elementor-widget elementor-widget-text-editor\" data-id=\"ff10a82\" data-element_type=\"widget\" data-e-type=\"widget\" data-widget_type=\"text-editor.default\">\n\t\t\t\t<div class=\"elementor-widget-container\">\n\t\t\t\t\t\t\t\t\t<p>Diese Datenschutzrichtlinie kann jederzeit aktualisiert werden, um die \u00dcbereinstimmung mit dem geltenden Recht zu gew\u00e4hrleisten. Wir empfehlen Ihnen daher, sie regelm\u00e4\u00dfig zu besuchen.<\/p>\t\t\t\t\t\t\t\t<\/div>\n\t\t\t\t<\/div>\n\t\t\t\t<\/div>\n\t\t\t\t<div class=\"elementor-element elementor-element-4048db6 elementor-widget elementor-widget-text-editor\" data-id=\"4048db6\" data-element_type=\"widget\" data-e-type=\"widget\" data-widget_type=\"text-editor.default\">\n\t\t\t\t<div class=\"elementor-widget-container\">\n\t\t\t\t\t\t\t\t\t<p>Letzte Aktualisierung am 21.11.2022<\/p>\t\t\t\t\t\t\t\t<\/div>\n\t\t\t\t<\/div>\n\t\t\t\t\t<\/div>\n\t\t\t\t<\/div>\n\t\t\t\t<\/div>\n\t\t","protected":false},"excerpt":{"rendered":"<p>1. OBJEKT Diese Datenschutzerkl\u00e4rung gilt f\u00fcr alle Kommunikationsmittel, die von Les Paillettes Vertes S\u00e0rl, nachstehend &#8222;der Herausgeber&#8220; genannt, ver\u00f6ffentlicht werden, insbesondere f\u00fcr die Website www.lespaillettesvertes.ch Sie soll allen nat\u00fcrlichen und juristischen Personen, nachstehend &#8222;Nutzer&#8220; genannt, die die vom Herausgeber angebotenen Plattformen und Dienste nutzen, die folgenden Punkte erl\u00e4utern: Die Identifizierung von pers\u00f6nlichen Daten;Die Verwendung dieser [&hellip;]<\/p>\n","protected":false},"author":5206,"featured_media":0,"parent":0,"menu_order":7,"comment_status":"closed","ping_status":"closed","template":"","meta":{"_acf_changed":false,"footnotes":""},"class_list":["post-55961","page","type-page","status-publish","hentry","_wholesalex wsx-wholesalex-product"],"acf":[],"jetpack_sharing_enabled":true,"_links":{"self":[{"href":"https:\/\/www.lespaillettesvertes.ch\/de\/wp-json\/wp\/v2\/pages\/55961","targetHints":{"allow":["GET"]}}],"collection":[{"href":"https:\/\/www.lespaillettesvertes.ch\/de\/wp-json\/wp\/v2\/pages"}],"about":[{"href":"https:\/\/www.lespaillettesvertes.ch\/de\/wp-json\/wp\/v2\/types\/page"}],"author":[{"embeddable":true,"href":"https:\/\/www.lespaillettesvertes.ch\/de\/wp-json\/wp\/v2\/users\/5206"}],"replies":[{"embeddable":true,"href":"https:\/\/www.lespaillettesvertes.ch\/de\/wp-json\/wp\/v2\/comments?post=55961"}],"version-history":[{"count":1,"href":"https:\/\/www.lespaillettesvertes.ch\/de\/wp-json\/wp\/v2\/pages\/55961\/revisions"}],"predecessor-version":[{"id":55962,"href":"https:\/\/www.lespaillettesvertes.ch\/de\/wp-json\/wp\/v2\/pages\/55961\/revisions\/55962"}],"wp:attachment":[{"href":"https:\/\/www.lespaillettesvertes.ch\/de\/wp-json\/wp\/v2\/media?parent=55961"}],"curies":[{"name":"wp","href":"https:\/\/api.w.org\/{rel}","templated":true}]}}