{"id":55943,"date":"2023-06-19T17:14:24","date_gmt":"2023-06-19T15:14:24","guid":{"rendered":"https:\/\/www.lespaillettesvertes.ch\/rechtliche-hinweise\/"},"modified":"2025-10-30T13:29:33","modified_gmt":"2025-10-30T12:29:33","slug":"rechtliche-hinweise","status":"publish","type":"page","link":"https:\/\/www.lespaillettesvertes.ch\/de\/rechtliche-hinweise\/","title":{"rendered":"Rechtliche Hinweise"},"content":{"rendered":"\t\t<div data-elementor-type=\"wp-page\" data-elementor-id=\"55943\" class=\"elementor elementor-55943 elementor-32122\" data-elementor-post-type=\"page\">\n\t\t\t\t<div class=\"elementor-element elementor-element-3ee8006 e-con-full e-flex e-con e-parent\" data-id=\"3ee8006\" data-element_type=\"container\" data-e-type=\"container\">\n\t\t\t\t<div class=\"elementor-element elementor-element-732a094 elementor-widget elementor-widget-template\" data-id=\"732a094\" data-element_type=\"widget\" data-e-type=\"widget\" data-widget_type=\"template.default\">\n\t\t\t\t<div class=\"elementor-widget-container\">\n\t\t\t\t\t\t\t<div class=\"elementor-template\">\n\t\t\t\t\t<div data-elementor-type=\"section\" data-elementor-id=\"56054\" class=\"elementor elementor-56054 elementor-50968 elementor-50968\" data-elementor-post-type=\"elementor_library\">\n\t\t\t<div class=\"elementor-element elementor-element-9028920 e-con-full e-flex e-con e-parent\" data-id=\"9028920\" data-element_type=\"container\" data-e-type=\"container\" data-settings=\"{&quot;background_background&quot;:&quot;classic&quot;}\">\n\t\t\t\t<div class=\"elementor-element elementor-element-846aab7 elementor-widget elementor-widget-heading\" data-id=\"846aab7\" data-element_type=\"widget\" data-e-type=\"widget\" data-widget_type=\"heading.default\">\n\t\t\t\t<div class=\"elementor-widget-container\">\n\t\t\t\t\t<h1 class=\"elementor-heading-title elementor-size-default\">Rechtliche Hinweise<\/h1>\t\t\t\t<\/div>\n\t\t\t\t<\/div>\n\t\t\t\t<\/div>\n\t\t\t\t<\/div>\n\t\t\t\t<\/div>\n\t\t\t\t\t\t<\/div>\n\t\t\t\t<\/div>\n\t\t\t\t<\/div>\n\t\t<div class=\"elementor-element elementor-element-675454c e-flex e-con-boxed e-con e-parent\" data-id=\"675454c\" data-element_type=\"container\" data-e-type=\"container\">\n\t\t\t\t\t<div class=\"e-con-inner\">\n\t\t\t\t<div class=\"elementor-element elementor-element-1f4cc44 elementor-widget elementor-widget-text-editor\" data-id=\"1f4cc44\" data-element_type=\"widget\" data-e-type=\"widget\" data-widget_type=\"text-editor.default\">\n\t\t\t\t<div class=\"elementor-widget-container\">\n\t\t\t\t\t\t\t\t\t<p>Les Paillettes Vertes wurde im M\u00e4rz 2019 gegr\u00fcndet und ist ein E-Shop f\u00fcr \u00f6kologische Produkte.  <\/p>\t\t\t\t\t\t\t\t<\/div>\n\t\t\t\t<\/div>\n\t\t<div class=\"elementor-element elementor-element-cc4c234 e-con-full e-flex e-con e-child\" data-id=\"cc4c234\" data-element_type=\"container\" data-e-type=\"container\">\n\t\t<div class=\"elementor-element elementor-element-ef486e3 e-con-full e-flex e-con e-child\" data-id=\"ef486e3\" data-element_type=\"container\" data-e-type=\"container\">\n\t\t\t\t<div class=\"elementor-element elementor-element-dcd4c23 elementor-widget__width-initial elementor-widget elementor-widget-text-editor\" data-id=\"dcd4c23\" data-element_type=\"widget\" data-e-type=\"widget\" data-widget_type=\"text-editor.default\">\n\t\t\t\t<div class=\"elementor-widget-container\">\n\t\t\t\t\t\t\t\t\t<ul><li>Name des Unternehmens:<\/li><\/ul>\t\t\t\t\t\t\t\t<\/div>\n\t\t\t\t<\/div>\n\t\t\t\t<div class=\"elementor-element elementor-element-d1f5736 elementor-widget-mobile__width-initial elementor-widget elementor-widget-text-editor\" data-id=\"d1f5736\" data-element_type=\"widget\" data-e-type=\"widget\" data-widget_type=\"text-editor.default\">\n\t\t\t\t<div class=\"elementor-widget-container\">\n\t\t\t\t\t\t\t\t\t<p>Les Paillettes Vertes S\u00e0rl (Gr\u00fcne Flocken)<\/p>\t\t\t\t\t\t\t\t<\/div>\n\t\t\t\t<\/div>\n\t\t\t\t<\/div>\n\t\t<div class=\"elementor-element elementor-element-112d66f e-con-full e-flex e-con e-child\" data-id=\"112d66f\" data-element_type=\"container\" data-e-type=\"container\">\n\t\t\t\t<div class=\"elementor-element elementor-element-1693e28 elementor-widget__width-initial elementor-widget elementor-widget-text-editor\" data-id=\"1693e28\" data-element_type=\"widget\" data-e-type=\"widget\" data-widget_type=\"text-editor.default\">\n\t\t\t\t<div class=\"elementor-widget-container\">\n\t\t\t\t\t\t\t\t\t<ul><li>Verantwortliche Personen:<\/li><\/ul>\t\t\t\t\t\t\t\t<\/div>\n\t\t\t\t<\/div>\n\t\t\t\t<div class=\"elementor-element elementor-element-8a51691 elementor-widget-mobile__width-initial elementor-widget elementor-widget-text-editor\" data-id=\"8a51691\" data-element_type=\"widget\" data-e-type=\"widget\" data-widget_type=\"text-editor.default\">\n\t\t\t\t<div class=\"elementor-widget-container\">\n\t\t\t\t\t\t\t\t\t<p>Amanda J\u00e9quier &amp; Nicolas de Senger<\/p>\t\t\t\t\t\t\t\t<\/div>\n\t\t\t\t<\/div>\n\t\t\t\t<\/div>\n\t\t<div class=\"elementor-element elementor-element-c5677fc e-con-full e-flex e-con e-child\" data-id=\"c5677fc\" data-element_type=\"container\" data-e-type=\"container\">\n\t\t\t\t<div class=\"elementor-element elementor-element-f180b58 elementor-widget__width-initial elementor-widget elementor-widget-text-editor\" data-id=\"f180b58\" data-element_type=\"widget\" data-e-type=\"widget\" data-widget_type=\"text-editor.default\">\n\t\t\t\t<div class=\"elementor-widget-container\">\n\t\t\t\t\t\t\t\t\t<ul><li>Postanschrift:<\/li><\/ul>\t\t\t\t\t\t\t\t<\/div>\n\t\t\t\t<\/div>\n\t\t\t\t<div class=\"elementor-element elementor-element-4d29b1d elementor-widget-mobile__width-initial elementor-widget elementor-widget-text-editor\" data-id=\"4d29b1d\" data-element_type=\"widget\" data-e-type=\"widget\" data-widget_type=\"text-editor.default\">\n\t\t\t\t<div class=\"elementor-widget-container\">\n\t\t\t\t\t\t\t\t\t<p>c\/o Nicolas de Senger,<br>Chemin du Polny 31, 1066 Epalinges<\/p>\t\t\t\t\t\t\t\t<\/div>\n\t\t\t\t<\/div>\n\t\t\t\t<\/div>\n\t\t<div class=\"elementor-element elementor-element-a98448e e-con-full e-flex e-con e-child\" data-id=\"a98448e\" data-element_type=\"container\" data-e-type=\"container\">\n\t\t\t\t<div class=\"elementor-element elementor-element-921ac44 elementor-widget__width-initial elementor-widget elementor-widget-text-editor\" data-id=\"921ac44\" data-element_type=\"widget\" data-e-type=\"widget\" data-widget_type=\"text-editor.default\">\n\t\t\t\t<div class=\"elementor-widget-container\">\n\t\t\t\t\t\t\t\t\t<ul><li>E-Mail-Adresse:<\/li><\/ul>\t\t\t\t\t\t\t\t<\/div>\n\t\t\t\t<\/div>\n\t\t\t\t<div class=\"elementor-element elementor-element-7cab33e elementor-widget-mobile__width-initial elementor-widget elementor-widget-text-editor\" data-id=\"7cab33e\" data-element_type=\"widget\" data-e-type=\"widget\" data-widget_type=\"text-editor.default\">\n\t\t\t\t<div class=\"elementor-widget-container\">\n\t\t\t\t\t\t\t\t\t<p><a href=\"mailto:bonjour@lespaillettesvertes.ch\">bonjour@lespaillettesvertes.ch<\/a><\/p>\t\t\t\t\t\t\t\t<\/div>\n\t\t\t\t<\/div>\n\t\t\t\t<\/div>\n\t\t<div class=\"elementor-element elementor-element-282fc2c e-con-full e-flex e-con e-child\" data-id=\"282fc2c\" data-element_type=\"container\" data-e-type=\"container\">\n\t\t\t\t<div class=\"elementor-element elementor-element-a84abe2 elementor-widget__width-initial elementor-widget elementor-widget-text-editor\" data-id=\"a84abe2\" data-element_type=\"widget\" data-e-type=\"widget\" data-widget_type=\"text-editor.default\">\n\t\t\t\t<div class=\"elementor-widget-container\">\n\t\t\t\t\t\t\t\t\t<ul><li>Rechtsform:<\/li><\/ul>\t\t\t\t\t\t\t\t<\/div>\n\t\t\t\t<\/div>\n\t\t\t\t<div class=\"elementor-element elementor-element-5fd53c1 elementor-widget-mobile__width-initial elementor-widget elementor-widget-text-editor\" data-id=\"5fd53c1\" data-element_type=\"widget\" data-e-type=\"widget\" data-widget_type=\"text-editor.default\">\n\t\t\t\t<div class=\"elementor-widget-container\">\n\t\t\t\t\t\t\t\t\t<p>Gesellschaft mit beschr\u00e4nkter Haftung<\/p>\t\t\t\t\t\t\t\t<\/div>\n\t\t\t\t<\/div>\n\t\t\t\t<\/div>\n\t\t\t\t<\/div>\n\t\t\t\t<div class=\"elementor-element elementor-element-04443b3 elementor-widget elementor-widget-text-editor\" data-id=\"04443b3\" data-element_type=\"widget\" data-e-type=\"widget\" data-widget_type=\"text-editor.default\">\n\t\t\t\t<div class=\"elementor-widget-container\">\n\t\t\t\t\t\t\t\t\t<p>Letzte Aktualisierung am 22\/10\/2024<\/p>\t\t\t\t\t\t\t\t<\/div>\n\t\t\t\t<\/div>\n\t\t\t\t\t<\/div>\n\t\t\t\t<\/div>\n\t\t\t\t<\/div>\n\t\t","protected":false},"excerpt":{"rendered":"<p>Les Paillettes Vertes wurde im M\u00e4rz 2019 gegr\u00fcndet und ist ein E-Shop f\u00fcr \u00f6kologische Produkte. Name des Unternehmens: Les Paillettes Vertes S\u00e0rl (Gr\u00fcne Flocken) Verantwortliche Personen: Amanda J\u00e9quier &amp; Nicolas de Senger Postanschrift: c\/o Nicolas de Senger,Chemin du Polny 31, 1066 Epalinges E-Mail-Adresse: bonjour@lespaillettesvertes.ch Rechtsform: Gesellschaft mit beschr\u00e4nkter Haftung Letzte Aktualisierung am 22\/10\/2024<\/p>\n","protected":false},"author":5206,"featured_media":0,"parent":0,"menu_order":13,"comment_status":"closed","ping_status":"closed","template":"","meta":{"_acf_changed":false,"footnotes":""},"class_list":["post-55943","page","type-page","status-publish","hentry","_wholesalex wsx-wholesalex-product"],"acf":[],"jetpack_sharing_enabled":true,"_links":{"self":[{"href":"https:\/\/www.lespaillettesvertes.ch\/de\/wp-json\/wp\/v2\/pages\/55943","targetHints":{"allow":["GET"]}}],"collection":[{"href":"https:\/\/www.lespaillettesvertes.ch\/de\/wp-json\/wp\/v2\/pages"}],"about":[{"href":"https:\/\/www.lespaillettesvertes.ch\/de\/wp-json\/wp\/v2\/types\/page"}],"author":[{"embeddable":true,"href":"https:\/\/www.lespaillettesvertes.ch\/de\/wp-json\/wp\/v2\/users\/5206"}],"replies":[{"embeddable":true,"href":"https:\/\/www.lespaillettesvertes.ch\/de\/wp-json\/wp\/v2\/comments?post=55943"}],"version-history":[{"count":1,"href":"https:\/\/www.lespaillettesvertes.ch\/de\/wp-json\/wp\/v2\/pages\/55943\/revisions"}],"predecessor-version":[{"id":55944,"href":"https:\/\/www.lespaillettesvertes.ch\/de\/wp-json\/wp\/v2\/pages\/55943\/revisions\/55944"}],"wp:attachment":[{"href":"https:\/\/www.lespaillettesvertes.ch\/de\/wp-json\/wp\/v2\/media?parent=55943"}],"curies":[{"name":"wp","href":"https:\/\/api.w.org\/{rel}","templated":true}]}}