{"id":55925,"date":"2023-06-14T10:38:01","date_gmt":"2023-06-14T08:38:01","guid":{"rendered":"https:\/\/www.lespaillettesvertes.ch\/unsere-werte\/"},"modified":"2025-10-30T13:29:19","modified_gmt":"2025-10-30T12:29:19","slug":"unsere-werte","status":"publish","type":"page","link":"https:\/\/www.lespaillettesvertes.ch\/de\/unsere-werte\/","title":{"rendered":"Unsere Werte"},"content":{"rendered":"\t\t<div data-elementor-type=\"wp-page\" data-elementor-id=\"55925\" class=\"elementor elementor-55925 elementor-31921\" data-elementor-post-type=\"page\">\n\t\t\t\t\t\t<section class=\"elementor-section elementor-top-section elementor-element elementor-element-fcc9845 elementor-section-full_width elementor-section-height-default elementor-section-height-default\" data-id=\"fcc9845\" data-element_type=\"section\" data-e-type=\"section\">\n\t\t\t\t\t\t<div class=\"elementor-container elementor-column-gap-default\">\n\t\t\t\t\t<div class=\"elementor-column elementor-col-100 elementor-top-column elementor-element elementor-element-2d137fd\" data-id=\"2d137fd\" data-element_type=\"column\" data-e-type=\"column\" data-settings=\"{&quot;background_background&quot;:&quot;classic&quot;}\">\n\t\t\t<div class=\"elementor-widget-wrap elementor-element-populated\">\n\t\t\t\t\t<div class=\"elementor-background-overlay\"><\/div>\n\t\t\t\t\t\t<div class=\"elementor-element elementor-element-e1baba7 elementor-widget elementor-widget-spacer\" data-id=\"e1baba7\" data-element_type=\"widget\" data-e-type=\"widget\" data-widget_type=\"spacer.default\">\n\t\t\t\t<div class=\"elementor-widget-container\">\n\t\t\t\t\t\t\t<div class=\"elementor-spacer\">\n\t\t\t<div class=\"elementor-spacer-inner\"><\/div>\n\t\t<\/div>\n\t\t\t\t\t\t<\/div>\n\t\t\t\t<\/div>\n\t\t\t\t\t<\/div>\n\t\t<\/div>\n\t\t\t\t\t<\/div>\n\t\t<\/section>\n\t\t\t\t<section class=\"elementor-section elementor-top-section elementor-element elementor-element-c48db09 elementor-section-boxed elementor-section-height-default elementor-section-height-default\" data-id=\"c48db09\" data-element_type=\"section\" data-e-type=\"section\" data-settings=\"{&quot;background_background&quot;:&quot;classic&quot;}\">\n\t\t\t\t\t\t<div class=\"elementor-container elementor-column-gap-default\">\n\t\t\t\t\t<div class=\"elementor-column elementor-col-100 elementor-top-column elementor-element elementor-element-fd2fc55\" data-id=\"fd2fc55\" data-element_type=\"column\" data-e-type=\"column\">\n\t\t\t<div class=\"elementor-widget-wrap elementor-element-populated\">\n\t\t\t\t\t\t<div class=\"elementor-element elementor-element-5ad563c title-block-1 elementor-widget elementor-widget-heading\" data-id=\"5ad563c\" data-element_type=\"widget\" data-e-type=\"widget\" data-widget_type=\"heading.default\">\n\t\t\t\t<div class=\"elementor-widget-container\">\n\t\t\t\t\t<h1 class=\"elementor-heading-title elementor-size-default\">Unsere Werte<\/h1>\t\t\t\t<\/div>\n\t\t\t\t<\/div>\n\t\t\t\t<div class=\"elementor-element elementor-element-f571cd9 elementor-widget-divider--view-line_icon elementor-view-default elementor-widget-divider--element-align-center elementor-widget elementor-widget-divider\" data-id=\"f571cd9\" data-element_type=\"widget\" data-e-type=\"widget\" data-widget_type=\"divider.default\">\n\t\t\t\t<div class=\"elementor-widget-container\">\n\t\t\t\t\t\t\t<div class=\"elementor-divider\">\n\t\t\t<span class=\"elementor-divider-separator\">\n\t\t\t\t\t\t\t<div class=\"elementor-icon elementor-divider__element\">\n\t\t\t\t\t<i aria-hidden=\"true\" class=\"fas fa-square-full\"><\/i><\/div>\n\t\t\t\t\t\t<\/span>\n\t\t<\/div>\n\t\t\t\t\t\t<\/div>\n\t\t\t\t<\/div>\n\t\t\t\t<div class=\"elementor-element elementor-element-47d91b0 elementor-widget elementor-widget-heading\" data-id=\"47d91b0\" data-element_type=\"widget\" data-e-type=\"widget\" data-widget_type=\"heading.default\">\n\t\t\t\t<div class=\"elementor-widget-container\">\n\t\t\t\t\t<p class=\"elementor-heading-title elementor-size-default\">Alles, was wir lieben<\/p>\t\t\t\t<\/div>\n\t\t\t\t<\/div>\n\t\t\t\t<div class=\"elementor-element elementor-element-300a773 elementor-widget elementor-widget-text-editor\" data-id=\"300a773\" data-element_type=\"widget\" data-e-type=\"widget\" data-widget_type=\"text-editor.default\">\n\t\t\t\t<div class=\"elementor-widget-container\">\n\t\t\t\t\t\t\t\t\t<p>Unsere Partner werden vor allem nach Herzenslust ausgew\u00e4hlt!<\/p><p>Sie haben uns durch ihre Vorgehensweise ber\u00fchrt, haben eine gemeinsame Leidenschaft mit der unseren und starke ethische Werte.<\/p><p>Wir wissen, dass Vertrauen das Wichtigste ist, und Sie werden dort mit geschlossenen Augen Ihr Gl\u00fcck finden.<\/p>\t\t\t\t\t\t\t\t<\/div>\n\t\t\t\t<\/div>\n\t\t\t\t\t<\/div>\n\t\t<\/div>\n\t\t\t\t\t<\/div>\n\t\t<\/section>\n\t\t\t\t<section class=\"elementor-section elementor-top-section elementor-element elementor-element-c80606b elementor-section-boxed elementor-section-height-default elementor-section-height-default\" data-id=\"c80606b\" data-element_type=\"section\" data-e-type=\"section\" id=\"soi-meme\" data-settings=\"{&quot;background_background&quot;:&quot;classic&quot;}\">\n\t\t\t\t\t\t\t<div class=\"elementor-background-overlay\"><\/div>\n\t\t\t\t\t\t\t<div class=\"elementor-container elementor-column-gap-default\">\n\t\t\t\t\t<div class=\"elementor-column elementor-col-100 elementor-top-column elementor-element elementor-element-71a849c\" data-id=\"71a849c\" data-element_type=\"column\" data-e-type=\"column\">\n\t\t\t<div class=\"elementor-widget-wrap elementor-element-populated\">\n\t\t\t\t\t\t<section class=\"elementor-section elementor-inner-section elementor-element elementor-element-7459e34 elementor-section-full_width elementor-section-height-default elementor-section-height-default\" data-id=\"7459e34\" data-element_type=\"section\" data-e-type=\"section\">\n\t\t\t\t\t\t\t<div class=\"elementor-background-overlay\"><\/div>\n\t\t\t\t\t\t\t<div class=\"elementor-container elementor-column-gap-default\">\n\t\t\t\t\t<div class=\"elementor-column elementor-col-25 elementor-inner-column elementor-element elementor-element-f008625\" data-id=\"f008625\" data-element_type=\"column\" data-e-type=\"column\">\n\t\t\t<div class=\"elementor-widget-wrap elementor-element-populated\">\n\t\t\t\t\t\t<div class=\"elementor-element elementor-element-5784380 elementor-widget elementor-widget-heading\" data-id=\"5784380\" data-element_type=\"widget\" data-e-type=\"widget\" data-widget_type=\"heading.default\">\n\t\t\t\t<div class=\"elementor-widget-container\">\n\t\t\t\t\t<h3 class=\"elementor-heading-title elementor-size-default\">F\u00f6rdern Sie\n<br>den lokalen Handel<\/h3>\t\t\t\t<\/div>\n\t\t\t\t<\/div>\n\t\t\t\t<div class=\"elementor-element elementor-element-d514734 elementor-widget-divider--view-line elementor-widget elementor-widget-divider\" data-id=\"d514734\" data-element_type=\"widget\" data-e-type=\"widget\" data-widget_type=\"divider.default\">\n\t\t\t\t<div class=\"elementor-widget-container\">\n\t\t\t\t\t\t\t<div class=\"elementor-divider\">\n\t\t\t<span class=\"elementor-divider-separator\">\n\t\t\t\t\t\t<\/span>\n\t\t<\/div>\n\t\t\t\t\t\t<\/div>\n\t\t\t\t<\/div>\n\t\t\t\t<div class=\"elementor-element elementor-element-3743f18 elementor-widget elementor-widget-text-editor\" data-id=\"3743f18\" data-element_type=\"widget\" data-e-type=\"widget\" data-widget_type=\"text-editor.default\">\n\t\t\t\t<div class=\"elementor-widget-container\">\n\t\t\t\t\t\t\t\t\t<p>Weil wir die Nase voll haben von all den Produkten, die Tausende von Kilometern zur\u00fccklegen, um zu uns zu gelangen, und die zu dem irrsinnigen Bed\u00fcrfnis beitragen, alles sofort haben zu wollen. Unser Land ist reich an qualitativ hochwertigen Produkten und au\u00dfergew\u00f6hnlichem Know-how.<\/p><p>Wir unterst\u00fctzen lokale Produzenten und Handwerker, die mit Respekt und Gewissen arbeiten und die eines Tages, so glauben wir, die gro\u00dfen Industriekonzerne in den Schatten stellen werden.<\/p>\t\t\t\t\t\t\t\t<\/div>\n\t\t\t\t<\/div>\n\t\t\t\t\t<\/div>\n\t\t<\/div>\n\t\t\t\t<div class=\"elementor-column elementor-col-25 elementor-inner-column elementor-element elementor-element-ae9a2e0\" data-id=\"ae9a2e0\" data-element_type=\"column\" data-e-type=\"column\">\n\t\t\t<div class=\"elementor-widget-wrap elementor-element-populated\">\n\t\t\t\t\t\t<div class=\"elementor-element elementor-element-78465c4 elementor-widget elementor-widget-heading\" data-id=\"78465c4\" data-element_type=\"widget\" data-e-type=\"widget\" data-widget_type=\"heading.default\">\n\t\t\t\t<div class=\"elementor-widget-container\">\n\t\t\t\t\t<h3 class=\"elementor-heading-title elementor-size-default\">Finden wir\n<br>das Know-how wieder<\/h3>\t\t\t\t<\/div>\n\t\t\t\t<\/div>\n\t\t\t\t<div class=\"elementor-element elementor-element-c6a0050 elementor-widget-divider--view-line elementor-widget elementor-widget-divider\" data-id=\"c6a0050\" data-element_type=\"widget\" data-e-type=\"widget\" data-widget_type=\"divider.default\">\n\t\t\t\t<div class=\"elementor-widget-container\">\n\t\t\t\t\t\t\t<div class=\"elementor-divider\">\n\t\t\t<span class=\"elementor-divider-separator\">\n\t\t\t\t\t\t<\/span>\n\t\t<\/div>\n\t\t\t\t\t\t<\/div>\n\t\t\t\t<\/div>\n\t\t\t\t<div class=\"elementor-element elementor-element-6beab63 elementor-widget elementor-widget-text-editor\" data-id=\"6beab63\" data-element_type=\"widget\" data-e-type=\"widget\" data-widget_type=\"text-editor.default\">\n\t\t\t\t<div class=\"elementor-widget-container\">\n\t\t\t\t\t\t\t\t\tDas Know-how, die Liebe zum Material und zur Arbeit mit der Erde, der direkte Kontakt mit unseren Ressourcen, eine bewusste Auswahl der verwendeten Materialien und Rohstoffe sind Grundwerte, die sich in den von uns ausgew\u00e4hlten Produkten widerspiegeln.\t\t\t\t\t\t\t\t<\/div>\n\t\t\t\t<\/div>\n\t\t\t\t\t<\/div>\n\t\t<\/div>\n\t\t\t\t<div class=\"elementor-column elementor-col-25 elementor-inner-column elementor-element elementor-element-54140a8\" data-id=\"54140a8\" data-element_type=\"column\" data-e-type=\"column\">\n\t\t\t<div class=\"elementor-widget-wrap elementor-element-populated\">\n\t\t\t\t\t\t<div class=\"elementor-element elementor-element-183d6c8 elementor-widget elementor-widget-heading\" data-id=\"183d6c8\" data-element_type=\"widget\" data-e-type=\"widget\" data-widget_type=\"heading.default\">\n\t\t\t\t<div class=\"elementor-widget-container\">\n\t\t\t\t\t<h3 class=\"elementor-heading-title elementor-size-default\">Verringern wir\n<br>unseren Abfall<\/h3>\t\t\t\t<\/div>\n\t\t\t\t<\/div>\n\t\t\t\t<div class=\"elementor-element elementor-element-11b4097 elementor-widget-divider--view-line elementor-widget elementor-widget-divider\" data-id=\"11b4097\" data-element_type=\"widget\" data-e-type=\"widget\" data-widget_type=\"divider.default\">\n\t\t\t\t<div class=\"elementor-widget-container\">\n\t\t\t\t\t\t\t<div class=\"elementor-divider\">\n\t\t\t<span class=\"elementor-divider-separator\">\n\t\t\t\t\t\t<\/span>\n\t\t<\/div>\n\t\t\t\t\t\t<\/div>\n\t\t\t\t<\/div>\n\t\t\t\t<div class=\"elementor-element elementor-element-3068f15 elementor-widget elementor-widget-text-editor\" data-id=\"3068f15\" data-element_type=\"widget\" data-e-type=\"widget\" data-widget_type=\"text-editor.default\">\n\t\t\t\t<div class=\"elementor-widget-container\">\n\t\t\t\t\t\t\t\t\t<p>Der beste Abfall ist der, den wir nicht erzeugen!<\/p><p>Wir weigern uns, diesen Wettlauf der \u00dcberverpackung zu unterst\u00fctzen, und durch einen einfacheren, ges\u00fcnderen und \u00fcberlegteren Lebensstil k\u00f6nnen wir den Wandel einleiten.<\/p><p>Unsere Partner bevorzugen Produkte, die keinen Abfall produzieren, und wenn es eine Verpackung gibt, ist diese pfandpflichtig, wiederverwendbar oder kompostierbar.<\/p>\t\t\t\t\t\t\t\t<\/div>\n\t\t\t\t<\/div>\n\t\t\t\t\t<\/div>\n\t\t<\/div>\n\t\t\t\t<div class=\"elementor-column elementor-col-25 elementor-inner-column elementor-element elementor-element-3d3f4f2\" data-id=\"3d3f4f2\" data-element_type=\"column\" data-e-type=\"column\">\n\t\t\t<div class=\"elementor-widget-wrap elementor-element-populated\">\n\t\t\t\t\t\t<div class=\"elementor-element elementor-element-3d9ece6 elementor-widget elementor-widget-heading\" data-id=\"3d9ece6\" data-element_type=\"widget\" data-e-type=\"widget\" data-widget_type=\"heading.default\">\n\t\t\t\t<div class=\"elementor-widget-container\">\n\t\t\t\t\t<h3 class=\"elementor-heading-title elementor-size-default\">W\u00e4hlen Sie\n<br>nachhaltige Zutaten<\/h3>\t\t\t\t<\/div>\n\t\t\t\t<\/div>\n\t\t\t\t<div class=\"elementor-element elementor-element-693c627 elementor-widget-divider--view-line elementor-widget elementor-widget-divider\" data-id=\"693c627\" data-element_type=\"widget\" data-e-type=\"widget\" data-widget_type=\"divider.default\">\n\t\t\t\t<div class=\"elementor-widget-container\">\n\t\t\t\t\t\t\t<div class=\"elementor-divider\">\n\t\t\t<span class=\"elementor-divider-separator\">\n\t\t\t\t\t\t<\/span>\n\t\t<\/div>\n\t\t\t\t\t\t<\/div>\n\t\t\t\t<\/div>\n\t\t\t\t<div class=\"elementor-element elementor-element-16ac900 elementor-widget elementor-widget-text-editor\" data-id=\"16ac900\" data-element_type=\"widget\" data-e-type=\"widget\" data-widget_type=\"text-editor.default\">\n\t\t\t\t<div class=\"elementor-widget-container\">\n\t\t\t\t\t\t\t\t\t<p>Wie oft sind wir auf Etiketten mit unleserlichen Namen von Verbindungen hereingefallen, die auf angeblich &#8222;gr\u00fcnen&#8220; Produkten klebten, dem unumg\u00e4nglichen Marketingargument der gro\u00dfen Marken, die sich dem &#8222;Greenwashing&#8220; verschrieben haben?<\/p><p>Wir legen gro\u00dfen Wert auf die Auswahl von Kunsthandwerkern, die mit nat\u00fcrlichen, ethischen und meist lokalen Rohstoffen arbeiten, um Transparenz zu gew\u00e4hrleisten.<\/p>\t\t\t\t\t\t\t\t<\/div>\n\t\t\t\t<\/div>\n\t\t\t\t\t<\/div>\n\t\t<\/div>\n\t\t\t\t\t<\/div>\n\t\t<\/section>\n\t\t\t\t\t<\/div>\n\t\t<\/div>\n\t\t\t\t\t<\/div>\n\t\t<\/section>\n\t\t\t\t<\/div>\n\t\t","protected":false},"excerpt":{"rendered":"<p>Alles, was wir lieben Unsere Partner werden vor allem nach Herzenslust ausgew\u00e4hlt! Sie haben uns durch ihre Vorgehensweise ber\u00fchrt, haben eine gemeinsame Leidenschaft mit der unseren und starke ethische Werte. Wir wissen, dass Vertrauen das Wichtigste ist, und Sie werden dort mit geschlossenen Augen Ihr Gl\u00fcck finden. F\u00f6rdern Sie den lokalen Handel Weil wir die [&hellip;]<\/p>\n","protected":false},"author":5206,"featured_media":0,"parent":0,"menu_order":3,"comment_status":"closed","ping_status":"closed","template":"","meta":{"_acf_changed":false,"footnotes":""},"class_list":["post-55925","page","type-page","status-publish","hentry"],"acf":[],"jetpack_sharing_enabled":true,"_links":{"self":[{"href":"https:\/\/www.lespaillettesvertes.ch\/de\/wp-json\/wp\/v2\/pages\/55925","targetHints":{"allow":["GET"]}}],"collection":[{"href":"https:\/\/www.lespaillettesvertes.ch\/de\/wp-json\/wp\/v2\/pages"}],"about":[{"href":"https:\/\/www.lespaillettesvertes.ch\/de\/wp-json\/wp\/v2\/types\/page"}],"author":[{"embeddable":true,"href":"https:\/\/www.lespaillettesvertes.ch\/de\/wp-json\/wp\/v2\/users\/5206"}],"replies":[{"embeddable":true,"href":"https:\/\/www.lespaillettesvertes.ch\/de\/wp-json\/wp\/v2\/comments?post=55925"}],"version-history":[{"count":1,"href":"https:\/\/www.lespaillettesvertes.ch\/de\/wp-json\/wp\/v2\/pages\/55925\/revisions"}],"predecessor-version":[{"id":55928,"href":"https:\/\/www.lespaillettesvertes.ch\/de\/wp-json\/wp\/v2\/pages\/55925\/revisions\/55928"}],"wp:attachment":[{"href":"https:\/\/www.lespaillettesvertes.ch\/de\/wp-json\/wp\/v2\/media?parent=55925"}],"curies":[{"name":"wp","href":"https:\/\/api.w.org\/{rel}","templated":true}]}}