{"id":55801,"date":"2023-06-19T17:16:23","date_gmt":"2023-06-19T15:16:23","guid":{"rendered":"https:\/\/www.lespaillettesvertes.ch\/zahlungsmethoden\/"},"modified":"2025-10-30T13:26:50","modified_gmt":"2025-10-30T12:26:50","slug":"zahlungsmethoden","status":"publish","type":"page","link":"https:\/\/www.lespaillettesvertes.ch\/de\/zahlungsmethoden\/","title":{"rendered":"Zahlungsmethoden"},"content":{"rendered":"\t\t<div data-elementor-type=\"wp-page\" data-elementor-id=\"55801\" class=\"elementor elementor-55801 elementor-32127\" data-elementor-post-type=\"page\">\n\t\t\t\t<div class=\"elementor-element elementor-element-d4c075b e-con-full e-flex e-con e-parent\" data-id=\"d4c075b\" data-element_type=\"container\" data-e-type=\"container\">\n\t\t\t\t<div class=\"elementor-element elementor-element-a683233 elementor-widget elementor-widget-template\" data-id=\"a683233\" data-element_type=\"widget\" data-e-type=\"widget\" data-widget_type=\"template.default\">\n\t\t\t\t<div class=\"elementor-widget-container\">\n\t\t\t\t\t\t\t<div class=\"elementor-template\">\n\t\t\t\t\t<div data-elementor-type=\"section\" data-elementor-id=\"56054\" class=\"elementor elementor-56054 elementor-50968 elementor-50968\" data-elementor-post-type=\"elementor_library\">\n\t\t\t<div class=\"elementor-element elementor-element-9028920 e-con-full e-flex e-con e-parent\" data-id=\"9028920\" data-element_type=\"container\" data-e-type=\"container\" data-settings=\"{&quot;background_background&quot;:&quot;classic&quot;}\">\n\t\t\t\t<div class=\"elementor-element elementor-element-846aab7 elementor-widget elementor-widget-heading\" data-id=\"846aab7\" data-element_type=\"widget\" data-e-type=\"widget\" data-widget_type=\"heading.default\">\n\t\t\t\t<div class=\"elementor-widget-container\">\n\t\t\t\t\t<h1 class=\"elementor-heading-title elementor-size-default\">Zahlungsmethoden<\/h1>\t\t\t\t<\/div>\n\t\t\t\t<\/div>\n\t\t\t\t<\/div>\n\t\t\t\t<\/div>\n\t\t\t\t<\/div>\n\t\t\t\t\t\t<\/div>\n\t\t\t\t<\/div>\n\t\t\t\t<\/div>\n\t\t<div class=\"elementor-element elementor-element-bd01ad5 e-flex e-con-boxed e-con e-parent\" data-id=\"bd01ad5\" data-element_type=\"container\" data-e-type=\"container\">\n\t\t\t\t\t<div class=\"e-con-inner\">\n\t\t\t\t<div class=\"elementor-element elementor-element-fea2c2a elementor-widget elementor-widget-text-editor\" data-id=\"fea2c2a\" data-element_type=\"widget\" data-e-type=\"widget\" data-widget_type=\"text-editor.default\">\n\t\t\t\t<div class=\"elementor-widget-container\">\n\t\t\t\t\t\t\t\t\t<p>F\u00fcr Eink\u00e4ufe im Online-Shop akzeptieren wir Zahlungen per TWINT, Postfinance pay und Kreditkarte.<\/p><p>Unsere Bankdaten werden Ihnen beim Versand der Auftragsbest\u00e4tigung mitgeteilt.<\/p><p>Online-Bestellungen werden erst nach Eingang Ihrer Zahlung best\u00e4tigt.<\/p><p>Sie k\u00f6nnen auch mit Ihren <a href=\"https:\/\/www.lespaillettesvertes.ch\/site-participatif-points-participatifs\/\">eco-participatory Punkten <\/a>bezahlen, die Sie f\u00fcr Ihren Beitrag zur Sensibilisierung f\u00fcr Umweltfragen oder als Dank f\u00fcr Ihren umweltbewussten Konsum erhalten haben.<\/p>\t\t\t\t\t\t\t\t<\/div>\n\t\t\t\t<\/div>\n\t\t\t\t\t<\/div>\n\t\t\t\t<\/div>\n\t\t\t\t<\/div>\n\t\t","protected":false},"excerpt":{"rendered":"<p>F\u00fcr Eink\u00e4ufe im Online-Shop akzeptieren wir Zahlungen per TWINT, Postfinance pay und Kreditkarte. Unsere Bankdaten werden Ihnen beim Versand der Auftragsbest\u00e4tigung mitgeteilt. Online-Bestellungen werden erst nach Eingang Ihrer Zahlung best\u00e4tigt. Sie k\u00f6nnen auch mit Ihren eco-participatory Punkten bezahlen, die Sie f\u00fcr Ihren Beitrag zur Sensibilisierung f\u00fcr Umweltfragen oder als Dank f\u00fcr Ihren umweltbewussten Konsum erhalten [&hellip;]<\/p>\n","protected":false},"author":5206,"featured_media":0,"parent":0,"menu_order":14,"comment_status":"closed","ping_status":"closed","template":"","meta":{"_acf_changed":false,"footnotes":""},"class_list":["post-55801","page","type-page","status-publish","hentry","_wholesalex wsx-wholesalex-product"],"acf":[],"jetpack_sharing_enabled":true,"_links":{"self":[{"href":"https:\/\/www.lespaillettesvertes.ch\/de\/wp-json\/wp\/v2\/pages\/55801","targetHints":{"allow":["GET"]}}],"collection":[{"href":"https:\/\/www.lespaillettesvertes.ch\/de\/wp-json\/wp\/v2\/pages"}],"about":[{"href":"https:\/\/www.lespaillettesvertes.ch\/de\/wp-json\/wp\/v2\/types\/page"}],"author":[{"embeddable":true,"href":"https:\/\/www.lespaillettesvertes.ch\/de\/wp-json\/wp\/v2\/users\/5206"}],"replies":[{"embeddable":true,"href":"https:\/\/www.lespaillettesvertes.ch\/de\/wp-json\/wp\/v2\/comments?post=55801"}],"version-history":[{"count":1,"href":"https:\/\/www.lespaillettesvertes.ch\/de\/wp-json\/wp\/v2\/pages\/55801\/revisions"}],"predecessor-version":[{"id":55802,"href":"https:\/\/www.lespaillettesvertes.ch\/de\/wp-json\/wp\/v2\/pages\/55801\/revisions\/55802"}],"wp:attachment":[{"href":"https:\/\/www.lespaillettesvertes.ch\/de\/wp-json\/wp\/v2\/media?parent=55801"}],"curies":[{"name":"wp","href":"https:\/\/api.w.org\/{rel}","templated":true}]}}