{"id":55793,"date":"2023-10-17T15:20:40","date_gmt":"2023-10-17T13:20:40","guid":{"rendered":"https:\/\/www.lespaillettesvertes.ch\/medien-presse\/"},"modified":"2025-10-30T13:26:50","modified_gmt":"2025-10-30T12:26:50","slug":"medien-presse","status":"publish","type":"page","link":"https:\/\/www.lespaillettesvertes.ch\/de\/medien-presse\/","title":{"rendered":"Medien \/ Presse"},"content":{"rendered":"\t\t<div data-elementor-type=\"wp-page\" data-elementor-id=\"55793\" class=\"elementor elementor-55793 elementor-33159\" data-elementor-post-type=\"page\">\n\t\t\t\t<div class=\"elementor-element elementor-element-fbc6afd e-con-full e-flex e-con e-parent\" data-id=\"fbc6afd\" data-element_type=\"container\" data-e-type=\"container\">\n\t\t\t\t<div class=\"elementor-element elementor-element-ea8b650 elementor-widget elementor-widget-template\" data-id=\"ea8b650\" data-element_type=\"widget\" data-e-type=\"widget\" data-widget_type=\"template.default\">\n\t\t\t\t<div class=\"elementor-widget-container\">\n\t\t\t\t\t\t\t<div class=\"elementor-template\">\n\t\t\t\t\t<div data-elementor-type=\"section\" data-elementor-id=\"56054\" class=\"elementor elementor-56054 elementor-50968 elementor-50968\" data-elementor-post-type=\"elementor_library\">\n\t\t\t<div class=\"elementor-element elementor-element-9028920 e-con-full e-flex e-con e-parent\" data-id=\"9028920\" data-element_type=\"container\" data-e-type=\"container\" data-settings=\"{&quot;background_background&quot;:&quot;classic&quot;}\">\n\t\t\t\t<div class=\"elementor-element elementor-element-846aab7 elementor-widget elementor-widget-heading\" data-id=\"846aab7\" data-element_type=\"widget\" data-e-type=\"widget\" data-widget_type=\"heading.default\">\n\t\t\t\t<div class=\"elementor-widget-container\">\n\t\t\t\t\t<h1 class=\"elementor-heading-title elementor-size-default\">Medien \/ Presse<\/h1>\t\t\t\t<\/div>\n\t\t\t\t<\/div>\n\t\t\t\t<\/div>\n\t\t\t\t<\/div>\n\t\t\t\t<\/div>\n\t\t\t\t\t\t<\/div>\n\t\t\t\t<\/div>\n\t\t\t\t<\/div>\n\t\t<div class=\"elementor-element elementor-element-dc91d2b e-flex e-con-boxed e-con e-parent\" data-id=\"dc91d2b\" data-element_type=\"container\" data-e-type=\"container\">\n\t\t\t\t\t<div class=\"e-con-inner\">\n\t\t<div class=\"elementor-element elementor-element-2abef37 e-con-full e-flex e-con e-child\" data-id=\"2abef37\" data-element_type=\"container\" data-e-type=\"container\">\n\t\t\t\t<div class=\"elementor-element elementor-element-e564059 elementor-widget-divider--view-line_icon elementor-view-default elementor-widget-divider--element-align-center elementor-widget elementor-widget-divider\" data-id=\"e564059\" data-element_type=\"widget\" data-e-type=\"widget\" data-widget_type=\"divider.default\">\n\t\t\t\t<div class=\"elementor-widget-container\">\n\t\t\t\t\t\t\t<div class=\"elementor-divider\">\n\t\t\t<span class=\"elementor-divider-separator\">\n\t\t\t\t\t\t\t<div class=\"elementor-icon elementor-divider__element\">\n\t\t\t\t\t<i aria-hidden=\"true\" class=\"fas fa-square-full\"><\/i><\/div>\n\t\t\t\t\t\t<\/span>\n\t\t<\/div>\n\t\t\t\t\t\t<\/div>\n\t\t\t\t<\/div>\n\t\t\t\t<div class=\"elementor-element elementor-element-836c331 title-block-1 elementor-widget elementor-widget-heading\" data-id=\"836c331\" data-element_type=\"widget\" data-e-type=\"widget\" data-widget_type=\"heading.default\">\n\t\t\t\t<div class=\"elementor-widget-container\">\n\t\t\t\t\t<h2 class=\"elementor-heading-title elementor-size-default\">Sie sprechen \u00fcber uns...<\/h2>\t\t\t\t<\/div>\n\t\t\t\t<\/div>\n\t\t\t\t<\/div>\n\t\t<div class=\"elementor-element elementor-element-734ba39 e-flex e-con-boxed e-con e-child\" data-id=\"734ba39\" data-element_type=\"container\" data-e-type=\"container\">\n\t\t\t\t\t<div class=\"e-con-inner\">\n\t\t<div class=\"elementor-element elementor-element-dd4a165 e-con-full e-flex e-con e-child\" data-id=\"dd4a165\" data-element_type=\"container\" data-e-type=\"container\" data-settings=\"{&quot;background_background&quot;:&quot;classic&quot;}\">\n\t\t\t\t<div class=\"elementor-element elementor-element-c5fd1c9 elementor-widget elementor-widget-text-editor\" data-id=\"c5fd1c9\" data-element_type=\"widget\" data-e-type=\"widget\" data-widget_type=\"text-editor.default\">\n\t\t\t\t<div class=\"elementor-widget-container\">\n\t\t\t\t\t\t\t\t\t<p>Vielen Dank an die 24 Heures vom 13. April 2024 f\u00fcr die Reportage w\u00e4hrend des Workshops Lactofermentation, der bei uns von <a href=\"https:\/\/eveil-nature.wixsite.com\/association\" target=\"_blank\" rel=\"noopener\">Eveil-Nature<\/a> durchgef\u00fchrt wurde.  <\/p>\t\t\t\t\t\t\t\t<\/div>\n\t\t\t\t<\/div>\n\t\t\t\t<div class=\"elementor-element elementor-element-117782b elementor-widget elementor-widget-image\" data-id=\"117782b\" data-element_type=\"widget\" data-e-type=\"widget\" data-widget_type=\"image.default\">\n\t\t\t\t<div class=\"elementor-widget-container\">\n\t\t\t\t\t\t\t\t\t\t\t\t\t\t\t\t<a href=\"https:\/\/www.lespaillettesvertes.ch\/wp-content\/uploads\/2024\/04\/24_heures_atelier_lactofermentation_04.2024.pdf\" target=\"_blank\">\n\t\t\t\t\t\t\t<img data-recalc-dims=\"1\" decoding=\"async\" src=\"https:\/\/i0.wp.com\/www.lespaillettesvertes.ch\/wp-content\/uploads\/2024\/04\/24_heures_atelier_lactofermentation_04.2024.png?ssl=1\" title=\"\" alt=\"24_heures_atelier_lactofermentation_04.2024\" loading=\"lazy\" \/>\t\t\t\t\t\t\t\t<\/a>\n\t\t\t\t\t\t\t\t\t\t\t\t\t\t\t<\/div>\n\t\t\t\t<\/div>\n\t\t\t\t<div class=\"elementor-element elementor-element-fcf9859 elementor-align-center elementor-widget__width-auto elementor-widget elementor-widget-button\" data-id=\"fcf9859\" data-element_type=\"widget\" data-e-type=\"widget\" data-widget_type=\"button.default\">\n\t\t\t\t<div class=\"elementor-widget-container\">\n\t\t\t\t\t\t\t\t\t<div class=\"elementor-button-wrapper\">\n\t\t\t\t\t<a class=\"elementor-button elementor-button-link elementor-size-lg\" href=\"https:\/\/www.lespaillettesvertes.ch\/wp-content\/uploads\/2024\/04\/24_heures_atelier_lactofermentation_04.2024.pdf\" target=\"_blank\">\n\t\t\t\t\t\t<span class=\"elementor-button-content-wrapper\">\n\t\t\t\t\t\t\t\t\t<span class=\"elementor-button-text\">Lesen Sie den Artikel<\/span>\n\t\t\t\t\t<\/span>\n\t\t\t\t\t<\/a>\n\t\t\t\t<\/div>\n\t\t\t\t\t\t\t\t<\/div>\n\t\t\t\t<\/div>\n\t\t\t\t<\/div>\n\t\t<div class=\"elementor-element elementor-element-85df72d e-con-full e-flex e-con e-child\" data-id=\"85df72d\" data-element_type=\"container\" data-e-type=\"container\" data-settings=\"{&quot;background_background&quot;:&quot;classic&quot;}\">\n\t\t\t\t<div class=\"elementor-element elementor-element-9546e5a elementor-widget elementor-widget-text-editor\" data-id=\"9546e5a\" data-element_type=\"widget\" data-e-type=\"widget\" data-widget_type=\"text-editor.default\">\n\t\t\t\t<div class=\"elementor-widget-container\">\n\t\t\t\t\t\t\t\t\tUnd die Zeitschrift L&#8217;Illustr\u00e9 am 17. August 2022 im Rahmen eines gemeinsam organisierten Workshops!\t\t\t\t\t\t\t\t<\/div>\n\t\t\t\t<\/div>\n\t\t\t\t<div class=\"elementor-element elementor-element-a893244 elementor-widget elementor-widget-image\" data-id=\"a893244\" data-element_type=\"widget\" data-e-type=\"widget\" data-widget_type=\"image.default\">\n\t\t\t\t<div class=\"elementor-widget-container\">\n\t\t\t\t\t\t\t\t\t\t\t\t\t\t\t\t<a href=\"https:\/\/www.illustre.ch\/magazine\/apprenez-a-realiser-par-vous-meme-votre-produit-de-vaisselle-ou-de-lessive-525640\" target=\"_blank\" rel=\"noopener\">\n\t\t\t\t\t\t\t<img fetchpriority=\"high\" decoding=\"async\" width=\"521\" height=\"700\" src=\"https:\/\/i0.wp.com\/www.lespaillettesvertes.ch\/wp-content\/uploads\/2023\/10\/Illustre20220817.webp?fit=521%2C700&amp;ssl=1\" class=\"attachment-full size-full wp-image-33177\" alt=\"L&#039;Illustr\u00e9\" srcset=\"https:\/\/i0.wp.com\/www.lespaillettesvertes.ch\/wp-content\/uploads\/2023\/10\/Illustre20220817.webp?w=521&amp;ssl=1 521w, https:\/\/i0.wp.com\/www.lespaillettesvertes.ch\/wp-content\/uploads\/2023\/10\/Illustre20220817.webp?resize=223%2C300&amp;ssl=1 223w\" sizes=\"(max-width: 521px) 100vw, 521px\" \/>\t\t\t\t\t\t\t\t<\/a>\n\t\t\t\t\t\t\t\t\t\t\t\t\t\t\t<\/div>\n\t\t\t\t<\/div>\n\t\t\t\t<div class=\"elementor-element elementor-element-73459d3 elementor-align-center elementor-widget__width-auto elementor-widget elementor-widget-button\" data-id=\"73459d3\" data-element_type=\"widget\" data-e-type=\"widget\" data-widget_type=\"button.default\">\n\t\t\t\t<div class=\"elementor-widget-container\">\n\t\t\t\t\t\t\t\t\t<div class=\"elementor-button-wrapper\">\n\t\t\t\t\t<a class=\"elementor-button elementor-button-link elementor-size-lg\" href=\"https:\/\/www.illustre.ch\/magazine\/apprenez-a-realiser-par-vous-meme-votre-produit-de-vaisselle-ou-de-lessive-525640\" target=\"_blank\" rel=\"noopener\">\n\t\t\t\t\t\t<span class=\"elementor-button-content-wrapper\">\n\t\t\t\t\t\t\t\t\t<span class=\"elementor-button-text\">Lesen Sie den Artikel<\/span>\n\t\t\t\t\t<\/span>\n\t\t\t\t\t<\/a>\n\t\t\t\t<\/div>\n\t\t\t\t\t\t\t\t<\/div>\n\t\t\t\t<\/div>\n\t\t\t\t<\/div>\n\t\t<div class=\"elementor-element elementor-element-eb77b1e e-con-full e-flex e-con e-child\" data-id=\"eb77b1e\" data-element_type=\"container\" data-e-type=\"container\" data-settings=\"{&quot;background_background&quot;:&quot;classic&quot;}\">\n\t\t\t\t<div class=\"elementor-element elementor-element-db1b691 elementor-widget elementor-widget-text-editor\" data-id=\"db1b691\" data-element_type=\"widget\" data-e-type=\"widget\" data-widget_type=\"text-editor.default\">\n\t\t\t\t<div class=\"elementor-widget-container\">\n\t\t\t\t\t\t\t\t\t<p>Le Matin Dimanche vom 22. April 2022 in seiner Kolumne<a href=\"https:\/\/www.24heures.ch\/comment-faire-le-menage-de-printemps-de-maniere-ecolo-516472524344\" target=\"_blank\" rel=\"noopener\">&#8222;Die gr\u00fcne Frage<\/a>&#8222;!<\/p>\t\t\t\t\t\t\t\t<\/div>\n\t\t\t\t<\/div>\n\t\t\t\t<div class=\"elementor-element elementor-element-f75d905 elementor-widget elementor-widget-image\" data-id=\"f75d905\" data-element_type=\"widget\" data-e-type=\"widget\" data-widget_type=\"image.default\">\n\t\t\t\t<div class=\"elementor-widget-container\">\n\t\t\t\t\t\t\t\t\t\t\t\t\t\t\t\t<a href=\"https:\/\/www.24heures.ch\/comment-faire-le-menage-de-printemps-de-maniere-ecolo-516472524344\" target=\"_blank\" rel=\"noopener\">\n\t\t\t\t\t\t\t<img decoding=\"async\" width=\"580\" height=\"218\" src=\"https:\/\/i0.wp.com\/www.lespaillettesvertes.ch\/wp-content\/uploads\/2023\/10\/Le_Matin_Dimanche.webp?fit=580%2C218&amp;ssl=1\" class=\"attachment-full size-full wp-image-33173\" alt=\"Logo Le Matin Dimanche\" srcset=\"https:\/\/i0.wp.com\/www.lespaillettesvertes.ch\/wp-content\/uploads\/2023\/10\/Le_Matin_Dimanche.webp?w=580&amp;ssl=1 580w, https:\/\/i0.wp.com\/www.lespaillettesvertes.ch\/wp-content\/uploads\/2023\/10\/Le_Matin_Dimanche.webp?resize=300%2C113&amp;ssl=1 300w\" sizes=\"(max-width: 580px) 100vw, 580px\" \/>\t\t\t\t\t\t\t\t<\/a>\n\t\t\t\t\t\t\t\t\t\t\t\t\t\t\t<\/div>\n\t\t\t\t<\/div>\n\t\t\t\t<div class=\"elementor-element elementor-element-fce1068 elementor-align-center elementor-widget__width-auto elementor-widget elementor-widget-button\" data-id=\"fce1068\" data-element_type=\"widget\" data-e-type=\"widget\" data-widget_type=\"button.default\">\n\t\t\t\t<div class=\"elementor-widget-container\">\n\t\t\t\t\t\t\t\t\t<div class=\"elementor-button-wrapper\">\n\t\t\t\t\t<a class=\"elementor-button elementor-button-link elementor-size-lg\" href=\"https:\/\/www.illustre.ch\/magazine\/apprenez-a-realiser-par-vous-meme-votre-produit-de-vaisselle-ou-de-lessive-525640\" target=\"_blank\" rel=\"noopener\">\n\t\t\t\t\t\t<span class=\"elementor-button-content-wrapper\">\n\t\t\t\t\t\t\t\t\t<span class=\"elementor-button-text\">Lesen Sie den Artikel<\/span>\n\t\t\t\t\t<\/span>\n\t\t\t\t\t<\/a>\n\t\t\t\t<\/div>\n\t\t\t\t\t\t\t\t<\/div>\n\t\t\t\t<\/div>\n\t\t\t\t<\/div>\n\t\t<div class=\"elementor-element elementor-element-3e0ac05 e-con-full e-flex e-con e-child\" data-id=\"3e0ac05\" data-element_type=\"container\" data-e-type=\"container\" data-settings=\"{&quot;background_background&quot;:&quot;classic&quot;}\">\n\t\t\t\t<div class=\"elementor-element elementor-element-f1f3038 elementor-widget elementor-widget-text-editor\" data-id=\"f1f3038\" data-element_type=\"widget\" data-e-type=\"widget\" data-widget_type=\"text-editor.default\">\n\t\t\t\t<div class=\"elementor-widget-container\">\n\t\t\t\t\t\t\t\t\t<p>Interview Femina vom 30. Januar 2020&#8230; und den vollst\u00e4ndigen Artikel <a href=\"https:\/\/www.femina.ch\/style\/beaute\/les-paillettes-vertes-ou-la-passion-des-cosmetiques-zero-dechet\" target=\"_blank\" rel=\"noopener\">hier<\/a>\ud83d\ude42<\/p>\t\t\t\t\t\t\t\t<\/div>\n\t\t\t\t<\/div>\n\t\t\t\t<div class=\"elementor-element elementor-element-a8b8700 elementor-widget elementor-widget-video\" data-id=\"a8b8700\" data-element_type=\"widget\" data-e-type=\"widget\" data-settings=\"{&quot;youtube_url&quot;:&quot;https:\\\/\\\/www.youtube.com\\\/watch?v=8hsmzAEZ1mI&quot;,&quot;video_type&quot;:&quot;youtube&quot;,&quot;controls&quot;:&quot;yes&quot;}\" data-widget_type=\"video.default\">\n\t\t\t\t<div class=\"elementor-widget-container\">\n\t\t\t\t\t\t\t<div class=\"elementor-wrapper elementor-open-inline\">\n\t\t\t<div class=\"elementor-video\"><\/div>\t\t<\/div>\n\t\t\t\t\t\t<\/div>\n\t\t\t\t<\/div>\n\t\t\t\t<div class=\"elementor-element elementor-element-051a1b7 elementor-align-center elementor-widget__width-auto elementor-widget elementor-widget-button\" data-id=\"051a1b7\" data-element_type=\"widget\" data-e-type=\"widget\" data-widget_type=\"button.default\">\n\t\t\t\t<div class=\"elementor-widget-container\">\n\t\t\t\t\t\t\t\t\t<div class=\"elementor-button-wrapper\">\n\t\t\t\t\t<a class=\"elementor-button elementor-button-link elementor-size-lg\" href=\"https:\/\/www.femina.ch\/style\/beaute\/les-paillettes-vertes-ou-la-passion-des-cosmetiques-zero-dechet\" target=\"_blank\" rel=\"noopener\">\n\t\t\t\t\t\t<span class=\"elementor-button-content-wrapper\">\n\t\t\t\t\t\t\t\t\t<span class=\"elementor-button-text\">Lesen Sie den Artikel<\/span>\n\t\t\t\t\t<\/span>\n\t\t\t\t\t<\/a>\n\t\t\t\t<\/div>\n\t\t\t\t\t\t\t\t<\/div>\n\t\t\t\t<\/div>\n\t\t\t\t<\/div>\n\t\t<div class=\"elementor-element elementor-element-795ce17 e-con-full e-flex e-con e-child\" data-id=\"795ce17\" data-element_type=\"container\" data-e-type=\"container\" data-settings=\"{&quot;background_background&quot;:&quot;classic&quot;}\">\n\t\t\t\t<div class=\"elementor-element elementor-element-cbf48bd elementor-widget elementor-widget-text-editor\" data-id=\"cbf48bd\" data-element_type=\"widget\" data-e-type=\"widget\" data-widget_type=\"text-editor.default\">\n\t\t\t\t<div class=\"elementor-widget-container\">\n\t\t\t\t\t\t\t\t\tHier sind wir in der Marie-Claire f\u00fcr November 2019&#8230;.\t\t\t\t\t\t\t\t<\/div>\n\t\t\t\t<\/div>\n\t\t\t\t<div class=\"elementor-element elementor-element-1b5f947 elementor-widget elementor-widget-image\" data-id=\"1b5f947\" data-element_type=\"widget\" data-e-type=\"widget\" data-widget_type=\"image.default\">\n\t\t\t\t<div class=\"elementor-widget-container\">\n\t\t\t\t\t\t\t\t\t\t\t\t\t\t\t\t<a href=\"https:\/\/i0.wp.com\/www.lespaillettesvertes.ch\/wp-content\/uploads\/2023\/10\/marie-claire.webp?ssl=1\" target=\"_blank\">\n\t\t\t\t\t\t\t<img decoding=\"async\" width=\"624\" height=\"812\" src=\"https:\/\/i0.wp.com\/www.lespaillettesvertes.ch\/wp-content\/uploads\/2023\/10\/marie-claire.webp?fit=624%2C812&amp;ssl=1\" class=\"attachment-large size-large wp-image-33169\" alt=\"Article de Marie Claire\" srcset=\"https:\/\/i0.wp.com\/www.lespaillettesvertes.ch\/wp-content\/uploads\/2023\/10\/marie-claire.webp?w=624&amp;ssl=1 624w, https:\/\/i0.wp.com\/www.lespaillettesvertes.ch\/wp-content\/uploads\/2023\/10\/marie-claire.webp?resize=231%2C300&amp;ssl=1 231w, https:\/\/i0.wp.com\/www.lespaillettesvertes.ch\/wp-content\/uploads\/2023\/10\/marie-claire.webp?resize=600%2C781&amp;ssl=1 600w\" sizes=\"(max-width: 624px) 100vw, 624px\" \/>\t\t\t\t\t\t\t\t<\/a>\n\t\t\t\t\t\t\t\t\t\t\t\t\t\t\t<\/div>\n\t\t\t\t<\/div>\n\t\t\t\t<div class=\"elementor-element elementor-element-b95f34c elementor-align-center elementor-widget__width-auto elementor-widget elementor-widget-button\" data-id=\"b95f34c\" data-element_type=\"widget\" data-e-type=\"widget\" data-widget_type=\"button.default\">\n\t\t\t\t<div class=\"elementor-widget-container\">\n\t\t\t\t\t\t\t\t\t<div class=\"elementor-button-wrapper\">\n\t\t\t\t\t<a class=\"elementor-button elementor-button-link elementor-size-lg\" href=\"https:\/\/www.lespaillettesvertes.ch\/wp-content\/uploads\/2023\/10\/marie-claire.webp\" target=\"_blank\">\n\t\t\t\t\t\t<span class=\"elementor-button-content-wrapper\">\n\t\t\t\t\t\t\t\t\t<span class=\"elementor-button-text\">Lesen Sie den Artikel<\/span>\n\t\t\t\t\t<\/span>\n\t\t\t\t\t<\/a>\n\t\t\t\t<\/div>\n\t\t\t\t\t\t\t\t<\/div>\n\t\t\t\t<\/div>\n\t\t\t\t<\/div>\n\t\t<div class=\"elementor-element elementor-element-89a4250 e-con-full e-flex e-con e-child\" data-id=\"89a4250\" data-element_type=\"container\" data-e-type=\"container\" data-settings=\"{&quot;background_background&quot;:&quot;classic&quot;}\">\n\t\t\t\t<div class=\"elementor-element elementor-element-52fa2e6 elementor-widget elementor-widget-text-editor\" data-id=\"52fa2e6\" data-element_type=\"widget\" data-e-type=\"widget\" data-widget_type=\"text-editor.default\">\n\t\t\t\t<div class=\"elementor-widget-container\">\n\t\t\t\t\t\t\t\t\t<p>Und wenn das Radio bei einem unserer Workshops bei Chez Laur\u00e8ne zu Gast ist, entsteht die folgende kleine Reportage \ud83d\ude42<\/p><p>&#8222;Ici la Suisse&#8220;, 22. Oktober 2019<\/p>\t\t\t\t\t\t\t\t<\/div>\n\t\t\t\t<\/div>\n\t\t\t\t<div class=\"elementor-element elementor-element-60ecd52 elementor-widget elementor-widget-image\" data-id=\"60ecd52\" data-element_type=\"widget\" data-e-type=\"widget\" data-widget_type=\"image.default\">\n\t\t\t\t<div class=\"elementor-widget-container\">\n\t\t\t\t\t\t\t\t\t\t\t\t\t\t\t\t<a href=\"https:\/\/www.rts.ch\/play\/radio\/ici-la-suisse\/audio\/ici-la-suisse-paillettes-vertes-des-ateliers-eco-responsables-pour-reduire-son-impact?id=10785201\" target=\"_blank\" rel=\"noopener\">\n\t\t\t\t\t\t\t<img loading=\"lazy\" decoding=\"async\" width=\"568\" height=\"158\" src=\"https:\/\/i0.wp.com\/www.lespaillettesvertes.ch\/wp-content\/uploads\/2023\/10\/rts.webp?fit=568%2C158&amp;ssl=1\" class=\"attachment-full size-full wp-image-33171\" alt=\"Logo de RTS La 1\u00e8re\" srcset=\"https:\/\/i0.wp.com\/www.lespaillettesvertes.ch\/wp-content\/uploads\/2023\/10\/rts.webp?w=568&amp;ssl=1 568w, https:\/\/i0.wp.com\/www.lespaillettesvertes.ch\/wp-content\/uploads\/2023\/10\/rts.webp?resize=300%2C83&amp;ssl=1 300w\" sizes=\"(max-width: 568px) 100vw, 568px\" \/>\t\t\t\t\t\t\t\t<\/a>\n\t\t\t\t\t\t\t\t\t\t\t\t\t\t\t<\/div>\n\t\t\t\t<\/div>\n\t\t\t\t<div class=\"elementor-element elementor-element-bad1baf elementor-align-center elementor-widget__width-auto elementor-widget elementor-widget-button\" data-id=\"bad1baf\" data-element_type=\"widget\" data-e-type=\"widget\" data-widget_type=\"button.default\">\n\t\t\t\t<div class=\"elementor-widget-container\">\n\t\t\t\t\t\t\t\t\t<div class=\"elementor-button-wrapper\">\n\t\t\t\t\t<a class=\"elementor-button elementor-button-link elementor-size-lg\" href=\"https:\/\/www.rts.ch\/play\/radio\/ici-la-suisse\/audio\/ici-la-suisse-paillettes-vertes-des-ateliers-eco-responsables-pour-reduire-son-impact?id=10785201\" target=\"_blank\" rel=\"noopener\">\n\t\t\t\t\t\t<span class=\"elementor-button-content-wrapper\">\n\t\t\t\t\t\t\t\t\t<span class=\"elementor-button-text\">Siehe die Reportage<\/span>\n\t\t\t\t\t<\/span>\n\t\t\t\t\t<\/a>\n\t\t\t\t<\/div>\n\t\t\t\t\t\t\t\t<\/div>\n\t\t\t\t<\/div>\n\t\t\t\t<\/div>\n\t\t<div class=\"elementor-element elementor-element-d66c385 e-con-full e-flex e-con e-child\" data-id=\"d66c385\" data-element_type=\"container\" data-e-type=\"container\" data-settings=\"{&quot;background_background&quot;:&quot;classic&quot;}\">\n\t\t\t\t<div class=\"elementor-element elementor-element-cfcb723 elementor-widget elementor-widget-text-editor\" data-id=\"cfcb723\" data-element_type=\"widget\" data-e-type=\"widget\" data-widget_type=\"text-editor.default\">\n\t\t\t\t<div class=\"elementor-widget-container\">\n\t\t\t\t\t\t\t\t\tWir hatten das Gl\u00fcck, dass die lokale Presse bei unserem Bikarbonat-Workshop im April 2019 vorbeigeschaut hat&#8230; \ud83d\ude42\n\nArtikel aus 24 Heures vom 27. April unten zu entdecken!\t\t\t\t\t\t\t\t<\/div>\n\t\t\t\t<\/div>\n\t\t\t\t<div class=\"elementor-element elementor-element-efbff6d elementor-widget elementor-widget-image\" data-id=\"efbff6d\" data-element_type=\"widget\" data-e-type=\"widget\" data-widget_type=\"image.default\">\n\t\t\t\t<div class=\"elementor-widget-container\">\n\t\t\t\t\t\t\t\t\t\t\t\t\t\t\t\t<a href=\"https:\/\/www.24heures.ch\/vivre\/Faire-sa-poutze-tout-en-menageant-la-nature\/story\/13704295\" target=\"_blank\" rel=\"noopener\">\n\t\t\t\t\t\t\t<img decoding=\"async\" src=\"https:\/\/i0.wp.com\/www.lespaillettesvertes.ch\/wp-content\/uploads\/2023\/10\/Article24h20190427.webp?fit=678%2C964&#038;ssl=1\" title=\"Article24h20190427\" alt=\"Article 24h\" loading=\"lazy\" \/>\t\t\t\t\t\t\t\t<\/a>\n\t\t\t\t\t\t\t\t\t\t\t\t\t\t\t<\/div>\n\t\t\t\t<\/div>\n\t\t\t\t<div class=\"elementor-element elementor-element-9a9be1e elementor-align-center elementor-widget__width-auto elementor-widget elementor-widget-button\" data-id=\"9a9be1e\" data-element_type=\"widget\" data-e-type=\"widget\" data-widget_type=\"button.default\">\n\t\t\t\t<div class=\"elementor-widget-container\">\n\t\t\t\t\t\t\t\t\t<div class=\"elementor-button-wrapper\">\n\t\t\t\t\t<a class=\"elementor-button elementor-button-link elementor-size-lg\" href=\"https:\/\/www.24heures.ch\/vivre\/Faire-sa-poutze-tout-en-menageant-la-nature\/story\/13704295\" target=\"_blank\" rel=\"noopener\">\n\t\t\t\t\t\t<span class=\"elementor-button-content-wrapper\">\n\t\t\t\t\t\t\t\t\t<span class=\"elementor-button-text\">Lesen Sie den Artikel<\/span>\n\t\t\t\t\t<\/span>\n\t\t\t\t\t<\/a>\n\t\t\t\t<\/div>\n\t\t\t\t\t\t\t\t<\/div>\n\t\t\t\t<\/div>\n\t\t\t\t<\/div>\n\t\t\t\t\t<\/div>\n\t\t\t\t<\/div>\n\t\t\t\t\t<\/div>\n\t\t\t\t<\/div>\n\t\t\t\t<\/div>\n\t\t","protected":false},"excerpt":{"rendered":"<p>Sie sprechen \u00fcber uns&#8230; Vielen Dank an die 24 Heures vom 13. April 2024 f\u00fcr die Reportage w\u00e4hrend des Workshops Lactofermentation, der bei uns von Eveil-Nature durchgef\u00fchrt wurde. Lesen Sie den Artikel Und die Zeitschrift L&#8217;Illustr\u00e9 am 17. August 2022 im Rahmen eines gemeinsam organisierten Workshops! Lesen Sie den Artikel Le Matin Dimanche vom 22. [&hellip;]<\/p>\n","protected":false},"author":5206,"featured_media":0,"parent":0,"menu_order":18,"comment_status":"closed","ping_status":"closed","template":"","meta":{"_acf_changed":false,"footnotes":""},"class_list":["post-55793","page","type-page","status-publish","hentry","_wholesalex wsx-wholesalex-product"],"acf":[],"jetpack_sharing_enabled":true,"_links":{"self":[{"href":"https:\/\/www.lespaillettesvertes.ch\/de\/wp-json\/wp\/v2\/pages\/55793","targetHints":{"allow":["GET"]}}],"collection":[{"href":"https:\/\/www.lespaillettesvertes.ch\/de\/wp-json\/wp\/v2\/pages"}],"about":[{"href":"https:\/\/www.lespaillettesvertes.ch\/de\/wp-json\/wp\/v2\/types\/page"}],"author":[{"embeddable":true,"href":"https:\/\/www.lespaillettesvertes.ch\/de\/wp-json\/wp\/v2\/users\/5206"}],"replies":[{"embeddable":true,"href":"https:\/\/www.lespaillettesvertes.ch\/de\/wp-json\/wp\/v2\/comments?post=55793"}],"version-history":[{"count":1,"href":"https:\/\/www.lespaillettesvertes.ch\/de\/wp-json\/wp\/v2\/pages\/55793\/revisions"}],"predecessor-version":[{"id":55794,"href":"https:\/\/www.lespaillettesvertes.ch\/de\/wp-json\/wp\/v2\/pages\/55793\/revisions\/55794"}],"wp:attachment":[{"href":"https:\/\/www.lespaillettesvertes.ch\/de\/wp-json\/wp\/v2\/media?parent=55793"}],"curies":[{"name":"wp","href":"https:\/\/api.w.org\/{rel}","templated":true}]}}