{"id":55768,"date":"2024-10-23T11:16:20","date_gmt":"2024-10-23T09:16:20","guid":{"rendered":"https:\/\/www.lespaillettesvertes.ch\/eco-participation\/"},"modified":"2025-10-30T13:26:10","modified_gmt":"2025-10-30T12:26:10","slug":"eco-participation","status":"publish","type":"page","link":"https:\/\/www.lespaillettesvertes.ch\/de\/eco-participation\/","title":{"rendered":"Eco-participation"},"content":{"rendered":"\t\t<div data-elementor-type=\"wp-page\" data-elementor-id=\"55768\" class=\"elementor elementor-55768 elementor-51847\" data-elementor-post-type=\"page\">\n\t\t\t\t<div class=\"elementor-element elementor-element-3223864 e-con-full e-flex e-con e-parent\" data-id=\"3223864\" data-element_type=\"container\" data-e-type=\"container\">\n\t\t\t\t<div class=\"elementor-element elementor-element-160b94b elementor-widget elementor-widget-template\" data-id=\"160b94b\" data-element_type=\"widget\" data-e-type=\"widget\" data-widget_type=\"template.default\">\n\t\t\t\t<div class=\"elementor-widget-container\">\n\t\t\t\t\t\t\t<div class=\"elementor-template\">\n\t\t\t\t\t<div data-elementor-type=\"section\" data-elementor-id=\"56054\" class=\"elementor elementor-56054 elementor-50968 elementor-50968\" data-elementor-post-type=\"elementor_library\">\n\t\t\t<div class=\"elementor-element elementor-element-9028920 e-con-full e-flex e-con e-parent\" data-id=\"9028920\" data-element_type=\"container\" data-e-type=\"container\" data-settings=\"{&quot;background_background&quot;:&quot;classic&quot;}\">\n\t\t\t\t<div class=\"elementor-element elementor-element-846aab7 elementor-widget elementor-widget-heading\" data-id=\"846aab7\" data-element_type=\"widget\" data-e-type=\"widget\" data-widget_type=\"heading.default\">\n\t\t\t\t<div class=\"elementor-widget-container\">\n\t\t\t\t\t<h1 class=\"elementor-heading-title elementor-size-default\">Eco-participation<\/h1>\t\t\t\t<\/div>\n\t\t\t\t<\/div>\n\t\t\t\t<\/div>\n\t\t\t\t<\/div>\n\t\t\t\t<\/div>\n\t\t\t\t\t\t<\/div>\n\t\t\t\t<\/div>\n\t\t\t\t<\/div>\n\t\t<div class=\"elementor-element elementor-element-3e051b2 e-flex e-con-boxed e-con e-parent\" data-id=\"3e051b2\" data-element_type=\"container\" data-e-type=\"container\">\n\t\t\t\t\t<div class=\"e-con-inner\">\n\t\t\t\t<div class=\"elementor-element elementor-element-9633bbd elementor-widget elementor-widget-text-editor\" data-id=\"9633bbd\" data-element_type=\"widget\" data-e-type=\"widget\" data-widget_type=\"text-editor.default\">\n\t\t\t\t<div class=\"elementor-widget-container\">\n\t\t\t\t\t\t\t\t\t<p><strong>Les Paillettes Vertes<\/strong> ist nicht nur eine Website, es ist vor allem eine <strong>Geisteshaltung<\/strong> und eine Gemeinschaft&#8230;<br>Wir m\u00f6chten mit Ihnen zusammenarbeiten, <a href=\"https:\/\/www.lespaillettesvertes.ch\/a-propos\/#notre-mission\">um<\/a> eine umweltfreundlichere Gesellschaft zu schaffen.  <\/p><p>Wir haben \u00fcber verschiedene Aktionen nachgedacht, die Sie zur <strong>Teilnahme<\/strong> bewegen k\u00f6nnten, und wir haben verschiedene M\u00f6glichkeiten entdeckt, wie Sie als Gemeinschaft<strong>zusammenarbeiten<\/strong> k\u00f6nnen. Wir haben beschlossen, sie alle schrittweise zu integrieren. <\/p>\t\t\t\t\t\t\t\t<\/div>\n\t\t\t\t<\/div>\n\t\t\t\t\t<\/div>\n\t\t\t\t<\/div>\n\t\t<div class=\"elementor-element elementor-element-08c4039 e-flex e-con-boxed e-con e-parent\" data-id=\"08c4039\" data-element_type=\"container\" data-e-type=\"container\">\n\t\t\t\t\t<div class=\"e-con-inner\">\n\t\t<div class=\"elementor-element elementor-element-b234c70 e-con-full e-flex e-con e-child\" data-id=\"b234c70\" data-element_type=\"container\" data-e-type=\"container\">\n\t\t\t\t<div class=\"elementor-element elementor-element-7a1a33a elementor-widget-divider--view-line_icon elementor-view-default elementor-widget-divider--element-align-center elementor-widget elementor-widget-divider\" data-id=\"7a1a33a\" data-element_type=\"widget\" data-e-type=\"widget\" data-widget_type=\"divider.default\">\n\t\t\t\t<div class=\"elementor-widget-container\">\n\t\t\t\t\t\t\t<div class=\"elementor-divider\">\n\t\t\t<span class=\"elementor-divider-separator\">\n\t\t\t\t\t\t\t<div class=\"elementor-icon elementor-divider__element\">\n\t\t\t\t\t<i aria-hidden=\"true\" class=\"fas fa-square-full\"><\/i><\/div>\n\t\t\t\t\t\t<\/span>\n\t\t<\/div>\n\t\t\t\t\t\t<\/div>\n\t\t\t\t<\/div>\n\t\t\t\t<div class=\"elementor-element elementor-element-3df275e title-block-1 elementor-widget elementor-widget-heading\" data-id=\"3df275e\" data-element_type=\"widget\" data-e-type=\"widget\" data-widget_type=\"heading.default\">\n\t\t\t\t<div class=\"elementor-widget-container\">\n\t\t\t\t\t<h2 class=\"elementor-heading-title elementor-size-default\">Eco-participatory points<\/h2>\t\t\t\t<\/div>\n\t\t\t\t<\/div>\n\t\t\t\t<\/div>\n\t\t<div class=\"elementor-element elementor-element-0129c3a e-con-full e-flex e-con e-child\" data-id=\"0129c3a\" data-element_type=\"container\" data-e-type=\"container\">\n\t\t<div class=\"elementor-element elementor-element-c25dd9f e-con-full e-flex e-con e-child\" data-id=\"c25dd9f\" data-element_type=\"container\" data-e-type=\"container\" data-settings=\"{&quot;background_background&quot;:&quot;classic&quot;}\">\n\t\t<div class=\"elementor-element elementor-element-c1ec12f e-con-full e-flex e-con e-child\" data-id=\"c1ec12f\" data-element_type=\"container\" data-e-type=\"container\" data-settings=\"{&quot;background_background&quot;:&quot;classic&quot;}\">\n\t\t\t\t<div class=\"elementor-element elementor-element-4b80af5 elementor-widget elementor-widget-heading\" data-id=\"4b80af5\" data-element_type=\"widget\" data-e-type=\"widget\" data-widget_type=\"heading.default\">\n\t\t\t\t<div class=\"elementor-widget-container\">\n\t\t\t\t\t<p class=\"elementor-heading-title elementor-size-default\">CHF 1.00 Kauf = 1 Punkt  <\/p>\t\t\t\t<\/div>\n\t\t\t\t<\/div>\n\t\t\t\t<div class=\"elementor-element elementor-element-088335d elementor-absolute elementor-view-default elementor-widget elementor-widget-icon\" data-id=\"088335d\" data-element_type=\"widget\" data-e-type=\"widget\" data-settings=\"{&quot;_position&quot;:&quot;absolute&quot;}\" data-widget_type=\"icon.default\">\n\t\t\t\t<div class=\"elementor-widget-container\">\n\t\t\t\t\t\t\t<div class=\"elementor-icon-wrapper\">\n\t\t\t<div class=\"elementor-icon\">\n\t\t\t<svg xmlns=\"http:\/\/www.w3.org\/2000\/svg\" id=\"a\" viewBox=\"0 0 500 500\"><path d=\"M202.46,480.52l-3.14-7.89c5.88-2.34,11.76-4.99,17.48-7.87l3.82,7.59c-5.94,2.99-12.04,5.73-18.15,8.16ZM237.98,462.65l-4.46-7.23c5.41-3.33,10.76-6.94,15.91-10.73l5.03,6.84c-5.33,3.92-10.88,7.66-16.49,11.12ZM269.97,439.12l-5.57-6.41c4.79-4.16,9.49-8.59,13.97-13.16l6.06,5.95c-4.64,4.73-9.5,9.32-14.46,13.63ZM297.76,410.75l-6.52-5.44c4.09-4.9,8.03-10.02,11.7-15.22l6.94,4.91c-3.81,5.38-7.89,10.68-12.12,15.75ZM320.71,378.33l-7.3-4.34c3.26-5.48,6.33-11.16,9.12-16.88l7.63,3.73c-2.9,5.92-6.08,11.81-9.45,17.49ZM338.14,342.64l-7.91-3.09c2.32-5.95,4.4-12.05,6.19-18.14l8.15,2.4c-1.86,6.32-4.02,12.65-6.43,18.83ZM349.35,304.49l-8.33-1.68c.45-2.23.86-4.46,1.23-6.7.68-4.06,1.24-8.14,1.69-12.22l8.44.92c-.46,4.25-1.05,8.49-1.75,12.7-.39,2.33-.82,4.65-1.28,6.97ZM353.67,264.94l-8.5-.17c.03-1.59.05-3.19.05-4.78,0-4.8-.15-9.6-.46-14.4l8.48-.53c.31,4.97.47,9.95.47,14.93,0,1.65-.02,3.3-.05,4.95ZM342.76,226.52c-.92-6.27-2.12-12.61-3.56-18.86l8.28-1.91c1.49,6.46,2.73,13.04,3.68,19.53l-8.4,1.24ZM334.14,189.15c-1.92-6.07-4.12-12.14-6.52-18.05l7.86-3.2c2.49,6.11,4.76,12.4,6.75,18.69l-8.1,2.56ZM319.68,153.62c-2.87-5.72-6.01-11.37-9.3-16.79l7.26-4.41c3.41,5.61,6.65,11.46,9.63,17.38l-7.59,3.82ZM299.76,120.85c-3.75-5.17-7.76-10.23-11.9-15.04l6.44-5.55c4.3,4.99,8.45,10.23,12.34,15.6l-6.88,4.99ZM274.74,91.85c-4.57-4.47-9.37-8.76-14.28-12.77l5.38-6.58c5.09,4.16,10.09,8.62,14.84,13.26l-5.94,6.08ZM245.11,67.56c-5.14-3.55-10.59-7.02-16.21-10.33l4.31-7.33c5.8,3.41,11.43,7,16.74,10.66l-4.83,6.99ZM211.99,47.99c-5.73-2.91-11.55-5.66-17.45-8.27l3.44-7.77c6.03,2.67,11.99,5.49,17.85,8.47l-3.85,7.57ZM176.68,32.27c-6.01-2.36-12.07-4.61-18.18-6.78l2.85-8.01c6.19,2.2,12.34,4.48,18.44,6.88l-3.1,7.91ZM140.11,19.24c-6.17-2.02-12.36-3.97-18.56-5.89l2.51-8.11c6.24,1.93,12.47,3.9,18.69,5.93l-2.64,8.07Z\" fill=\"#252525\"><\/path><polygon points=\"240.31 496.9 243.17 488.89 203.7 474.87 220.57 436.53 212.79 433.11 192.25 479.81 240.31 496.9\" fill=\"#252525\"><\/polygon><\/svg>\t\t\t<\/div>\n\t\t<\/div>\n\t\t\t\t\t\t<\/div>\n\t\t\t\t<\/div>\n\t\t\t\t<div class=\"elementor-element elementor-element-0c234f4 elementor-widget elementor-widget-heading\" data-id=\"0c234f4\" data-element_type=\"widget\" data-e-type=\"widget\" data-widget_type=\"heading.default\">\n\t\t\t\t<div class=\"elementor-widget-container\">\n\t\t\t\t\t<p class=\"elementor-heading-title elementor-size-default\">50 Punkte = CHF 1.00<\/p>\t\t\t\t<\/div>\n\t\t\t\t<\/div>\n\t\t\t\t<\/div>\n\t\t\t\t<\/div>\n\t\t<div class=\"elementor-element elementor-element-98a9d11 e-con-full e-flex e-con e-child\" data-id=\"98a9d11\" data-element_type=\"container\" data-e-type=\"container\">\n\t\t\t\t<div class=\"elementor-element elementor-element-f5ae814 elementor-widget__width-inherit elementor-widget-mobile__width-inherit elementor-widget elementor-widget-text-editor\" data-id=\"f5ae814\" data-element_type=\"widget\" data-e-type=\"widget\" data-widget_type=\"text-editor.default\">\n\t\t\t\t<div class=\"elementor-widget-container\">\n\t\t\t\t\t\t\t\t\t<p>Unsere erste Ma\u00dfnahme ist das Programm der <strong>\u00d6ko-Beteiligungspunkte<\/strong>, mit denen Sie dazu beitragen k\u00f6nnen, das <strong>Umweltbewusstsein zu wecken<\/strong> und Ihnen f\u00fcr Ihren <strong>umweltbewussten<\/strong> <strong>Konsum<\/strong> zu <strong>danken<\/strong>. Ihre eco-participation points k\u00f6nnen Sie dann bei Ihren n\u00e4chsten Eink\u00e4ufen oder bei anderen Gelegenheiten, die Sie in K\u00fcrze entdecken werden, einl\u00f6sen. <\/p>\n<p><strong>Beispiele :  <\/strong><\/p>\n<ul>\n<li>Ihr umweltbewusster Konsum wird belohnt, denn f\u00fcr 100 Franken Einkauf erhalten Sie 100 Punkte im Wert von 2 CHF!<br><br><\/li>\n<li>Sie erhalten 25 eco-participation points f\u00fcr einen Kommentar zu einem gekauften Produkt!<\/li>\n<\/ul>\t\t\t\t\t\t\t\t<\/div>\n\t\t\t\t<\/div>\n\t\t<div class=\"elementor-element elementor-element-a462bad e-con-full e-flex e-con e-child\" data-id=\"a462bad\" data-element_type=\"container\" data-e-type=\"container\">\n\t\t\t\t<div class=\"elementor-element elementor-element-b41d81b elementor-widget__width-inherit elementor-widget elementor-widget-heading\" data-id=\"b41d81b\" data-element_type=\"widget\" data-e-type=\"widget\" data-widget_type=\"heading.default\">\n\t\t\t\t<div class=\"elementor-widget-container\">\n\t\t\t\t\t<p class=\"elementor-heading-title elementor-size-default\">Die Gr\u00fcnen Pailletten lassen auch manchmal die Glocken Ihres Teilnahmepunktekontos bei \u00fcberraschenden Anl\u00e4ssen l\u00e4uten.<\/p>\t\t\t\t<\/div>\n\t\t\t\t<\/div>\n\t\t\t\t<div class=\"elementor-element elementor-element-cc8f3fb elementor-view-default elementor-widget elementor-widget-icon\" data-id=\"cc8f3fb\" data-element_type=\"widget\" data-e-type=\"widget\" data-settings=\"{&quot;motion_fx_motion_fx_scrolling&quot;:&quot;yes&quot;,&quot;motion_fx_rotateZ_effect&quot;:&quot;yes&quot;,&quot;motion_fx_rotateZ_speed&quot;:{&quot;unit&quot;:&quot;px&quot;,&quot;size&quot;:2,&quot;sizes&quot;:[]},&quot;motion_fx_rotateZ_affectedRange&quot;:{&quot;unit&quot;:&quot;%&quot;,&quot;size&quot;:&quot;&quot;,&quot;sizes&quot;:{&quot;start&quot;:0,&quot;end&quot;:100}},&quot;motion_fx_devices&quot;:[&quot;desktop&quot;,&quot;tablet&quot;,&quot;mobile&quot;]}\" data-widget_type=\"icon.default\">\n\t\t\t\t<div class=\"elementor-widget-container\">\n\t\t\t\t\t\t\t<div class=\"elementor-icon-wrapper\">\n\t\t\t<div class=\"elementor-icon\">\n\t\t\t<svg xmlns=\"http:\/\/www.w3.org\/2000\/svg\" clip-rule=\"evenodd\" fill-rule=\"evenodd\" height=\"512\" viewBox=\"0 0 43.3492 43.3492\" width=\"512\"><g id=\"Layer_x0020_1\"><g id=\"_234869344\"><path id=\"_234870400\" d=\"m35.1512 34.3587c-.13 0-.2534-.0764-.3073-.2036-1.2423-2.9363-1.3181-8.0674-1.293-10.1372.0789-6.5343-2.3153-11.7033-6.5686-14.1817-3.3237-1.9369-7.292-1.9368-10.6155 0-4.2533 2.4784-6.6474 7.6474-6.5686 14.1817.0251 2.0697-.0507 7.2009-1.293 10.1372-.0717.1696-.2675.2488-.437.1772-.1696-.0719-.2489-.2674-.1772-.437 1.1933-2.8204 1.265-7.8415 1.2404-9.8693-.0818-6.7812 2.433-12.1632 6.8997-14.766 3.5338-2.0592 7.7532-2.0592 11.2869 0 4.4667 2.6027 6.9815 7.9848 6.8997 14.766-.0246 2.0279.0471 7.049 1.2404 9.8693.0717.1695-.0076.3652-.1772.437-.0424.0179-.0864.0264-.1297.0264z\"><\/path><path id=\"_234869824\" d=\"m8.3749 34.3586c-1.0117 0-1.8347.8232-1.8347 1.8348s.823 1.8348 1.8346 1.8348l26.5995-.0001c1.0117 0 1.8347-.8231 1.8347-1.8347s-.823-1.8348-1.8347-1.8348zm26.5994 4.3364h-26.5994c-1.3794 0-2.5016-1.1227-2.5016-2.5016 0-1.3798 1.1222-2.5017 2.5015-2.5017h26.5995c1.3793 0 2.5015 1.1219 2.5015 2.5017 0 1.3789-1.1222 2.5017-2.5015 2.5016z\"><\/path><path id=\"_234869680\" d=\"m23.6892 8.5855c-.1842 0-.3335-.1493-.3335-.3334v-2.6461c0-.927-.7541-1.6812-1.6811-1.6812s-1.6812.7543-1.6812 1.6812v2.6461c0 .1841-.1493.3334-.3334.3334s-.3335-.1493-.3335-.3334v-2.6461c0-1.2947 1.0534-2.3479 2.3481-2.3479 1.2947-.0001 2.348 1.0532 2.348 2.3479v2.6461c0 .1841-.1492.3334-.3334.3334z\"><\/path><path id=\"_234869464\" d=\"m21.6746 43.3492c-2.7503 0-4.9877-2.2376-4.9877-4.9876 0-.1841.1492-.3334.3334-.3334.1841-.0001.3334.1493.3334.3334.0001 2.3827 1.9383 4.3208 4.3209 4.3208 2.3825 0 4.3209-1.9381 4.3209-4.3208 0-.1841.1492-.3334.3333-.3334.1842-.0001.3335.1493.3335.3334 0 2.75-2.2375 4.9877-4.9877 4.9876z\"><\/path><path id=\"_234869752\" d=\"m42.8379 12.274c-.1842 0-.3335-.1492-.3335-.3333.0001-6.2165-5.0574-11.2738-11.2738-11.2738-.1841 0-.3334-.1493-.3334-.3335s.1493-.3334.3334-.3334c3.1724-.0001 6.1662 1.2467 8.43 3.5106 2.264 2.2638 3.5107 5.2577 3.5107 8.4301 0 .1841-.1493.3334-.3334.3333z\"><\/path><path id=\"_234869392\" d=\"m37.6482 13.6296c-.1841 0-.3334-.1493-.3334-.3334 0-1.9759-.777-3.8409-2.188-5.2518-1.4108-1.4109-3.276-2.1879-5.2517-2.1879-.1842 0-.3335-.1492-.3335-.3334.0001-.1842.1493-.3335.3335-.3335 2.1538 0 4.1865.8464 5.7233 2.3833 1.5369 1.5368 2.3832 3.5694 2.3832 5.7233.0001.1841-.1492.3334-.3334.3334z\"><\/path><path id=\"_234869224\" d=\"m.5113 12.274c-.1842 0-.3335-.1492-.3335-.3333 0-3.1725 1.2468-6.1662 3.5107-8.4301 2.2638-2.2639 5.2576-3.5106 8.43-3.5106.1842-.0001.3334.1492.3334.3334s-.1492.3335-.3334.3335c-6.2164 0-11.2738 5.0574-11.2738 11.2738 0 .1841-.1493.3334-.3334.3333z\"><\/path><path id=\"_234869176\" d=\"m5.7009 13.6296c-.1841 0-.3334-.1493-.3334-.3334 0-2.154.8463-4.1865 2.3832-5.7233 1.5368-1.5369 3.5695-2.3833 5.7232-2.3833h.0001c.1841 0 .3335.1494.3335.3335s-.1494.3334-.3335.3334h.0001c-1.9759 0-3.8409.777-5.2519 2.1879-1.4108 1.4109-2.1879 3.276-2.1879 5.2518 0 .1841-.1493.3334-.3334.3334z\"><\/path><\/g><\/g><\/svg>\t\t\t<\/div>\n\t\t<\/div>\n\t\t\t\t\t\t<\/div>\n\t\t\t\t<\/div>\n\t\t\t\t<\/div>\n\t\t\t\t<\/div>\n\t\t\t\t<\/div>\n\t\t<div class=\"elementor-element elementor-element-c610dfd e-con-full e-flex e-con e-child\" data-id=\"c610dfd\" data-element_type=\"container\" data-e-type=\"container\">\n\t\t<div class=\"elementor-element elementor-element-b115e9e e-con-full e-flex e-con e-child\" data-id=\"b115e9e\" data-element_type=\"container\" data-e-type=\"container\">\n\t\t\t\t<div class=\"elementor-element elementor-element-e9c91f2 elementor-widget elementor-widget-heading\" data-id=\"e9c91f2\" data-element_type=\"widget\" data-e-type=\"widget\" data-widget_type=\"heading.default\">\n\t\t\t\t<div class=\"elementor-widget-container\">\n\t\t\t\t\t<h3 class=\"elementor-heading-title elementor-size-default\">F\u00fcr einen umweltbewussten Verbrauch<\/h3>\t\t\t\t<\/div>\n\t\t\t\t<\/div>\n\t\t\t\t<div class=\"elementor-element elementor-element-fe49d8d elementor-widget elementor-widget-text-editor\" data-id=\"fe49d8d\" data-element_type=\"widget\" data-e-type=\"widget\" data-widget_type=\"text-editor.default\">\n\t\t\t\t<div class=\"elementor-widget-container\">\n\t\t\t\t\t\t\t\t\t<p>F\u00fcr Ihren umweltbewussten Einkauf erhalten Sie 1 eco-participatory point pro ausgegebenem Franken (ohne Sonderangebote).<\/p><p>Bonus von 100 eco-participatory points ab 500 gesammelten Punkten<\/p><p>Bonus von 25 eco-participatory points f\u00fcr jede 5.<\/p>\t\t\t\t\t\t\t\t<\/div>\n\t\t\t\t<\/div>\n\t\t\t\t<\/div>\n\t\t<div class=\"elementor-element elementor-element-afacbd7 e-con-full e-flex e-con e-child\" data-id=\"afacbd7\" data-element_type=\"container\" data-e-type=\"container\">\n\t\t\t\t<div class=\"elementor-element elementor-element-5ecfb0f elementor-widget elementor-widget-heading\" data-id=\"5ecfb0f\" data-element_type=\"widget\" data-e-type=\"widget\" data-widget_type=\"heading.default\">\n\t\t\t\t<div class=\"elementor-widget-container\">\n\t\t\t\t\t<h3 class=\"elementor-heading-title elementor-size-default\">Um das Umweltbewusstsein zu wecken<\/h3>\t\t\t\t<\/div>\n\t\t\t\t<\/div>\n\t\t\t\t<div class=\"elementor-element elementor-element-f46cbba elementor-widget elementor-widget-text-editor\" data-id=\"f46cbba\" data-element_type=\"widget\" data-e-type=\"widget\" data-widget_type=\"text-editor.default\">\n\t\t\t\t<div class=\"elementor-widget-container\">\n\t\t\t\t\t\t\t\t\t<ul><li>25 eco-participatory points f\u00fcr Ihre Registrierung auf unserer Website und Ihre Anmeldung f\u00fcr unseren Newsletter;<br><br><\/li><li>25 eco-participatory Punkte f\u00fcr jede Bewertung eines gekauften Produkts (maximal 3 pro Kalenderjahr f\u00fcr das gleiche Produkt).<br><br><\/li><li>50 eco-participatory points f\u00fcr jede dritte Person, die ein Produkt kauft, indem Sie es \u00fcber soziale Netzwerke von unserer Website aus teilen.<br><br><\/li><li>250 eco-participatory points f\u00fcr die Empfehlung und den Kauf neuer Mitglieder unserer Gemeinschaft<\/li><\/ul>\t\t\t\t\t\t\t\t<\/div>\n\t\t\t\t<\/div>\n\t\t\t\t<\/div>\n\t\t\t\t<\/div>\n\t\t<div class=\"elementor-element elementor-element-f3847dc e-con-full e-flex e-con e-child\" data-id=\"f3847dc\" data-element_type=\"container\" data-e-type=\"container\" data-settings=\"{&quot;background_background&quot;:&quot;classic&quot;}\">\n\t\t\t\t<div class=\"elementor-element elementor-element-47aebbe title-block-1 elementor-widget elementor-widget-heading\" data-id=\"47aebbe\" data-element_type=\"widget\" data-e-type=\"widget\" data-widget_type=\"heading.default\">\n\t\t\t\t<div class=\"elementor-widget-container\">\n\t\t\t\t\t<h3 class=\"elementor-heading-title elementor-size-default\">Sie m\u00f6chten unserer Gemeinschaft beitreten und Punkte sammeln.<\/h3>\t\t\t\t<\/div>\n\t\t\t\t<\/div>\n\t\t\t\t<div class=\"elementor-element elementor-element-8e51ac8 elementor-widget elementor-widget-text-editor\" data-id=\"8e51ac8\" data-element_type=\"widget\" data-e-type=\"widget\" data-widget_type=\"text-editor.default\">\n\t\t\t\t<div class=\"elementor-widget-container\">\n\t\t\t\t\t\t\t\t\t<p>Besuchen Sie unseren Online-Shop, um sich zu registrieren und unsere umweltfreundlichen Alternativen zu entdecken.<\/p>\t\t\t\t\t\t\t\t<\/div>\n\t\t\t\t<\/div>\n\t\t\t\t<div class=\"elementor-element elementor-element-3ad7233 elementor-align-center elementor-widget__width-auto elementor-widget elementor-widget-button\" data-id=\"3ad7233\" data-element_type=\"widget\" data-e-type=\"widget\" data-widget_type=\"button.default\">\n\t\t\t\t<div class=\"elementor-widget-container\">\n\t\t\t\t\t\t\t\t\t<div class=\"elementor-button-wrapper\">\n\t\t\t\t\t<a class=\"elementor-button elementor-button-link elementor-size-lg\" href=\"https:\/\/www.lespaillettesvertes.ch\/de\/shop\/\">\n\t\t\t\t\t\t<span class=\"elementor-button-content-wrapper\">\n\t\t\t\t\t\t\t\t\t<span class=\"elementor-button-text\">Siehe unseren Shop<\/span>\n\t\t\t\t\t<\/span>\n\t\t\t\t\t<\/a>\n\t\t\t\t<\/div>\n\t\t\t\t\t\t\t\t<\/div>\n\t\t\t\t<\/div>\n\t\t\t\t<\/div>\n\t\t\t\t\t<\/div>\n\t\t\t\t<\/div>\n\t\t\t\t<\/div>\n\t\t","protected":false},"excerpt":{"rendered":"<p>Les Paillettes Vertes ist nicht nur eine Website, es ist vor allem eine Geisteshaltung und eine Gemeinschaft&#8230;Wir m\u00f6chten mit Ihnen zusammenarbeiten, um eine umweltfreundlichere Gesellschaft zu schaffen. Wir haben \u00fcber verschiedene Aktionen nachgedacht, die Sie zur Teilnahme bewegen k\u00f6nnten, und wir haben verschiedene M\u00f6glichkeiten entdeckt, wie Sie als Gemeinschaftzusammenarbeiten k\u00f6nnen. Wir haben beschlossen, sie alle [&hellip;]<\/p>\n","protected":false},"author":5206,"featured_media":0,"parent":0,"menu_order":0,"comment_status":"closed","ping_status":"closed","template":"","meta":{"_acf_changed":false,"footnotes":""},"class_list":["post-55768","page","type-page","status-publish","hentry","_wholesalex wsx-wholesalex-product"],"acf":[],"jetpack_sharing_enabled":true,"_links":{"self":[{"href":"https:\/\/www.lespaillettesvertes.ch\/de\/wp-json\/wp\/v2\/pages\/55768","targetHints":{"allow":["GET"]}}],"collection":[{"href":"https:\/\/www.lespaillettesvertes.ch\/de\/wp-json\/wp\/v2\/pages"}],"about":[{"href":"https:\/\/www.lespaillettesvertes.ch\/de\/wp-json\/wp\/v2\/types\/page"}],"author":[{"embeddable":true,"href":"https:\/\/www.lespaillettesvertes.ch\/de\/wp-json\/wp\/v2\/users\/5206"}],"replies":[{"embeddable":true,"href":"https:\/\/www.lespaillettesvertes.ch\/de\/wp-json\/wp\/v2\/comments?post=55768"}],"version-history":[{"count":1,"href":"https:\/\/www.lespaillettesvertes.ch\/de\/wp-json\/wp\/v2\/pages\/55768\/revisions"}],"predecessor-version":[{"id":55772,"href":"https:\/\/www.lespaillettesvertes.ch\/de\/wp-json\/wp\/v2\/pages\/55768\/revisions\/55772"}],"wp:attachment":[{"href":"https:\/\/www.lespaillettesvertes.ch\/de\/wp-json\/wp\/v2\/media?parent=55768"}],"curies":[{"name":"wp","href":"https:\/\/api.w.org\/{rel}","templated":true}]}}