{"id":55753,"date":"2024-10-23T14:41:13","date_gmt":"2024-10-23T12:41:13","guid":{"rendered":"https:\/\/www.lespaillettesvertes.ch\/rueckruf-von-produkten\/"},"modified":"2025-10-30T13:25:37","modified_gmt":"2025-10-30T12:25:37","slug":"rueckruf-von-produkten","status":"publish","type":"page","link":"https:\/\/www.lespaillettesvertes.ch\/de\/rueckruf-von-produkten\/","title":{"rendered":"R\u00fcckruf von Produkten"},"content":{"rendered":"\t\t<div data-elementor-type=\"wp-page\" data-elementor-id=\"55753\" class=\"elementor elementor-55753 elementor-51994\" data-elementor-post-type=\"page\">\n\t\t\t\t<div class=\"elementor-element elementor-element-3ee8006 e-con-full e-flex e-con e-parent\" data-id=\"3ee8006\" data-element_type=\"container\" data-e-type=\"container\">\n\t\t\t\t<div class=\"elementor-element elementor-element-732a094 elementor-widget elementor-widget-template\" data-id=\"732a094\" data-element_type=\"widget\" data-e-type=\"widget\" data-widget_type=\"template.default\">\n\t\t\t\t<div class=\"elementor-widget-container\">\n\t\t\t\t\t\t\t<div class=\"elementor-template\">\n\t\t\t\t\t<div data-elementor-type=\"section\" data-elementor-id=\"56054\" class=\"elementor elementor-56054 elementor-50968 elementor-50968\" data-elementor-post-type=\"elementor_library\">\n\t\t\t<div class=\"elementor-element elementor-element-9028920 e-con-full e-flex e-con e-parent\" data-id=\"9028920\" data-element_type=\"container\" data-e-type=\"container\" data-settings=\"{&quot;background_background&quot;:&quot;classic&quot;}\">\n\t\t\t\t<div class=\"elementor-element elementor-element-846aab7 elementor-widget elementor-widget-heading\" data-id=\"846aab7\" data-element_type=\"widget\" data-e-type=\"widget\" data-widget_type=\"heading.default\">\n\t\t\t\t<div class=\"elementor-widget-container\">\n\t\t\t\t\t<h1 class=\"elementor-heading-title elementor-size-default\">R\u00fcckruf von Produkten<\/h1>\t\t\t\t<\/div>\n\t\t\t\t<\/div>\n\t\t\t\t<\/div>\n\t\t\t\t<\/div>\n\t\t\t\t<\/div>\n\t\t\t\t\t\t<\/div>\n\t\t\t\t<\/div>\n\t\t\t\t<\/div>\n\t\t<div class=\"elementor-element elementor-element-675454c e-flex e-con-boxed e-con e-parent\" data-id=\"675454c\" data-element_type=\"container\" data-e-type=\"container\">\n\t\t\t\t\t<div class=\"e-con-inner\">\n\t\t\t\t<div class=\"elementor-element elementor-element-04443b3 elementor-widget elementor-widget-text-editor\" data-id=\"04443b3\" data-element_type=\"widget\" data-e-type=\"widget\" data-widget_type=\"text-editor.default\">\n\t\t\t\t<div class=\"elementor-widget-container\">\n\t\t\t\t\t\t\t\t\t<p>Die Produkte auf unserer Website wurden alle sorgf\u00e4ltig nach ihrer Qualit\u00e4t ausgew\u00e4hlt. Dennoch kann es in Einzelf\u00e4llen zu M\u00e4ngeln kommen. <\/p><p> <\/p><p>Im Falle von Problemen verfolgt Les Paillettes Vertes S\u00e0rl eine transparente und offene Informationspolitik &#8211; zur Sicherheit ihrer Kundinnen und Kunden. Hier finden Sie alle Produktr\u00fcckrufe von Les Paillettes Vertes S\u00e0rl. <\/p><p> <\/p><p>PRODUKTR\u00dcCKRUFE: <strong>Keine Produktr\u00fcckrufe seit unserer Gr\u00fcndung.<\/strong><\/p><p> <\/p><p>Bei Fragen zu dieser Nachricht k\u00f6nnen Sie sich \u00fcber unser <a href=\"https:\/\/www.lespaillettesvertes.ch\/de\/kontakt\/\">Kontaktformular<\/a> an den Kundenservice wenden.<\/p>\t\t\t\t\t\t\t\t<\/div>\n\t\t\t\t<\/div>\n\t\t\t\t\t<\/div>\n\t\t\t\t<\/div>\n\t\t\t\t<\/div>\n\t\t","protected":false},"excerpt":{"rendered":"<p>Die Produkte auf unserer Website wurden alle sorgf\u00e4ltig nach ihrer Qualit\u00e4t ausgew\u00e4hlt. Dennoch kann es in Einzelf\u00e4llen zu M\u00e4ngeln kommen. Im Falle von Problemen verfolgt Les Paillettes Vertes S\u00e0rl eine transparente und offene Informationspolitik &#8211; zur Sicherheit ihrer Kundinnen und Kunden. Hier finden Sie alle Produktr\u00fcckrufe von Les Paillettes Vertes S\u00e0rl. PRODUKTR\u00dcCKRUFE: Keine Produktr\u00fcckrufe seit [&hellip;]<\/p>\n","protected":false},"author":5206,"featured_media":0,"parent":0,"menu_order":13,"comment_status":"closed","ping_status":"closed","template":"","meta":{"_acf_changed":false,"footnotes":""},"class_list":["post-55753","page","type-page","status-publish","hentry","_wholesalex wsx-wholesalex-product"],"acf":[],"jetpack_sharing_enabled":true,"_links":{"self":[{"href":"https:\/\/www.lespaillettesvertes.ch\/de\/wp-json\/wp\/v2\/pages\/55753","targetHints":{"allow":["GET"]}}],"collection":[{"href":"https:\/\/www.lespaillettesvertes.ch\/de\/wp-json\/wp\/v2\/pages"}],"about":[{"href":"https:\/\/www.lespaillettesvertes.ch\/de\/wp-json\/wp\/v2\/types\/page"}],"author":[{"embeddable":true,"href":"https:\/\/www.lespaillettesvertes.ch\/de\/wp-json\/wp\/v2\/users\/5206"}],"replies":[{"embeddable":true,"href":"https:\/\/www.lespaillettesvertes.ch\/de\/wp-json\/wp\/v2\/comments?post=55753"}],"version-history":[{"count":1,"href":"https:\/\/www.lespaillettesvertes.ch\/de\/wp-json\/wp\/v2\/pages\/55753\/revisions"}],"predecessor-version":[{"id":55754,"href":"https:\/\/www.lespaillettesvertes.ch\/de\/wp-json\/wp\/v2\/pages\/55753\/revisions\/55754"}],"wp:attachment":[{"href":"https:\/\/www.lespaillettesvertes.ch\/de\/wp-json\/wp\/v2\/media?parent=55753"}],"curies":[{"name":"wp","href":"https:\/\/api.w.org\/{rel}","templated":true}]}}