{"id":55749,"date":"2025-03-06T10:25:30","date_gmt":"2025-03-06T09:25:30","guid":{"rendered":"https:\/\/www.lespaillettesvertes.ch\/katalog-haendler\/"},"modified":"2026-02-20T15:07:21","modified_gmt":"2026-02-20T14:07:21","slug":"katalog-haendler","status":"publish","type":"page","link":"https:\/\/www.lespaillettesvertes.ch\/de\/katalog-haendler\/","title":{"rendered":"Katalog-H\u00e4ndler"},"content":{"rendered":"\t\t<div data-elementor-type=\"wp-page\" data-elementor-id=\"55749\" class=\"elementor elementor-55749 elementor-53810\" data-elementor-post-type=\"page\">\n\t\t\t\t\t\t<section class=\"elementor-section elementor-top-section elementor-element elementor-element-af521cc elementor-section-boxed elementor-section-height-default elementor-section-height-default\" data-id=\"af521cc\" data-element_type=\"section\" data-e-type=\"section\" data-settings=\"{&quot;background_background&quot;:&quot;classic&quot;}\">\n\t\t\t\t\t\t<div class=\"elementor-container elementor-column-gap-default\">\n\t\t\t\t\t<div class=\"elementor-column elementor-col-100 elementor-top-column elementor-element elementor-element-8939d7e\" data-id=\"8939d7e\" data-element_type=\"column\" data-e-type=\"column\">\n\t\t\t<div class=\"elementor-widget-wrap elementor-element-populated\">\n\t\t\t\t\t\t<div class=\"elementor-element elementor-element-c5df6b2 elementor-widget elementor-widget-spacer\" data-id=\"c5df6b2\" data-element_type=\"widget\" data-e-type=\"widget\" data-widget_type=\"spacer.default\">\n\t\t\t\t<div class=\"elementor-widget-container\">\n\t\t\t\t\t\t\t<div class=\"elementor-spacer\">\n\t\t\t<div class=\"elementor-spacer-inner\"><\/div>\n\t\t<\/div>\n\t\t\t\t\t\t<\/div>\n\t\t\t\t<\/div>\n\t\t\t\t<div class=\"elementor-element elementor-element-a898451 title-block-1 elementor-widget elementor-widget-heading\" data-id=\"a898451\" data-element_type=\"widget\" data-e-type=\"widget\" data-widget_type=\"heading.default\">\n\t\t\t\t<div class=\"elementor-widget-container\">\n\t\t\t\t\t<h1 class=\"elementor-heading-title elementor-size-default\">H\u00e4ndler-Katalog<\/h1>\t\t\t\t<\/div>\n\t\t\t\t<\/div>\n\t\t\t\t<div class=\"elementor-element elementor-element-2439960 elementor-widget-divider--view-line_icon elementor-view-default elementor-widget-divider--element-align-center elementor-widget elementor-widget-divider\" data-id=\"2439960\" data-element_type=\"widget\" data-e-type=\"widget\" data-widget_type=\"divider.default\">\n\t\t\t\t<div class=\"elementor-widget-container\">\n\t\t\t\t\t\t\t<div class=\"elementor-divider\">\n\t\t\t<span class=\"elementor-divider-separator\">\n\t\t\t\t\t\t\t<div class=\"elementor-icon elementor-divider__element\">\n\t\t\t\t\t<i aria-hidden=\"true\" class=\"fas fa-square-full\"><\/i><\/div>\n\t\t\t\t\t\t<\/span>\n\t\t<\/div>\n\t\t\t\t\t\t<\/div>\n\t\t\t\t<\/div>\n\t\t\t\t<div class=\"elementor-element elementor-element-c211626 elementor-widget elementor-widget-image\" data-id=\"c211626\" data-element_type=\"widget\" data-e-type=\"widget\" data-widget_type=\"image.default\">\n\t\t\t\t<div class=\"elementor-widget-container\">\n\t\t\t\t\t\t\t\t\t\t\t\t\t\t\t\t<a href=\"https:\/\/www.canva.com\/design\/DAHATyup1Ho\/hxO94xnWwTM9GmpL4U1v9A\/view?utm_content=DAHATyup1Ho&#038;utm_campaign=designshare&#038;utm_medium=link2&#038;utm_source=uniquelinks&#038;utlId=h0a0b16fe31\" target=\"_blank\" rel=\"noopener\">\n\t\t\t\t\t\t\t<img fetchpriority=\"high\" decoding=\"async\" width=\"724\" height=\"1024\" src=\"https:\/\/i0.wp.com\/www.lespaillettesvertes.ch\/wp-content\/uploads\/2026\/02\/Catalogue-Entreprise-German.jpg?fit=724%2C1024&amp;ssl=1\" class=\"attachment-large size-large wp-image-57940\" alt=\"\" srcset=\"https:\/\/i0.wp.com\/www.lespaillettesvertes.ch\/wp-content\/uploads\/2026\/02\/Catalogue-Entreprise-German.jpg?w=1414&amp;ssl=1 1414w, https:\/\/i0.wp.com\/www.lespaillettesvertes.ch\/wp-content\/uploads\/2026\/02\/Catalogue-Entreprise-German.jpg?resize=212%2C300&amp;ssl=1 212w, https:\/\/i0.wp.com\/www.lespaillettesvertes.ch\/wp-content\/uploads\/2026\/02\/Catalogue-Entreprise-German.jpg?resize=724%2C1024&amp;ssl=1 724w, https:\/\/i0.wp.com\/www.lespaillettesvertes.ch\/wp-content\/uploads\/2026\/02\/Catalogue-Entreprise-German.jpg?resize=768%2C1086&amp;ssl=1 768w, https:\/\/i0.wp.com\/www.lespaillettesvertes.ch\/wp-content\/uploads\/2026\/02\/Catalogue-Entreprise-German.jpg?resize=1086%2C1536&amp;ssl=1 1086w, https:\/\/i0.wp.com\/www.lespaillettesvertes.ch\/wp-content\/uploads\/2026\/02\/Catalogue-Entreprise-German.jpg?resize=600%2C849&amp;ssl=1 600w\" sizes=\"(max-width: 724px) 100vw, 724px\" \/>\t\t\t\t\t\t\t\t<\/a>\n\t\t\t\t\t\t\t\t\t\t\t\t\t\t\t<\/div>\n\t\t\t\t<\/div>\n\t\t\t\t<div class=\"elementor-element elementor-element-739036e elementor-widget elementor-widget-text-editor\" data-id=\"739036e\" data-element_type=\"widget\" data-e-type=\"widget\" data-widget_type=\"text-editor.default\">\n\t\t\t\t<div class=\"elementor-widget-container\">\n\t\t\t\t\t\t\t\t\t<p><span style=\"color: var( --e-global-color-text ); font-family: var( --e-global-typography-text-font-family ), Sans-serif; font-size: var( --e-global-typography-text-font-size );\">Wir freuen uns, dass unsere Produkte bald auch bei Ihnen erh\u00e4ltlich sind und Sie sie Ihren Kunden anbieten k\u00f6nnen. Gemeinsam werden wir eine starke und erfolgreiche Partnerschaft aufbauen, um Ihren Kunden das Beste zu bieten. <\/span><\/p>\t\t\t\t\t\t\t\t<\/div>\n\t\t\t\t<\/div>\n\t\t\t\t<div class=\"elementor-element elementor-element-5107332 elementor-align-center elementor-widget elementor-widget-button\" data-id=\"5107332\" data-element_type=\"widget\" data-e-type=\"widget\" data-widget_type=\"button.default\">\n\t\t\t\t<div class=\"elementor-widget-container\">\n\t\t\t\t\t\t\t\t\t<div class=\"elementor-button-wrapper\">\n\t\t\t\t\t<a class=\"elementor-button elementor-button-link elementor-size-md\" href=\"https:\/\/www.canva.com\/design\/DAHBe4jSf2Q\/f1RKF_YB5qeP-d77xCO9OQ\/view?utm_content=DAHBe4jSf2Q&#038;utm_campaign=designshare&#038;utm_medium=link2&#038;utm_source=uniquelinks&#038;utlId=hb6cb473186\" target=\"_blank\" rel=\"noopener\">\n\t\t\t\t\t\t<span class=\"elementor-button-content-wrapper\">\n\t\t\t\t\t\t<span class=\"elementor-button-icon\">\n\t\t\t\t<i aria-hidden=\"true\" class=\"far fa-arrow-alt-circle-down\"><\/i>\t\t\t<\/span>\n\t\t\t\t\t\t\t\t\t<span class=\"elementor-button-text\">Laden Sie unseren H\u00e4ndlerkatalog herunter<\/span>\n\t\t\t\t\t<\/span>\n\t\t\t\t\t<\/a>\n\t\t\t\t<\/div>\n\t\t\t\t\t\t\t\t<\/div>\n\t\t\t\t<\/div>\n\t\t\t\t<div class=\"elementor-element elementor-element-abbb18b elementor-align-center elementor-widget elementor-widget-button\" data-id=\"abbb18b\" data-element_type=\"widget\" data-e-type=\"widget\" data-widget_type=\"button.default\">\n\t\t\t\t<div class=\"elementor-widget-container\">\n\t\t\t\t\t\t\t\t\t<div class=\"elementor-button-wrapper\">\n\t\t\t\t\t<a class=\"elementor-button elementor-button-link elementor-size-md\" href=\"https:\/\/www.lespaillettesvertes.ch\/wp-content\/uploads\/2026\/02\/Allgemeine-Geschaftsbedingungen-fur-Wiederverkaufer-2026.pdf\" target=\"_blank\">\n\t\t\t\t\t\t<span class=\"elementor-button-content-wrapper\">\n\t\t\t\t\t\t<span class=\"elementor-button-icon\">\n\t\t\t\t<i aria-hidden=\"true\" class=\"far fa-arrow-alt-circle-down\"><\/i>\t\t\t<\/span>\n\t\t\t\t\t\t\t\t\t<span class=\"elementor-button-text\">Laden Sie unsere Allgemeinen Gesch\u00e4ftsbedingungen herunter<\/span>\n\t\t\t\t\t<\/span>\n\t\t\t\t\t<\/a>\n\t\t\t\t<\/div>\n\t\t\t\t\t\t\t\t<\/div>\n\t\t\t\t<\/div>\n\t\t\t\t<div class=\"elementor-element elementor-element-5b5ac4e elementor-align-center elementor-widget elementor-widget-button\" data-id=\"5b5ac4e\" data-element_type=\"widget\" data-e-type=\"widget\" data-widget_type=\"button.default\">\n\t\t\t\t<div class=\"elementor-widget-container\">\n\t\t\t\t\t\t\t\t\t<div class=\"elementor-button-wrapper\">\n\t\t\t\t\t<a class=\"elementor-button elementor-button-link elementor-size-md\" href=\"https:\/\/www.lespaillettesvertes.ch\/wp-content\/uploads\/2026\/02\/Formulaire-de-commande-Les-Paillettes-Vertes-2026-1.xlsx\" target=\"_blank\">\n\t\t\t\t\t\t<span class=\"elementor-button-content-wrapper\">\n\t\t\t\t\t\t<span class=\"elementor-button-icon\">\n\t\t\t\t<i aria-hidden=\"true\" class=\"far fa-arrow-alt-circle-down\"><\/i>\t\t\t<\/span>\n\t\t\t\t\t\t\t\t\t<span class=\"elementor-button-text\">Laden Sie unser EXCEL-Auftragsformular herunter<\/span>\n\t\t\t\t\t<\/span>\n\t\t\t\t\t<\/a>\n\t\t\t\t<\/div>\n\t\t\t\t\t\t\t\t<\/div>\n\t\t\t\t<\/div>\n\t\t\t\t<div class=\"elementor-element elementor-element-c73aa16 elementor-align-center elementor-widget elementor-widget-button\" data-id=\"c73aa16\" data-element_type=\"widget\" data-e-type=\"widget\" data-widget_type=\"button.default\">\n\t\t\t\t<div class=\"elementor-widget-container\">\n\t\t\t\t\t\t\t\t\t<div class=\"elementor-button-wrapper\">\n\t\t\t\t\t<a class=\"elementor-button elementor-button-link elementor-size-md\" href=\"https:\/\/www.lespaillettesvertes.ch\/wp-content\/uploads\/2026\/02\/Formulaire-de-commande-Les-Paillettes-Vertes-2026-1.pdf\" target=\"_blank\">\n\t\t\t\t\t\t<span class=\"elementor-button-content-wrapper\">\n\t\t\t\t\t\t<span class=\"elementor-button-icon\">\n\t\t\t\t<i aria-hidden=\"true\" class=\"far fa-arrow-alt-circle-down\"><\/i>\t\t\t<\/span>\n\t\t\t\t\t\t\t\t\t<span class=\"elementor-button-text\">Laden Sie unser PDF-Bestellformular herunter<\/span>\n\t\t\t\t\t<\/span>\n\t\t\t\t\t<\/a>\n\t\t\t\t<\/div>\n\t\t\t\t\t\t\t\t<\/div>\n\t\t\t\t<\/div>\n\t\t\t\t\t<\/div>\n\t\t<\/div>\n\t\t\t\t\t<\/div>\n\t\t<\/section>\n\t\t\t\t<\/div>\n\t\t","protected":false},"excerpt":{"rendered":"<p>H\u00e4ndler-Katalog Wir freuen uns, dass unsere Produkte bald auch bei Ihnen erh\u00e4ltlich sind und Sie sie Ihren Kunden anbieten k\u00f6nnen. Gemeinsam werden wir eine starke und erfolgreiche Partnerschaft aufbauen, um Ihren Kunden das Beste zu bieten. Laden Sie unseren H\u00e4ndlerkatalog herunter Laden Sie unsere Allgemeinen Gesch\u00e4ftsbedingungen herunter Laden Sie unser EXCEL-Auftragsformular herunter Laden Sie unser [&hellip;]<\/p>\n","protected":false},"author":5,"featured_media":0,"parent":0,"menu_order":0,"comment_status":"closed","ping_status":"closed","template":"","meta":{"_acf_changed":false,"footnotes":""},"class_list":["post-55749","page","type-page","status-publish","hentry","_wholesalex wsx-wholesalex-product"],"acf":[],"jetpack_sharing_enabled":true,"_links":{"self":[{"href":"https:\/\/www.lespaillettesvertes.ch\/de\/wp-json\/wp\/v2\/pages\/55749","targetHints":{"allow":["GET"]}}],"collection":[{"href":"https:\/\/www.lespaillettesvertes.ch\/de\/wp-json\/wp\/v2\/pages"}],"about":[{"href":"https:\/\/www.lespaillettesvertes.ch\/de\/wp-json\/wp\/v2\/types\/page"}],"author":[{"embeddable":true,"href":"https:\/\/www.lespaillettesvertes.ch\/de\/wp-json\/wp\/v2\/users\/5"}],"replies":[{"embeddable":true,"href":"https:\/\/www.lespaillettesvertes.ch\/de\/wp-json\/wp\/v2\/comments?post=55749"}],"version-history":[{"count":13,"href":"https:\/\/www.lespaillettesvertes.ch\/de\/wp-json\/wp\/v2\/pages\/55749\/revisions"}],"predecessor-version":[{"id":57949,"href":"https:\/\/www.lespaillettesvertes.ch\/de\/wp-json\/wp\/v2\/pages\/55749\/revisions\/57949"}],"wp:attachment":[{"href":"https:\/\/www.lespaillettesvertes.ch\/de\/wp-json\/wp\/v2\/media?parent=55749"}],"curies":[{"name":"wp","href":"https:\/\/api.w.org\/{rel}","templated":true}]}}